{"id":1069,"date":"2017-08-11T15:35:06","date_gmt":"2017-08-11T15:35:06","guid":{"rendered":"http:\/\/www.sandie-brischler.com\/wp\/?page_id=1069"},"modified":"2025-04-24T20:38:49","modified_gmt":"2025-04-24T20:38:49","slug":"2014-body-writing-iv","status":"publish","type":"page","link":"https:\/\/www.sandie-brischler.com\/wp\/?page_id=1069","title":{"rendered":"Body-Writing IV (2014)"},"content":{"rendered":"<p><strong><span style=\"color: #ffff00;\"><a style=\"color: #ffff00;\" href=\"https:\/\/www.sandie-brischler.com\/wp\/?page_id=3615\">ENGLISH HERE<\/a><\/span><\/strong><\/p>\n<p><img loading=\"lazy\" decoding=\"async\" class=\"alignnone wp-image-1388\" src=\"http:\/\/www.sandie-brischler.com\/wp\/wp-content\/uploads\/2017\/08\/BDIV1-300x225.jpg\" alt=\"\" width=\"779\" height=\"584\" srcset=\"https:\/\/www.sandie-brischler.com\/wp\/wp-content\/uploads\/2017\/08\/BDIV1-300x225.jpg 300w, https:\/\/www.sandie-brischler.com\/wp\/wp-content\/uploads\/2017\/08\/BDIV1-768x576.jpg 768w, https:\/\/www.sandie-brischler.com\/wp\/wp-content\/uploads\/2017\/08\/BDIV1-1024x768.jpg 1024w, https:\/\/www.sandie-brischler.com\/wp\/wp-content\/uploads\/2017\/08\/BDIV1.jpg 1453w\" sizes=\"auto, (max-width: 779px) 100vw, 779px\" \/><\/p>\n<p>Dans la suite des performances r\u00e9alis\u00e9es sur le th\u00e8me du corps et de l\u00b4\u00e9criture, <em><strong>Body- Writing IV<\/strong><\/em> explore cette fois le corps en suspension et ses possibilit\u00e9s \u00e0 s\u00b4\u00e9crire et s\u00b4inscrire par un processus graphique, dans un autre rapport \u00e0 l\u2019espace.<\/p>\n<p>Dans cette red\u00e9finition spatiale, cette quatri\u00e8me performance de la s\u00e9rie \u00ab\u00a0<em>Body-Writing<\/em>\u00a0\u00bb est une recherche entre apesanteur, centre de gravit\u00e9 et p\u00e9riph\u00e9rie, l\u00e9vitation et suspension, o\u00f9 le corps exp\u00e9rimente ses limites et ses possibilit\u00e9s d\u00b4expression par le moyen de la trace graphique et de la danse a\u00e9rienne.<\/p>\n<p><img loading=\"lazy\" decoding=\"async\" class=\"alignnone wp-image-1379\" src=\"http:\/\/www.sandie-brischler.com\/wp\/wp-content\/uploads\/2017\/08\/BD-IV-3-300x196.jpg\" alt=\"\" width=\"660\" height=\"431\" srcset=\"https:\/\/www.sandie-brischler.com\/wp\/wp-content\/uploads\/2017\/08\/BD-IV-3-300x196.jpg 300w, https:\/\/www.sandie-brischler.com\/wp\/wp-content\/uploads\/2017\/08\/BD-IV-3-768x502.jpg 768w, https:\/\/www.sandie-brischler.com\/wp\/wp-content\/uploads\/2017\/08\/BD-IV-3.jpg 960w\" sizes=\"auto, (max-width: 660px) 100vw, 660px\" \/><\/p>\n<p><img loading=\"lazy\" decoding=\"async\" class=\"alignnone wp-image-1378\" src=\"http:\/\/www.sandie-brischler.com\/wp\/wp-content\/uploads\/2017\/08\/BD-IV-2-201x300.jpg\" alt=\"\" width=\"296\" height=\"442\" srcset=\"https:\/\/www.sandie-brischler.com\/wp\/wp-content\/uploads\/2017\/08\/BD-IV-2-201x300.jpg 201w, https:\/\/www.sandie-brischler.com\/wp\/wp-content\/uploads\/2017\/08\/BD-IV-2.jpg 642w\" sizes=\"auto, (max-width: 296px) 100vw, 296px\" \/>\u00a0\u00a0\u00a0\u00a0\u00a0\u00a0\u00a0\u00a0\u00a0\u00a0\u00a0\u00a0 <img loading=\"lazy\" decoding=\"async\" class=\"alignnone wp-image-1380\" src=\"http:\/\/www.sandie-brischler.com\/wp\/wp-content\/uploads\/2017\/08\/BD-IV-5-205x300.jpg\" alt=\"\" width=\"301\" height=\"440\" srcset=\"https:\/\/www.sandie-brischler.com\/wp\/wp-content\/uploads\/2017\/08\/BD-IV-5-205x300.jpg 205w, https:\/\/www.sandie-brischler.com\/wp\/wp-content\/uploads\/2017\/08\/BD-IV-5.jpg 657w\" sizes=\"auto, (max-width: 301px) 100vw, 301px\" \/><\/p>\n<p><img loading=\"lazy\" decoding=\"async\" class=\"alignnone wp-image-1383\" src=\"http:\/\/www.sandie-brischler.com\/wp\/wp-content\/uploads\/2017\/08\/BD-IV-8-201x300.jpg\" alt=\"\" width=\"298\" height=\"445\" srcset=\"https:\/\/www.sandie-brischler.com\/wp\/wp-content\/uploads\/2017\/08\/BD-IV-8-201x300.jpg 201w, https:\/\/www.sandie-brischler.com\/wp\/wp-content\/uploads\/2017\/08\/BD-IV-8.jpg 642w\" sizes=\"auto, (max-width: 298px) 100vw, 298px\" \/>\u00a0\u00a0\u00a0\u00a0\u00a0\u00a0\u00a0\u00a0\u00a0\u00a0\u00a0 <img loading=\"lazy\" decoding=\"async\" class=\"alignnone wp-image-1389\" src=\"http:\/\/www.sandie-brischler.com\/wp\/wp-content\/uploads\/2017\/08\/BDIV2-201x300.jpg\" alt=\"\" width=\"298\" height=\"445\" srcset=\"https:\/\/www.sandie-brischler.com\/wp\/wp-content\/uploads\/2017\/08\/BDIV2-201x300.jpg 201w, https:\/\/www.sandie-brischler.com\/wp\/wp-content\/uploads\/2017\/08\/BDIV2-686x1024.jpg 686w, https:\/\/www.sandie-brischler.com\/wp\/wp-content\/uploads\/2017\/08\/BDIV2.jpg 687w\" sizes=\"auto, (max-width: 298px) 100vw, 298px\" \/><\/p>\n<h2>VIDEO:<\/h2>\n<div class=\"jetpack-video-wrapper\"><iframe loading=\"lazy\" title=\"BODY-WRITING IV, performance Sandie Brischler (2014)\" width=\"700\" height=\"525\" src=\"https:\/\/www.youtube.com\/embed\/hOsC_7srHE4?feature=oembed\" frameborder=\"0\" allow=\"accelerometer; autoplay; clipboard-write; encrypted-media; gyroscope; picture-in-picture; web-share\" referrerpolicy=\"strict-origin-when-cross-origin\" allowfullscreen><\/iframe><\/div>\n<p><img loading=\"lazy\" decoding=\"async\" class=\"wp-image-1392 aligncenter\" src=\"http:\/\/www.sandie-brischler.com\/wp\/wp-content\/uploads\/2017\/08\/BDIV7-225x300.jpg\" alt=\"\" width=\"525\" height=\"700\" srcset=\"https:\/\/www.sandie-brischler.com\/wp\/wp-content\/uploads\/2017\/08\/BDIV7-225x300.jpg 225w, https:\/\/www.sandie-brischler.com\/wp\/wp-content\/uploads\/2017\/08\/BDIV7.jpg 629w\" sizes=\"auto, (max-width: 525px) 100vw, 525px\" \/><\/p>\n","protected":false},"excerpt":{"rendered":"<p>ENGLISH HERE Dans la suite des performances r\u00e9alis\u00e9es sur le th\u00e8me du corps et de l\u00b4\u00e9criture, Body- Writing IV explore cette fois le corps en suspension et ses possibilit\u00e9s \u00e0 s\u00b4\u00e9crire et s\u00b4inscrire par un processus graphique, dans un autre rapport \u00e0 l\u2019espace. Dans cette red\u00e9finition spatiale, cette quatri\u00e8me performance&hellip;<a class=\"read-more\" href=\"https:\/\/www.sandie-brischler.com\/wp\/?page_id=1069\" rel=\"bookmark\">Continue Reading<\/a><\/p>\n","protected":false},"author":2,"featured_media":0,"parent":0,"menu_order":0,"comment_status":"closed","ping_status":"closed","template":"","meta":{"footnotes":""},"tags":[],"class_list":["post-1069","page","type-page","status-publish","hentry"],"jetpack_sharing_enabled":true,"_links":{"self":[{"href":"https:\/\/www.sandie-brischler.com\/wp\/index.php?rest_route=\/wp\/v2\/pages\/1069","targetHints":{"allow":["GET"]}}],"collection":[{"href":"https:\/\/www.sandie-brischler.com\/wp\/index.php?rest_route=\/wp\/v2\/pages"}],"about":[{"href":"https:\/\/www.sandie-brischler.com\/wp\/index.php?rest_route=\/wp\/v2\/types\/page"}],"author":[{"embeddable":true,"href":"https:\/\/www.sandie-brischler.com\/wp\/index.php?rest_route=\/wp\/v2\/users\/2"}],"replies":[{"embeddable":true,"href":"https:\/\/www.sandie-brischler.com\/wp\/index.php?rest_route=%2Fwp%2Fv2%2Fcomments&post=1069"}],"version-history":[{"count":1,"href":"https:\/\/www.sandie-brischler.com\/wp\/index.php?rest_route=\/wp\/v2\/pages\/1069\/revisions"}],"predecessor-version":[{"id":3618,"href":"https:\/\/www.sandie-brischler.com\/wp\/index.php?rest_route=\/wp\/v2\/pages\/1069\/revisions\/3618"}],"wp:attachment":[{"href":"https:\/\/www.sandie-brischler.com\/wp\/index.php?rest_route=%2Fwp%2Fv2%2Fmedia&parent=1069"}],"wp:term":[{"taxonomy":"post_tag","embeddable":true,"href":"https:\/\/www.sandie-brischler.com\/wp\/index.php?rest_route=%2Fwp%2Fv2%2Ftags&post=1069"}],"curies":[{"name":"wp","href":"https:\/\/api.w.org\/{rel}","templated":true}]}}