{"id":1297,"date":"2017-08-12T15:22:17","date_gmt":"2017-08-12T15:22:17","guid":{"rendered":"http:\/\/www.sandie-brischler.com\/wp\/?page_id=1297"},"modified":"2024-06-21T08:45:43","modified_gmt":"2024-06-21T08:45:43","slug":"les-visages","status":"publish","type":"page","link":"https:\/\/www.sandie-brischler.com\/wp\/?page_id=1297","title":{"rendered":"les Visages (2002-2006)"},"content":{"rendered":"<p><strong><em>\u00ab\u00a0les Visages<\/em>\u00ab\u00a0<\/strong> (<em>Faces<\/em>) est un projet issu d&rsquo;un long processus, qui s&rsquo;est r\u00e9alis\u00e9 en plusieurs phases et sur plusieurs ann\u00e9es. Ce projet a \u00e9t\u00e9 r\u00e9alis\u00e9 avec la participation de Jan laurens Siesling.<\/p>\n<p>En premier lieu, ce travail rel\u00e8ve d&rsquo;un rituel : Rituel qui consiste \u00e0 r\u00e9aliser chaque jour, \u00e0 la m\u00eame heure, le moulage d&rsquo;un visage sur mod\u00e8le vivant (toujours le m\u00eame visage) en pl\u00e2tre, bandages et bandes pl\u00e2tr\u00e9es.<\/p>\n<p>Les moulages ainsi r\u00e9alis\u00e9s,\u00a0 comme des \u00ab\u00a0photographies concr\u00e8tes\u00a0\u00bb,\u00a0 se sont accumul\u00e9s avec le temps. Leur nombre grandissant (150 au final) a fait l&rsquo;objet d&rsquo;une s\u00e9rie d&rsquo;installations en France et \u00e0 l&rsquo;\u00e9tranger, dans des \u00ab\u00a0Hauts-Lieux\u00a0\u00bb (basiliques, \u00e9glises, cimeti\u00e8res, lieux de m\u00e9moire et de cons\u00e9cration) mais aussi dans des environnements naturels, qu&rsquo;ils ont habit\u00e9s un instant.<\/p>\n<p>Le projet et ses suites sont \u00e0 voir sous forme d&rsquo;une s\u00e9rie de photos, de vid\u00e9os de chaque installation, mais \u00e9galement de production de textes et po\u00e8mes \u00e9crits par Jan Laurens Siesling (mod\u00e8le-performer).<\/p>\n<p>&nbsp;<\/p>\n<p><img loading=\"lazy\" decoding=\"async\" class=\"wp-image-1344 aligncenter\" src=\"http:\/\/www.sandie-brischler.com\/wp\/wp-content\/uploads\/2017\/08\/pic-236-300x200.jpg\" alt=\"\" width=\"770\" height=\"513\" srcset=\"https:\/\/www.sandie-brischler.com\/wp\/wp-content\/uploads\/2017\/08\/pic-236-300x200.jpg 300w, https:\/\/www.sandie-brischler.com\/wp\/wp-content\/uploads\/2017\/08\/pic-236.jpg 563w\" sizes=\"auto, (max-width: 770px) 100vw, 770px\" \/><\/p>\n<p><img loading=\"lazy\" decoding=\"async\" class=\"wp-image-1342 aligncenter\" src=\"http:\/\/www.sandie-brischler.com\/wp\/wp-content\/uploads\/2017\/08\/pic-145-300x225.jpg\" alt=\"\" width=\"768\" height=\"576\" srcset=\"https:\/\/www.sandie-brischler.com\/wp\/wp-content\/uploads\/2017\/08\/pic-145-300x225.jpg 300w, https:\/\/www.sandie-brischler.com\/wp\/wp-content\/uploads\/2017\/08\/pic-145.jpg 450w\" sizes=\"auto, (max-width: 768px) 100vw, 768px\" \/><\/p>\n<p>&nbsp;<\/p>\n<p><em>(Installations, lieux vari\u00e9s)<\/em><\/p>\n<p><img loading=\"lazy\" decoding=\"async\" class=\"alignnone wp-image-1343\" src=\"http:\/\/www.sandie-brischler.com\/wp\/wp-content\/uploads\/2017\/08\/pic-202-225x300.jpg\" alt=\"\" width=\"317\" height=\"423\" srcset=\"https:\/\/www.sandie-brischler.com\/wp\/wp-content\/uploads\/2017\/08\/pic-202-225x300.jpg 225w, https:\/\/www.sandie-brischler.com\/wp\/wp-content\/uploads\/2017\/08\/pic-202.jpg 281w\" sizes=\"auto, (max-width: 317px) 100vw, 317px\" \/>\u00a0\u00a0\u00a0\u00a0\u00a0\u00a0\u00a0\u00a0\u00a0 <img loading=\"lazy\" decoding=\"async\" class=\"alignnone wp-image-1334\" src=\"http:\/\/www.sandie-brischler.com\/wp\/wp-content\/uploads\/2017\/08\/214b0fe2f7-225x300.gif\" alt=\"\" width=\"318\" height=\"424\" \/><\/p>\n<p><img loading=\"lazy\" decoding=\"async\" class=\"alignnone wp-image-1347\" src=\"http:\/\/www.sandie-brischler.com\/wp\/wp-content\/uploads\/2017\/08\/pic-316-226x300.jpg\" alt=\"\" width=\"320\" height=\"425\" srcset=\"https:\/\/www.sandie-brischler.com\/wp\/wp-content\/uploads\/2017\/08\/pic-316-226x300.jpg 226w, https:\/\/www.sandie-brischler.com\/wp\/wp-content\/uploads\/2017\/08\/pic-316.jpg 282w\" sizes=\"auto, (max-width: 320px) 100vw, 320px\" \/>\u00a0\u00a0\u00a0 \u00a0 \u00a0 \u00a0\u00a0 <img loading=\"lazy\" decoding=\"async\" class=\"alignnone wp-image-1335\" src=\"http:\/\/www.sandie-brischler.com\/wp\/wp-content\/uploads\/2017\/08\/265c303c4a-225x300.jpg\" alt=\"\" width=\"315\" height=\"420\" srcset=\"https:\/\/www.sandie-brischler.com\/wp\/wp-content\/uploads\/2017\/08\/265c303c4a-225x300.jpg 225w, https:\/\/www.sandie-brischler.com\/wp\/wp-content\/uploads\/2017\/08\/265c303c4a.jpg 449w\" sizes=\"auto, (max-width: 315px) 100vw, 315px\" \/><\/p>\n<p>&nbsp;<\/p>\n<div id='gallery-1' class='gallery galleryid-1297 gallery-columns-2 gallery-size-medium'><figure class='gallery-item'>\n\t\t\t<div class='gallery-icon landscape'>\n\t\t\t\t<a href='https:\/\/www.sandie-brischler.com\/wp\/?attachment_id=1345'><img loading=\"lazy\" decoding=\"async\" width=\"300\" height=\"225\" src=\"https:\/\/www.sandie-brischler.com\/wp\/wp-content\/uploads\/2017\/08\/pic-250-300x225.jpg\" class=\"attachment-medium size-medium\" alt=\"\" srcset=\"https:\/\/www.sandie-brischler.com\/wp\/wp-content\/uploads\/2017\/08\/pic-250-300x225.jpg 300w, https:\/\/www.sandie-brischler.com\/wp\/wp-content\/uploads\/2017\/08\/pic-250.jpg 501w\" sizes=\"auto, (max-width: 300px) 100vw, 300px\" \/><\/a>\n\t\t\t<\/div><\/figure><figure class='gallery-item'>\n\t\t\t<div class='gallery-icon landscape'>\n\t\t\t\t<a href='https:\/\/www.sandie-brischler.com\/wp\/?attachment_id=1341'><img loading=\"lazy\" decoding=\"async\" width=\"300\" height=\"225\" src=\"https:\/\/www.sandie-brischler.com\/wp\/wp-content\/uploads\/2017\/08\/ca8ef0de3e-300x225.gif\" class=\"attachment-medium size-medium\" alt=\"\" \/><\/a>\n\t\t\t<\/div><\/figure><figure class='gallery-item'>\n\t\t\t<div class='gallery-icon landscape'>\n\t\t\t\t<a href='https:\/\/www.sandie-brischler.com\/wp\/?attachment_id=1346'><img loading=\"lazy\" decoding=\"async\" width=\"300\" height=\"225\" src=\"https:\/\/www.sandie-brischler.com\/wp\/wp-content\/uploads\/2017\/08\/pic-274-300x225.jpg\" class=\"attachment-medium size-medium\" alt=\"\" srcset=\"https:\/\/www.sandie-brischler.com\/wp\/wp-content\/uploads\/2017\/08\/pic-274-300x225.jpg 300w, https:\/\/www.sandie-brischler.com\/wp\/wp-content\/uploads\/2017\/08\/pic-274-768x575.jpg 768w, https:\/\/www.sandie-brischler.com\/wp\/wp-content\/uploads\/2017\/08\/pic-274-600x449.jpg 600w, https:\/\/www.sandie-brischler.com\/wp\/wp-content\/uploads\/2017\/08\/pic-274.jpg 800w\" sizes=\"auto, (max-width: 300px) 100vw, 300px\" \/><\/a>\n\t\t\t<\/div><\/figure><figure class='gallery-item'>\n\t\t\t<div class='gallery-icon landscape'>\n\t\t\t\t<a href='https:\/\/www.sandie-brischler.com\/wp\/?attachment_id=1340'><img loading=\"lazy\" decoding=\"async\" width=\"300\" height=\"184\" src=\"https:\/\/www.sandie-brischler.com\/wp\/wp-content\/uploads\/2017\/08\/b808b45833-300x184.jpg\" class=\"attachment-medium size-medium\" alt=\"\" srcset=\"https:\/\/www.sandie-brischler.com\/wp\/wp-content\/uploads\/2017\/08\/b808b45833-300x184.jpg 300w, https:\/\/www.sandie-brischler.com\/wp\/wp-content\/uploads\/2017\/08\/b808b45833-768x471.jpg 768w, https:\/\/www.sandie-brischler.com\/wp\/wp-content\/uploads\/2017\/08\/b808b45833-600x368.jpg 600w, https:\/\/www.sandie-brischler.com\/wp\/wp-content\/uploads\/2017\/08\/b808b45833.jpg 800w\" sizes=\"auto, (max-width: 300px) 100vw, 300px\" \/><\/a>\n\t\t\t<\/div><\/figure><figure class='gallery-item'>\n\t\t\t<div class='gallery-icon landscape'>\n\t\t\t\t<a href='https:\/\/www.sandie-brischler.com\/wp\/?attachment_id=1339'><img loading=\"lazy\" decoding=\"async\" width=\"300\" height=\"225\" src=\"https:\/\/www.sandie-brischler.com\/wp\/wp-content\/uploads\/2017\/08\/aad78f35ce-300x225.jpg\" class=\"attachment-medium size-medium\" alt=\"\" srcset=\"https:\/\/www.sandie-brischler.com\/wp\/wp-content\/uploads\/2017\/08\/aad78f35ce-300x225.jpg 300w, https:\/\/www.sandie-brischler.com\/wp\/wp-content\/uploads\/2017\/08\/aad78f35ce-768x575.jpg 768w, https:\/\/www.sandie-brischler.com\/wp\/wp-content\/uploads\/2017\/08\/aad78f35ce-600x449.jpg 600w, https:\/\/www.sandie-brischler.com\/wp\/wp-content\/uploads\/2017\/08\/aad78f35ce.jpg 800w\" sizes=\"auto, (max-width: 300px) 100vw, 300px\" \/><\/a>\n\t\t\t<\/div><\/figure><figure class='gallery-item'>\n\t\t\t<div class='gallery-icon landscape'>\n\t\t\t\t<a href='https:\/\/www.sandie-brischler.com\/wp\/?attachment_id=1337'><img loading=\"lazy\" decoding=\"async\" width=\"300\" height=\"225\" src=\"https:\/\/www.sandie-brischler.com\/wp\/wp-content\/uploads\/2017\/08\/93689a8e63-300x225.jpg\" class=\"attachment-medium size-medium\" alt=\"\" srcset=\"https:\/\/www.sandie-brischler.com\/wp\/wp-content\/uploads\/2017\/08\/93689a8e63-300x225.jpg 300w, https:\/\/www.sandie-brischler.com\/wp\/wp-content\/uploads\/2017\/08\/93689a8e63-768x575.jpg 768w, https:\/\/www.sandie-brischler.com\/wp\/wp-content\/uploads\/2017\/08\/93689a8e63-600x449.jpg 600w, https:\/\/www.sandie-brischler.com\/wp\/wp-content\/uploads\/2017\/08\/93689a8e63.jpg 800w\" sizes=\"auto, (max-width: 300px) 100vw, 300px\" \/><\/a>\n\t\t\t<\/div><\/figure><figure class='gallery-item'>\n\t\t\t<div class='gallery-icon landscape'>\n\t\t\t\t<a href='https:\/\/www.sandie-brischler.com\/wp\/?attachment_id=1338'><img loading=\"lazy\" decoding=\"async\" width=\"300\" height=\"225\" src=\"https:\/\/www.sandie-brischler.com\/wp\/wp-content\/uploads\/2017\/08\/a2ee3774d5-300x225.gif\" class=\"attachment-medium size-medium\" alt=\"\" \/><\/a>\n\t\t\t<\/div><\/figure><figure class='gallery-item'>\n\t\t\t<div class='gallery-icon landscape'>\n\t\t\t\t<a href='https:\/\/www.sandie-brischler.com\/wp\/?attachment_id=1342'><img loading=\"lazy\" decoding=\"async\" width=\"300\" height=\"225\" src=\"https:\/\/www.sandie-brischler.com\/wp\/wp-content\/uploads\/2017\/08\/pic-145-300x225.jpg\" class=\"attachment-medium size-medium\" alt=\"\" srcset=\"https:\/\/www.sandie-brischler.com\/wp\/wp-content\/uploads\/2017\/08\/pic-145-300x225.jpg 300w, https:\/\/www.sandie-brischler.com\/wp\/wp-content\/uploads\/2017\/08\/pic-145.jpg 450w\" sizes=\"auto, (max-width: 300px) 100vw, 300px\" \/><\/a>\n\t\t\t<\/div><\/figure>\n\t\t<\/div>\n\n","protected":false},"excerpt":{"rendered":"<p>\u00ab\u00a0les Visages\u00ab\u00a0 (Faces) est un projet issu d&rsquo;un long processus, qui s&rsquo;est r\u00e9alis\u00e9 en plusieurs phases et sur plusieurs ann\u00e9es. Ce projet a \u00e9t\u00e9 r\u00e9alis\u00e9 avec la participation de Jan laurens Siesling. En premier lieu, ce travail rel\u00e8ve d&rsquo;un rituel : Rituel qui consiste \u00e0 r\u00e9aliser chaque jour, \u00e0 la&hellip;<a class=\"read-more\" href=\"https:\/\/www.sandie-brischler.com\/wp\/?page_id=1297\" rel=\"bookmark\">Continue Reading<\/a><\/p>\n","protected":false},"author":2,"featured_media":0,"parent":0,"menu_order":0,"comment_status":"closed","ping_status":"closed","template":"","meta":{"footnotes":""},"tags":[],"class_list":["post-1297","page","type-page","status-publish","hentry"],"jetpack_sharing_enabled":true,"_links":{"self":[{"href":"https:\/\/www.sandie-brischler.com\/wp\/index.php?rest_route=\/wp\/v2\/pages\/1297","targetHints":{"allow":["GET"]}}],"collection":[{"href":"https:\/\/www.sandie-brischler.com\/wp\/index.php?rest_route=\/wp\/v2\/pages"}],"about":[{"href":"https:\/\/www.sandie-brischler.com\/wp\/index.php?rest_route=\/wp\/v2\/types\/page"}],"author":[{"embeddable":true,"href":"https:\/\/www.sandie-brischler.com\/wp\/index.php?rest_route=\/wp\/v2\/users\/2"}],"replies":[{"embeddable":true,"href":"https:\/\/www.sandie-brischler.com\/wp\/index.php?rest_route=%2Fwp%2Fv2%2Fcomments&post=1297"}],"version-history":[{"count":0,"href":"https:\/\/www.sandie-brischler.com\/wp\/index.php?rest_route=\/wp\/v2\/pages\/1297\/revisions"}],"wp:attachment":[{"href":"https:\/\/www.sandie-brischler.com\/wp\/index.php?rest_route=%2Fwp%2Fv2%2Fmedia&parent=1297"}],"wp:term":[{"taxonomy":"post_tag","embeddable":true,"href":"https:\/\/www.sandie-brischler.com\/wp\/index.php?rest_route=%2Fwp%2Fv2%2Ftags&post=1297"}],"curies":[{"name":"wp","href":"https:\/\/api.w.org\/{rel}","templated":true}]}}