{"id":1303,"date":"2017-08-12T15:25:21","date_gmt":"2017-08-12T15:25:21","guid":{"rendered":"http:\/\/www.sandie-brischler.com\/wp\/?page_id=1303"},"modified":"2024-06-21T09:16:15","modified_gmt":"2024-06-21T09:16:15","slug":"icono-stase-film-experimental-2004","status":"publish","type":"page","link":"https:\/\/www.sandie-brischler.com\/wp\/?page_id=1303","title":{"rendered":"Iconostase, film exp\u00e9rimental (2004)"},"content":{"rendered":"<div id=\"c123\" class=\"csc-default\"><\/div>\n<div id=\"c125\" class=\"csc-default\">\n<div class=\"csc-textpic csc-textpic-left csc-textpic-above csc-textpic-border\">\n<div class=\"csc-textpic-text\">\n<h2><strong>Iconostase, film exp\u00e9rimental (2004)<\/strong><\/h2>\n<ul>\n<li>\n<h3><strong>\u0152uvres plastiques \/ objets \/ dessins \/ photographies \/ installation: Sandie Brischler<\/strong><\/h3>\n<\/li>\n<li>\n<h3><strong style=\"font-family: Alegreya, Georgia, serif;\">Cam\u00e9ra, montage, r\u00e9alisation: Sandie Brischler &#8211; Bande sonore: Sandie Brischler &amp; Jan laurens Siesling<\/strong><\/h3>\n<\/li>\n<li>\n<h3><strong style=\"font-family: Alegreya, Georgia, serif;\">Mod\u00e8le et performer\u00a0: Jan Laurens Siesling<\/strong><\/h3>\n<\/li>\n<li>\n<h3><strong style=\"font-family: Alegreya, Georgia, serif;\">Textes: Jan laurens Siesling<\/strong><\/h3>\n<\/li>\n<\/ul>\n<p>&nbsp;<\/p>\n<h3><strong><img loading=\"lazy\" decoding=\"async\" class=\"alignnone size-full wp-image-955\" src=\"http:\/\/www.sandie-brischler.com\/wp\/wp-content\/uploads\/2017\/05\/Icono-Stase__experimental_Film__9_.jpg\" alt=\"\" width=\"448\" height=\"600\" srcset=\"https:\/\/www.sandie-brischler.com\/wp\/wp-content\/uploads\/2017\/05\/Icono-Stase__experimental_Film__9_.jpg 448w, https:\/\/www.sandie-brischler.com\/wp\/wp-content\/uploads\/2017\/05\/Icono-Stase__experimental_Film__9_-224x300.jpg 224w\" sizes=\"auto, (max-width: 448px) 100vw, 448px\" \/><\/strong><\/h3>\n<\/div>\n<\/div>\n<\/div>\n<h3>&#8211;<\/h3>\n<div id=\"c125\" class=\"csc-default\">\n<div class=\"csc-textpic csc-textpic-left csc-textpic-above csc-textpic-border\">\n<div class=\"csc-textpic-text\">\n<h3>Projet Iconostase<\/h3>\n<\/div>\n<div><em>Iconostase,<\/em> c\u2019est au d\u00e9part une \u00ab\u00a0installation iconographique\u00a0\u00bb r\u00e9alis\u00e9e en r\u00e9sidence au Centre d\u2019Art de la Pommerie (Corr\u00e8ze, France), en 2004.\u00a0<span style=\"font-size: 1rem;\">L\u2019installation repr\u00e9sente une s\u00e9rie de 12 \u00ab\u00a0Icones\u00a0\u00bb avec \u00ab\u00a0reliques\u00a0\u00bb, qui sont des photographies dans une boite en bois, comportant des objets-souvenirs. La s\u00e9rie des 12 images s\u2019enchainent dans un ordre logique et rappellent les douze stations d\u2019un chemin de croix.<\/span><\/div>\n<\/div>\n<\/div>\n<div><\/div>\n<div id=\"c125\" class=\"csc-default\">\n<div class=\"csc-textpic csc-textpic-left csc-textpic-above csc-textpic-border\">\n<div class=\"csc-textpic-text\">\n<p>L\u2019installation de ces ic\u00f4nes dans le Centre d\u2019Art de la Pommerie a pris une forme multidimensionnelle et pluridisciplinaire, qui a engendr\u00e9 dans l\u2019espace la pr\u00e9sence d\u2019autres \u0153uvres plastiques et photographiques, ainsi que des recherches sonores et performatives. Les images sont devenues vivantes \u00e0 travers la performance, le corps et la voix, les mots, la po\u00e9sie et les exp\u00e9riences sonores. L\u2019espace est devenu le cadre d\u2019une histoire.<\/p>\n<p>L\u2019ensemble a \u00e9t\u00e9 r\u00e9uni et reconstruit dans une \u0153uvre unique, un film exp\u00e9rimental de 20 min, le film \u00ab\u00a0<em>Iconostase\u00a0<\/em>\u00bb.<\/p>\n<h3><span style=\"font-family: Alegreya, Georgia, serif;\">Le film<\/span><\/h3>\n<\/div>\n<div class=\"csc-textpic-text\">\n<p>Ce film conduit le spectateur au c\u0153ur de l\u2019inconscient, \u00e0 travers une galerie d\u2019images fixes, d&rsquo;images mobiles, de photographies, de symboles, tous mu\u00e9s par la pr\u00e9sence du corps.<\/p>\n<\/div>\n<div><\/div>\n<div class=\"csc-textpic-text\">\n<p><em>Une \u00e9tude du mouvement et de la lenteur&#8230;<\/em><\/p>\n<p>Cette vid\u00e9o peut \u00eatre interpr\u00e9t\u00e9e comme une chor\u00e9graphie entre images et corps\u00a0: Corps humains, corps artificiels, corps cass\u00e9s, jouant entre la pr\u00e9sence et l\u2019absence, le son et le silence, le mouvement et l\u2019immobilit\u00e9, l\u2019inconscient et la conscience. La lente balance du mouvement est partout, donnant le rythme \u00e0 ce voyage vers l\u2019inconnu.<\/p>\n<p>La pr\u00e9sence du corps et de ses mouvements se place dans un contexte symbolique\u00a0: Le corps et ses tentatives, tentatives de marcher, tentatives de toucher, de voir, d\u2019exister. La progression de ce corps, avec la cam\u00e9ra, chaque tentative de mouvement, le mouvement des sons eux-m\u00eames, des mots ou des voix, comme pour mat\u00e9rialiser chaque \u00e9tape du film, tout bouge de mani\u00e8re imperceptible mais constante, comme la lente \u00e9volution de chaque image dans le mouvement permanent d\u2019une chose absolue, une tension, une histoire, le souvenir d\u2019une existence, un sens aigu de la perception et des sentiments, ou les mouvements inconscients de notre \u00eatre profond, qui nous parle d\u2019amour et de souffrance\u2026<\/p>\n<\/div>\n<\/div>\n<\/div>\n<div id=\"c125\" class=\"csc-default\">\n<div class=\"csc-textpic csc-textpic-left csc-textpic-above csc-textpic-border\">\n<div><em>(text in english below)\u00a0<span style=\"font-size: 1rem;\">\u00a0<\/span><\/em><\/div>\n<\/div>\n<\/div>\n<div><\/div>\n<div><\/div>\n<div id=\"c125\" class=\"csc-default\">\n<div class=\"csc-textpic csc-textpic-left csc-textpic-above csc-textpic-border\">\n<div>\n<p>&nbsp;<\/p>\n<div id='gallery-1' class='gallery galleryid-1303 gallery-columns-2 gallery-size-medium'><figure class='gallery-item'>\n\t\t\t<div class='gallery-icon landscape'>\n\t\t\t\t<a href='https:\/\/www.sandie-brischler.com\/wp\/?attachment_id=953'><img loading=\"lazy\" decoding=\"async\" width=\"300\" height=\"225\" src=\"https:\/\/www.sandie-brischler.com\/wp\/wp-content\/uploads\/2017\/05\/Icono-Stase__experimental_Film__7_-300x225.jpg\" class=\"attachment-medium size-medium\" alt=\"\" srcset=\"https:\/\/www.sandie-brischler.com\/wp\/wp-content\/uploads\/2017\/05\/Icono-Stase__experimental_Film__7_-300x225.jpg 300w, https:\/\/www.sandie-brischler.com\/wp\/wp-content\/uploads\/2017\/05\/Icono-Stase__experimental_Film__7_-600x450.jpg 600w, https:\/\/www.sandie-brischler.com\/wp\/wp-content\/uploads\/2017\/05\/Icono-Stase__experimental_Film__7_.jpg 640w\" sizes=\"auto, (max-width: 300px) 100vw, 300px\" \/><\/a>\n\t\t\t<\/div><\/figure><figure class='gallery-item'>\n\t\t\t<div class='gallery-icon portrait'>\n\t\t\t\t<a href='https:\/\/www.sandie-brischler.com\/wp\/?attachment_id=947'><img loading=\"lazy\" decoding=\"async\" width=\"224\" height=\"300\" src=\"https:\/\/www.sandie-brischler.com\/wp\/wp-content\/uploads\/2017\/05\/Icono-Stase__experimental_Film__1_-224x300.jpg\" class=\"attachment-medium size-medium\" alt=\"\" srcset=\"https:\/\/www.sandie-brischler.com\/wp\/wp-content\/uploads\/2017\/05\/Icono-Stase__experimental_Film__1_-224x300.jpg 224w, https:\/\/www.sandie-brischler.com\/wp\/wp-content\/uploads\/2017\/05\/Icono-Stase__experimental_Film__1_.jpg 448w\" sizes=\"auto, (max-width: 224px) 100vw, 224px\" \/><\/a>\n\t\t\t<\/div><\/figure><figure class='gallery-item'>\n\t\t\t<div class='gallery-icon landscape'>\n\t\t\t\t<a href='https:\/\/www.sandie-brischler.com\/wp\/?attachment_id=954'><img loading=\"lazy\" decoding=\"async\" width=\"300\" height=\"225\" src=\"https:\/\/www.sandie-brischler.com\/wp\/wp-content\/uploads\/2017\/05\/Icono-Stase__experimental_Film__8_-300x225.jpg\" class=\"attachment-medium size-medium\" alt=\"\" srcset=\"https:\/\/www.sandie-brischler.com\/wp\/wp-content\/uploads\/2017\/05\/Icono-Stase__experimental_Film__8_-300x225.jpg 300w, https:\/\/www.sandie-brischler.com\/wp\/wp-content\/uploads\/2017\/05\/Icono-Stase__experimental_Film__8_-600x450.jpg 600w, https:\/\/www.sandie-brischler.com\/wp\/wp-content\/uploads\/2017\/05\/Icono-Stase__experimental_Film__8_.jpg 640w\" sizes=\"auto, (max-width: 300px) 100vw, 300px\" \/><\/a>\n\t\t\t<\/div><\/figure><figure class='gallery-item'>\n\t\t\t<div class='gallery-icon portrait'>\n\t\t\t\t<a href='https:\/\/www.sandie-brischler.com\/wp\/?attachment_id=958'><img loading=\"lazy\" decoding=\"async\" width=\"224\" height=\"300\" src=\"https:\/\/www.sandie-brischler.com\/wp\/wp-content\/uploads\/2017\/05\/Icono-Stase__experimental_Film__12_-224x300.jpg\" class=\"attachment-medium size-medium\" alt=\"\" srcset=\"https:\/\/www.sandie-brischler.com\/wp\/wp-content\/uploads\/2017\/05\/Icono-Stase__experimental_Film__12_-224x300.jpg 224w, https:\/\/www.sandie-brischler.com\/wp\/wp-content\/uploads\/2017\/05\/Icono-Stase__experimental_Film__12_.jpg 448w\" sizes=\"auto, (max-width: 224px) 100vw, 224px\" \/><\/a>\n\t\t\t<\/div><\/figure><figure class='gallery-item'>\n\t\t\t<div class='gallery-icon portrait'>\n\t\t\t\t<a href='https:\/\/www.sandie-brischler.com\/wp\/?attachment_id=948'><img loading=\"lazy\" decoding=\"async\" width=\"224\" height=\"300\" src=\"https:\/\/www.sandie-brischler.com\/wp\/wp-content\/uploads\/2017\/05\/Icono-Stase__experimental_Film__2_-224x300.jpg\" class=\"attachment-medium size-medium\" alt=\"\" srcset=\"https:\/\/www.sandie-brischler.com\/wp\/wp-content\/uploads\/2017\/05\/Icono-Stase__experimental_Film__2_-224x300.jpg 224w, https:\/\/www.sandie-brischler.com\/wp\/wp-content\/uploads\/2017\/05\/Icono-Stase__experimental_Film__2_.jpg 448w\" sizes=\"auto, (max-width: 224px) 100vw, 224px\" \/><\/a>\n\t\t\t<\/div><\/figure><figure class='gallery-item'>\n\t\t\t<div class='gallery-icon portrait'>\n\t\t\t\t<a href='https:\/\/www.sandie-brischler.com\/wp\/?attachment_id=943'><img loading=\"lazy\" decoding=\"async\" width=\"181\" height=\"300\" src=\"https:\/\/www.sandie-brischler.com\/wp\/wp-content\/uploads\/2017\/05\/icone__8_-181x300.jpg\" class=\"attachment-medium size-medium\" alt=\"\" srcset=\"https:\/\/www.sandie-brischler.com\/wp\/wp-content\/uploads\/2017\/05\/icone__8_-181x300.jpg 181w, https:\/\/www.sandie-brischler.com\/wp\/wp-content\/uploads\/2017\/05\/icone__8_.jpg 361w\" sizes=\"auto, (max-width: 181px) 100vw, 181px\" \/><\/a>\n\t\t\t<\/div><\/figure>\n\t\t<\/div>\n\n<\/div>\n<\/div>\n<\/div>\n<div><\/div>\n<div><\/div>\n<div id=\"c125\" class=\"csc-default\">\n<div class=\"csc-textpic csc-textpic-left csc-textpic-above csc-textpic-border\">\n<div class=\"csc-textpic-text\">\n<p>(english)<\/p>\n<p class=\"bodytext\"><span lang=\"EN-GB\">The film Icono-Stase leads the spectator into the unconsciousness, through a gallery of pictures, photographies, moving images and bodies.\u00a0<\/span><span lang=\"EN-GB\">This experimental work is a synthesis of a complex process, which connect different working levels as well as different artistic forms, through different languages, interacting with life experiences.<\/span><\/p>\n<p class=\"bodytext\"><span lang=\"EN-GB\">This video can be seen as well as choreography between images and bodies: artificial body, human body, broken body, playing between presence and absence, sound and silence, movement and immobility, unconscious and awareness.<\/span><\/p>\n<p class=\"bodytext\"><span lang=\"EN-GB\">The presence of the body and its movements is like a symbolic background: The body and his trying to walk, to touch, to see, to exist. The progression of this body, his attempts to move, the movement of the sounds themselves, words or voices, as to materialize each step of the film, everything move imperceptibly but constantly, as the slow evolution of each image into a permanent movement of something absolute, a tension, a story, a sense of perception and feelings, unconscious movements of our being, telling about love and pain&#8230;<\/span><\/p>\n<p class=\"bodytext\"><span lang=\"EN-GB\">Movement and more precisely \u201cstudy of movement\u201d is central in the film: The balance of the movement is everywhere, leading the rhythm of this travel to the unknown. Each elements is involved into a moving process, in a subtle coordination, evolving together in a continuous tension between living elements, and memories of an existence.<\/span><\/p>\n<\/div>\n<div class=\"jetpack-video-wrapper\"><iframe loading=\"lazy\" src=\"https:\/\/player.vimeo.com\/video\/244229581?dnt=1&amp;app_id=122963\" width=\"700\" height=\"525\" frameborder=\"0\" allow=\"autoplay; fullscreen; picture-in-picture; clipboard-write\"><\/iframe><\/div>\n<\/div>\n<\/div>\n","protected":false},"excerpt":{"rendered":"<p>Iconostase, film exp\u00e9rimental (2004) \u0152uvres plastiques \/ objets \/ dessins \/ photographies \/ installation: Sandie Brischler Cam\u00e9ra, montage, r\u00e9alisation: Sandie Brischler &#8211; Bande sonore: Sandie Brischler &amp; Jan laurens Siesling Mod\u00e8le et performer\u00a0: Jan Laurens Siesling Textes: Jan laurens Siesling &nbsp; &#8211; Projet Iconostase Iconostase, c\u2019est au d\u00e9part une \u00ab\u00a0installation&hellip;<a class=\"read-more\" href=\"https:\/\/www.sandie-brischler.com\/wp\/?page_id=1303\" rel=\"bookmark\">Continue Reading<\/a><\/p>\n","protected":false},"author":2,"featured_media":0,"parent":0,"menu_order":0,"comment_status":"closed","ping_status":"closed","template":"","meta":{"footnotes":""},"tags":[],"class_list":["post-1303","page","type-page","status-publish","hentry"],"jetpack_sharing_enabled":true,"_links":{"self":[{"href":"https:\/\/www.sandie-brischler.com\/wp\/index.php?rest_route=\/wp\/v2\/pages\/1303","targetHints":{"allow":["GET"]}}],"collection":[{"href":"https:\/\/www.sandie-brischler.com\/wp\/index.php?rest_route=\/wp\/v2\/pages"}],"about":[{"href":"https:\/\/www.sandie-brischler.com\/wp\/index.php?rest_route=\/wp\/v2\/types\/page"}],"author":[{"embeddable":true,"href":"https:\/\/www.sandie-brischler.com\/wp\/index.php?rest_route=\/wp\/v2\/users\/2"}],"replies":[{"embeddable":true,"href":"https:\/\/www.sandie-brischler.com\/wp\/index.php?rest_route=%2Fwp%2Fv2%2Fcomments&post=1303"}],"version-history":[{"count":0,"href":"https:\/\/www.sandie-brischler.com\/wp\/index.php?rest_route=\/wp\/v2\/pages\/1303\/revisions"}],"wp:attachment":[{"href":"https:\/\/www.sandie-brischler.com\/wp\/index.php?rest_route=%2Fwp%2Fv2%2Fmedia&parent=1303"}],"wp:term":[{"taxonomy":"post_tag","embeddable":true,"href":"https:\/\/www.sandie-brischler.com\/wp\/index.php?rest_route=%2Fwp%2Fv2%2Ftags&post=1303"}],"curies":[{"name":"wp","href":"https:\/\/api.w.org\/{rel}","templated":true}]}}