{"id":2055,"date":"2019-04-28T21:14:13","date_gmt":"2019-04-28T21:14:13","guid":{"rendered":"http:\/\/www.sandie-brischler.com\/wp\/?page_id=2055"},"modified":"2024-06-21T08:20:02","modified_gmt":"2024-06-21T08:20:02","slug":"prochainement-galerie-cunst-link-bruxelles","status":"publish","type":"page","link":"https:\/\/www.sandie-brischler.com\/wp\/?page_id=2055","title":{"rendered":"Galerie Cunst-Link, Bruxelles (2019)"},"content":{"rendered":"<h2 style=\"text-align: left;\"><em>SEMANTIQUES DU VIDE<\/em><\/h2>\n<p>Espace exp\u00e9rimental, Installations, Performances<\/p>\n<h3><img loading=\"lazy\" decoding=\"async\" class=\"alignnone size-full wp-image-2064\" src=\"http:\/\/sandie-brischler.com\/wp\/wp-content\/uploads\/2019\/05\/VISUELS-BEST-1.jpg\" alt=\"VISUELS BEST (1)\" width=\"728\" height=\"541\" srcset=\"https:\/\/sandie-brischler.com\/wp\/wp-content\/uploads\/2019\/05\/VISUELS-BEST-1.jpg 728w, https:\/\/sandie-brischler.com\/wp\/wp-content\/uploads\/2019\/05\/VISUELS-BEST-1-300x223.jpg 300w\" sizes=\"auto, (max-width: 728px) 100vw, 728px\" \/><\/h3>\n<h3><\/h3>\n<h3><\/h3>\n<p>&nbsp;<\/p>\n<h3><strong>Un projet de Sandie Brischler<\/strong><\/h3>\n<h3><strong>en collaboration avec Ariane Livadiotis, Emilie Bouchez, Nathalie Lenoir<\/strong><\/h3>\n<p>.<\/p>\n<p><span style=\"font-size: medium;\">Apr\u00e8s un temps de recherches et r\u00e9flexions collectives, l&rsquo;artiste Sandie Brischler pr\u00e9sente au public son projet collaboratif :\u00a0\u00ab\u00a0<i><b>S\u00e9mantiques du vide\u00a0\u00bb,<\/b><\/i>\u00a0une exp\u00e9rience transversale avec Ariane Livadiotis et Emilie Bouchez (design textile et papier), et avec Nathalie Lenoir (danseuse contemporaine et pole dance).<\/span><\/p>\n<p>Entre corps, mots, sons, textes-textures, \u00e9critures, traces et espace(s) vide(s), cette exposition transversale est avant tout un lieu d\u2019exp\u00e9rimentation pour explorer dans l\u2019espace-temps la notion d\u2019intervalle, de suspension, de silence, de distance. Pas celle qui s\u00e9pare, mais celle qui unit.<br \/>\nC\u2019est dans ce contexte que des artistes d\u2019horizons divers et convergents proposent de r\u00e9interpr\u00e9ter le concept d\u2019un \u00ab Espace MA \u00bb, pour interagir autour de l\u2019univers du vide et des \u00e9ternelles tentatives (\u00e0 jamais inachev\u00e9es) d\u2019\u00eatre et de dire.<\/p>\n<p><em>\u00ab\u00a0L\u2019espace MA, c\u2019est la notion d\u2019espace-temps qui relie les choses et leur donne sens, c\u2019est la v\u00e9rit\u00e9 qui existe dans le vide entre les paroles, entre les lignes c\u2019est la pause, la suspension, l\u2019inaction entre deux mouvements, le silence entre deux mots. L\u2019espace MA C\u2019est la force de l\u2019Invisible, C\u2019est une immobilit\u00e9 active, un vide plein, un pouvoir d\u2019int\u00e9riorisation en tant qu\u2019\u00eatre.\u00a0<\/em><em style=\"color: var(--color-text);\">C\u2019est le fondement m\u00eame de la cr\u00e9ation artistique.\u00a0\u00bb<\/em><\/p>\n<p>Du 10 au 29 juin 2019<\/p>\n<p><img loading=\"lazy\" decoding=\"async\" class=\"alignnone size-full wp-image-2261\" src=\"http:\/\/sandie-brischler.com\/wp\/wp-content\/uploads\/2019\/06\/programme-perf2-page-001.jpg\" alt=\"programme perf2-page-001\" width=\"1240\" height=\"1754\" srcset=\"https:\/\/sandie-brischler.com\/wp\/wp-content\/uploads\/2019\/06\/programme-perf2-page-001.jpg 1240w, https:\/\/sandie-brischler.com\/wp\/wp-content\/uploads\/2019\/06\/programme-perf2-page-001-212x300.jpg 212w, https:\/\/sandie-brischler.com\/wp\/wp-content\/uploads\/2019\/06\/programme-perf2-page-001-768x1086.jpg 768w, https:\/\/sandie-brischler.com\/wp\/wp-content\/uploads\/2019\/06\/programme-perf2-page-001-724x1024.jpg 724w\" sizes=\"auto, (max-width: 1240px) 100vw, 1240px\" \/><\/p>\n<h3>(english)<\/h3>\n<p>&nbsp;<\/p>\n<h3>SEMANTICS OF THE VOID<\/h3>\n<p><strong>A project from Sandie Brischler<\/strong><br \/>\n<strong>in collaboration with Ariane Livadiotis, Emilie Bouchez, Nathalie Lenoir<\/strong><\/p>\n<p><span style=\"font-size: medium;\">After a 10 days residency at Cunst-Link, the artist Sandie Brichler present to the public her\u00a0collaborative project:\u00a0 \u00ab\u00a0<i><b>Semantics of Emptiness\u00a0\u00bb,\u00a0<\/b><\/i>a transversal experience with Ariane Livadiotis and Emilie Bouchez (paper and textil design), and with Nathalie Lenoir (pole dance).<\/span><\/p>\n<p><span style=\"font-size: medium;\">This exhibit is at first an experimental space of research, because it moves from the body to words and sounds, between texts and textures and writing, from empty spaces to traces. Its intention is above all an experiment to explore in time and space the ideas of interlude, suspense, silence and distance. Not those which separate, but those which unite. It is in this spirit that artists from diverse and convergent horizons come together for a new interpretation of the concept of \u00ab MA Space \u00bb. They propose to interact around the \u00ab univers of the void \u00bb and our never ending though never achieving efforts to say and to be.<\/span><\/p>\n<p><span style=\"font-size: medium;\"><br \/>\n<\/span><em><span style=\"font-size: medium;\">L\u2019espace MA\u00a0<\/span><\/em><span style=\"font-size: medium;\">(MA Space) is the idea of Space-Time relating things by giving them sense; it is the truth in the void between the words, between the lines; it is the pause, the interruption, the inaction between to movements, the silence between two words. MA Space is the power of the invisible, it is active immobility, full emptiness, the ability to develop the inner life as a form of being. <\/span><span style=\"font-size: medium;\">It<\/span><span style=\"font-size: medium;\"> is the foundation of <\/span><span style=\"font-size: medium;\">any <\/span><span style=\"font-size: medium;\">artistic creati<\/span><span style=\"font-size: medium;\">on<\/span><span style=\"font-size: medium;\">.<\/span><\/p>\n<p><em>Exhibition and performances \/\u00a0<\/em><em>10-29th of june 2019<\/em><\/p>\n<p>&nbsp;<\/p>\n<h3><span style=\"text-decoration: underline;\">Programme<\/span><\/h3>\n<ul>\n<li>Monday 10th June | 19:00 &#8211; 22:00 | Opening &amp; performances<\/li>\n<li>Fridays 21st, 28th June | 19:00 | Performances<\/li>\n<li>Saturdays 15th, 22nd\u00a0<span style=\"color: var(--color-text);\">| 19:00 | Performances<\/span><\/li>\n<li>Thursday 27th<span style=\"color: var(--color-text);\">| 19:00 | Performances<\/span><\/li>\n<li>Saturday 29th June\u00a0<span style=\"color: var(--color-text);\">\u00a0<\/span><span style=\"color: var(--color-text);\">| 19:00 &#8211; 22:00 | Finissage &amp; performances<\/span><\/li>\n<\/ul>\n<p>&nbsp;<\/p>\n<h3>Galerie Cunst Link<br \/>\n154 rue Theodore Verhaegen<br \/>\nBruxelles\u00a0 (Saint-Gilles)<\/h3>\n<p>&nbsp;<\/p>\n<p>&nbsp;<\/p>\n","protected":false},"excerpt":{"rendered":"<p>SEMANTIQUES DU VIDE Espace exp\u00e9rimental, Installations, Performances &nbsp; Un projet de Sandie Brischler en collaboration avec Ariane Livadiotis, Emilie Bouchez, Nathalie Lenoir . Apr\u00e8s un temps de recherches et r\u00e9flexions collectives, l&rsquo;artiste Sandie Brischler pr\u00e9sente au public son projet collaboratif :\u00a0\u00ab\u00a0S\u00e9mantiques du vide\u00a0\u00bb,\u00a0une exp\u00e9rience transversale avec Ariane Livadiotis et Emilie&hellip;<a class=\"read-more\" href=\"https:\/\/www.sandie-brischler.com\/wp\/?page_id=2055\" rel=\"bookmark\">Continue Reading<\/a><\/p>\n","protected":false},"author":2,"featured_media":0,"parent":0,"menu_order":0,"comment_status":"closed","ping_status":"closed","template":"","meta":{"footnotes":""},"tags":[],"class_list":["post-2055","page","type-page","status-publish","hentry"],"jetpack_sharing_enabled":true,"_links":{"self":[{"href":"https:\/\/www.sandie-brischler.com\/wp\/index.php?rest_route=\/wp\/v2\/pages\/2055","targetHints":{"allow":["GET"]}}],"collection":[{"href":"https:\/\/www.sandie-brischler.com\/wp\/index.php?rest_route=\/wp\/v2\/pages"}],"about":[{"href":"https:\/\/www.sandie-brischler.com\/wp\/index.php?rest_route=\/wp\/v2\/types\/page"}],"author":[{"embeddable":true,"href":"https:\/\/www.sandie-brischler.com\/wp\/index.php?rest_route=\/wp\/v2\/users\/2"}],"replies":[{"embeddable":true,"href":"https:\/\/www.sandie-brischler.com\/wp\/index.php?rest_route=%2Fwp%2Fv2%2Fcomments&post=2055"}],"version-history":[{"count":0,"href":"https:\/\/www.sandie-brischler.com\/wp\/index.php?rest_route=\/wp\/v2\/pages\/2055\/revisions"}],"wp:attachment":[{"href":"https:\/\/www.sandie-brischler.com\/wp\/index.php?rest_route=%2Fwp%2Fv2%2Fmedia&parent=2055"}],"wp:term":[{"taxonomy":"post_tag","embeddable":true,"href":"https:\/\/www.sandie-brischler.com\/wp\/index.php?rest_route=%2Fwp%2Fv2%2Ftags&post=2055"}],"curies":[{"name":"wp","href":"https:\/\/api.w.org\/{rel}","templated":true}]}}