{"id":2530,"date":"2024-06-20T17:57:20","date_gmt":"2024-06-20T17:57:20","guid":{"rendered":"http:\/\/www.sandie-brischler.com\/wp\/?page_id=2530"},"modified":"2025-04-26T10:08:30","modified_gmt":"2025-04-26T10:08:30","slug":"mortelle-2016","status":"publish","type":"page","link":"https:\/\/www.sandie-brischler.com\/wp\/?page_id=2530","title":{"rendered":"Mortelle (2016)"},"content":{"rendered":"<h3><strong>Villa des Arts, Rabat, Maroc<\/strong><\/h3>\n<p>&nbsp;<\/p>\n<p><strong><span style=\"color: #ffff00;\"><a style=\"color: #ffff00;\" href=\"https:\/\/www.sandie-brischler.com\/wp\/?page_id=3678\">ENGLISH HERE<\/a><\/span><\/strong><\/p>\n<p><em>Sur le th\u00e8me sacr\u00e9 du mandala, du corps et des signes, c<span style=\"font-size: 1em;\">ette recherche performative en solo explore l\u2019inscription du corps dans un espace sacr\u00e9 circulaire. Un corps y exp\u00e9rimente le centre et la circonf\u00e9rence, ses limites et sa p\u00e9riph\u00e9rie. Puis il tente de s\u2019y inscrire, de s\u2019\u00e9crire dans ce cercle o\u00f9 il deviendra lui-m\u00eame signe, essence de son signifiant. <\/span>C\u2019est une cons\u00e9cration. Un moment d\u2019inscription entre ciel et terre. Une interface. Les traces d\u2019un passage&#8230;<\/em><\/p>\n<p><img loading=\"lazy\" decoding=\"async\" class=\"alignnone size-full wp-image-3651\" src=\"https:\/\/www.sandie-brischler.com\/wp\/wp-content\/uploads\/2025\/04\/13131307_1016248475121246_7425003920279599778_o.jpg\" alt=\"\" width=\"1920\" height=\"1080\" srcset=\"https:\/\/www.sandie-brischler.com\/wp\/wp-content\/uploads\/2025\/04\/13131307_1016248475121246_7425003920279599778_o.jpg 1920w, https:\/\/www.sandie-brischler.com\/wp\/wp-content\/uploads\/2025\/04\/13131307_1016248475121246_7425003920279599778_o-300x169.jpg 300w, https:\/\/www.sandie-brischler.com\/wp\/wp-content\/uploads\/2025\/04\/13131307_1016248475121246_7425003920279599778_o-1024x576.jpg 1024w, https:\/\/www.sandie-brischler.com\/wp\/wp-content\/uploads\/2025\/04\/13131307_1016248475121246_7425003920279599778_o-768x432.jpg 768w, https:\/\/www.sandie-brischler.com\/wp\/wp-content\/uploads\/2025\/04\/13131307_1016248475121246_7425003920279599778_o-1536x864.jpg 1536w\" sizes=\"auto, (max-width: 1920px) 100vw, 1920px\" \/><\/p>\n<p><img loading=\"lazy\" decoding=\"async\" class=\"alignnone size-full wp-image-3670\" src=\"https:\/\/www.sandie-brischler.com\/wp\/wp-content\/uploads\/2025\/04\/Design-sans-titre-4.jpg\" alt=\"\" width=\"2000\" height=\"1414\" srcset=\"https:\/\/www.sandie-brischler.com\/wp\/wp-content\/uploads\/2025\/04\/Design-sans-titre-4.jpg 2000w, https:\/\/www.sandie-brischler.com\/wp\/wp-content\/uploads\/2025\/04\/Design-sans-titre-4-300x212.jpg 300w, https:\/\/www.sandie-brischler.com\/wp\/wp-content\/uploads\/2025\/04\/Design-sans-titre-4-1024x724.jpg 1024w, https:\/\/www.sandie-brischler.com\/wp\/wp-content\/uploads\/2025\/04\/Design-sans-titre-4-768x543.jpg 768w, https:\/\/www.sandie-brischler.com\/wp\/wp-content\/uploads\/2025\/04\/Design-sans-titre-4-1536x1086.jpg 1536w\" sizes=\"auto, (max-width: 2000px) 100vw, 2000px\" \/><\/p>\n<p><img loading=\"lazy\" decoding=\"async\" class=\"alignnone wp-image-3667\" src=\"https:\/\/www.sandie-brischler.com\/wp\/wp-content\/uploads\/2025\/04\/Design-sans-titre-2.jpg\" alt=\"\" width=\"961\" height=\"679\" srcset=\"https:\/\/www.sandie-brischler.com\/wp\/wp-content\/uploads\/2025\/04\/Design-sans-titre-2.jpg 2000w, https:\/\/www.sandie-brischler.com\/wp\/wp-content\/uploads\/2025\/04\/Design-sans-titre-2-300x212.jpg 300w, https:\/\/www.sandie-brischler.com\/wp\/wp-content\/uploads\/2025\/04\/Design-sans-titre-2-1024x724.jpg 1024w, https:\/\/www.sandie-brischler.com\/wp\/wp-content\/uploads\/2025\/04\/Design-sans-titre-2-768x543.jpg 768w, https:\/\/www.sandie-brischler.com\/wp\/wp-content\/uploads\/2025\/04\/Design-sans-titre-2-1536x1086.jpg 1536w\" sizes=\"auto, (max-width: 961px) 100vw, 961px\" \/><\/p>\n<p><img loading=\"lazy\" decoding=\"async\" class=\"alignnone wp-image-3664\" src=\"https:\/\/www.sandie-brischler.com\/wp\/wp-content\/uploads\/2025\/04\/Design-sans-titre-1.jpg\" alt=\"\" width=\"717\" height=\"241\" srcset=\"https:\/\/www.sandie-brischler.com\/wp\/wp-content\/uploads\/2025\/04\/Design-sans-titre-1.jpg 1999w, https:\/\/www.sandie-brischler.com\/wp\/wp-content\/uploads\/2025\/04\/Design-sans-titre-1-300x101.jpg 300w, https:\/\/www.sandie-brischler.com\/wp\/wp-content\/uploads\/2025\/04\/Design-sans-titre-1-1024x344.jpg 1024w, https:\/\/www.sandie-brischler.com\/wp\/wp-content\/uploads\/2025\/04\/Design-sans-titre-1-768x258.jpg 768w, https:\/\/www.sandie-brischler.com\/wp\/wp-content\/uploads\/2025\/04\/Design-sans-titre-1-1536x516.jpg 1536w\" sizes=\"auto, (max-width: 717px) 100vw, 717px\" \/><\/p>\n<p>(Cr\u00e9dit photographique: \u00a9 Pierre Teuler)<\/p>\n<p>.<\/p>\n<p>Trailer, 3&rsquo;50min.<\/p>\n<div class=\"jetpack-video-wrapper\"><iframe loading=\"lazy\" title=\"Mortelle TRAILER\" width=\"700\" height=\"394\" src=\"https:\/\/www.youtube.com\/embed\/ygz3orHTeMc?feature=oembed\" frameborder=\"0\" allow=\"accelerometer; autoplay; clipboard-write; encrypted-media; gyroscope; picture-in-picture; web-share\" referrerpolicy=\"strict-origin-when-cross-origin\" allowfullscreen><\/iframe><\/div>\n<p><em>Cette performance, r\u00e9alis\u00e9e lors du festival Th\u00e9-Arts \u00e0 Rabat au Maroc en 2016, s&rsquo;inscrit dans le cycle des performances et recherches \u00ab\u00a0BODY-WRITING\u00a0\u00bb, entre corps, tentatives et trace graphique.<\/em><\/p>\n<p>&nbsp;<\/p>\n<p>&nbsp;<\/p>\n<p>&nbsp;<\/p>\n","protected":false},"excerpt":{"rendered":"<p>Villa des Arts, Rabat, Maroc &nbsp; ENGLISH HERE Sur le th\u00e8me sacr\u00e9 du mandala, du corps et des signes, cette recherche performative en solo explore l\u2019inscription du corps dans un espace sacr\u00e9 circulaire. Un corps y exp\u00e9rimente le centre et la circonf\u00e9rence, ses limites et sa p\u00e9riph\u00e9rie. Puis il tente&hellip;<a class=\"read-more\" href=\"https:\/\/www.sandie-brischler.com\/wp\/?page_id=2530\" rel=\"bookmark\">Continue Reading<\/a><\/p>\n","protected":false},"author":2,"featured_media":0,"parent":0,"menu_order":0,"comment_status":"closed","ping_status":"closed","template":"","meta":{"footnotes":""},"tags":[],"class_list":["post-2530","page","type-page","status-publish","hentry"],"jetpack_sharing_enabled":true,"_links":{"self":[{"href":"https:\/\/www.sandie-brischler.com\/wp\/index.php?rest_route=\/wp\/v2\/pages\/2530","targetHints":{"allow":["GET"]}}],"collection":[{"href":"https:\/\/www.sandie-brischler.com\/wp\/index.php?rest_route=\/wp\/v2\/pages"}],"about":[{"href":"https:\/\/www.sandie-brischler.com\/wp\/index.php?rest_route=\/wp\/v2\/types\/page"}],"author":[{"embeddable":true,"href":"https:\/\/www.sandie-brischler.com\/wp\/index.php?rest_route=\/wp\/v2\/users\/2"}],"replies":[{"embeddable":true,"href":"https:\/\/www.sandie-brischler.com\/wp\/index.php?rest_route=%2Fwp%2Fv2%2Fcomments&post=2530"}],"version-history":[{"count":21,"href":"https:\/\/www.sandie-brischler.com\/wp\/index.php?rest_route=\/wp\/v2\/pages\/2530\/revisions"}],"predecessor-version":[{"id":3683,"href":"https:\/\/www.sandie-brischler.com\/wp\/index.php?rest_route=\/wp\/v2\/pages\/2530\/revisions\/3683"}],"wp:attachment":[{"href":"https:\/\/www.sandie-brischler.com\/wp\/index.php?rest_route=%2Fwp%2Fv2%2Fmedia&parent=2530"}],"wp:term":[{"taxonomy":"post_tag","embeddable":true,"href":"https:\/\/www.sandie-brischler.com\/wp\/index.php?rest_route=%2Fwp%2Fv2%2Ftags&post=2530"}],"curies":[{"name":"wp","href":"https:\/\/api.w.org\/{rel}","templated":true}]}}