{"id":2551,"date":"2024-06-20T18:23:32","date_gmt":"2024-06-20T18:23:32","guid":{"rendered":"http:\/\/www.sandie-brischler.com\/wp\/?page_id=2551"},"modified":"2024-06-22T00:17:20","modified_gmt":"2024-06-22T00:17:20","slug":"semantiques-solos-2019","status":"publish","type":"page","link":"https:\/\/www.sandie-brischler.com\/wp\/?page_id=2551","title":{"rendered":"S\u00e9mantiques, solos (2019)"},"content":{"rendered":"<h3>Gallerie Cunst-Link, Bruxelles<\/h3>\n<p>Ces deux vid\u00e9os sont issues du projet \u00ab\u00a0<strong><em>S\u00e9mantiques du vide<\/em><\/strong>\u00a0\u00bb r\u00e9alis\u00e9 lors d&rsquo;une r\u00e9sidence de recherche transversale entre signe, corps et \u00e9criture(s), en rapport avec le vide. Les \u00ab\u00a0<em>Incorporations<\/em>\u00a0\u00bb ont \u00e9t\u00e9 film\u00e9es dans l&rsquo;installation finale, et se pr\u00e9sentent sous la forme de solos int\u00e9grant l&rsquo;espace cr\u00e9\u00e9.<\/p>\n<p><span style=\"color: #999999;\"><em>Voir le projet complet ici:<\/em><em>\u00a0<a style=\"color: #999999;\" href=\"http:\/\/www.sandie-brischler.com\/wp\/?page_id=2265\" target=\"_blank\" rel=\"noopener\">S\u00e9mantiques du vide <\/a><\/em><\/span><\/p>\n<div class=\"jetpack-video-wrapper\"><iframe loading=\"lazy\" title=\"INCORPORATION I (S\u00e9mantiques)\" width=\"700\" height=\"394\" src=\"https:\/\/www.youtube.com\/embed\/PXBoEB3-d9g?feature=oembed\" frameborder=\"0\" allow=\"accelerometer; autoplay; clipboard-write; encrypted-media; gyroscope; picture-in-picture; web-share\" referrerpolicy=\"strict-origin-when-cross-origin\" allowfullscreen><\/iframe><\/div>\n<p>(Bande sonore: Cr\u00e9ation originale)<\/p>\n<p>&nbsp;<\/p>\n<div class=\"jetpack-video-wrapper\"><iframe loading=\"lazy\" title=\"INCORPORATION II (S\u00e9mantiques)\" width=\"700\" height=\"394\" src=\"https:\/\/www.youtube.com\/embed\/JOCkoRkWlzQ?feature=oembed\" frameborder=\"0\" allow=\"accelerometer; autoplay; clipboard-write; encrypted-media; gyroscope; picture-in-picture; web-share\" referrerpolicy=\"strict-origin-when-cross-origin\" allowfullscreen><\/iframe><\/div>\n<p>(Musique: Dhafer Youssef)<\/p>\n","protected":false},"excerpt":{"rendered":"<p>Gallerie Cunst-Link, Bruxelles Ces deux vid\u00e9os sont issues du projet \u00ab\u00a0S\u00e9mantiques du vide\u00a0\u00bb r\u00e9alis\u00e9 lors d&rsquo;une r\u00e9sidence de recherche transversale entre signe, corps et \u00e9criture(s), en rapport avec le vide. Les \u00ab\u00a0Incorporations\u00a0\u00bb ont \u00e9t\u00e9 film\u00e9es dans l&rsquo;installation finale, et se pr\u00e9sentent sous la forme de solos int\u00e9grant l&rsquo;espace cr\u00e9\u00e9. Voir&hellip;<a class=\"read-more\" href=\"https:\/\/www.sandie-brischler.com\/wp\/?page_id=2551\" rel=\"bookmark\">Continue Reading<\/a><\/p>\n","protected":false},"author":2,"featured_media":0,"parent":0,"menu_order":0,"comment_status":"closed","ping_status":"closed","template":"","meta":{"footnotes":""},"tags":[],"class_list":["post-2551","page","type-page","status-publish","hentry"],"jetpack_sharing_enabled":true,"_links":{"self":[{"href":"https:\/\/www.sandie-brischler.com\/wp\/index.php?rest_route=\/wp\/v2\/pages\/2551","targetHints":{"allow":["GET"]}}],"collection":[{"href":"https:\/\/www.sandie-brischler.com\/wp\/index.php?rest_route=\/wp\/v2\/pages"}],"about":[{"href":"https:\/\/www.sandie-brischler.com\/wp\/index.php?rest_route=\/wp\/v2\/types\/page"}],"author":[{"embeddable":true,"href":"https:\/\/www.sandie-brischler.com\/wp\/index.php?rest_route=\/wp\/v2\/users\/2"}],"replies":[{"embeddable":true,"href":"https:\/\/www.sandie-brischler.com\/wp\/index.php?rest_route=%2Fwp%2Fv2%2Fcomments&post=2551"}],"version-history":[{"count":0,"href":"https:\/\/www.sandie-brischler.com\/wp\/index.php?rest_route=\/wp\/v2\/pages\/2551\/revisions"}],"wp:attachment":[{"href":"https:\/\/www.sandie-brischler.com\/wp\/index.php?rest_route=%2Fwp%2Fv2%2Fmedia&parent=2551"}],"wp:term":[{"taxonomy":"post_tag","embeddable":true,"href":"https:\/\/www.sandie-brischler.com\/wp\/index.php?rest_route=%2Fwp%2Fv2%2Ftags&post=2551"}],"curies":[{"name":"wp","href":"https:\/\/api.w.org\/{rel}","templated":true}]}}