{"id":2559,"date":"2024-06-20T19:10:40","date_gmt":"2024-06-20T19:10:40","guid":{"rendered":"http:\/\/www.sandie-brischler.com\/wp\/?page_id=2559"},"modified":"2024-06-21T08:02:03","modified_gmt":"2024-06-21T08:02:03","slug":"pictogrammes-2018","status":"publish","type":"page","link":"https:\/\/www.sandie-brischler.com\/wp\/?page_id=2559","title":{"rendered":"Pictogrammes (2018)"},"content":{"rendered":"<h3>R\u00e9sidence \u00e0 l&rsquo;espace Argonne, Bruxelles<\/h3>\n<p>Recherche a\u00e9rienne et graphique dans un \u00ab\u00a0polygone crois\u00e9\u00a0\u00bb (agr\u00e8s).<\/p>\n<p><img loading=\"lazy\" decoding=\"async\" class=\"alignnone size-full wp-image-2560\" src=\"http:\/\/www.sandie-brischler.com\/wp\/wp-content\/uploads\/2024\/06\/PICTO1-002.jpg\" alt=\"\" width=\"800\" height=\"800\" srcset=\"https:\/\/www.sandie-brischler.com\/wp\/wp-content\/uploads\/2024\/06\/PICTO1-002.jpg 800w, https:\/\/www.sandie-brischler.com\/wp\/wp-content\/uploads\/2024\/06\/PICTO1-002-150x150.jpg 150w, https:\/\/www.sandie-brischler.com\/wp\/wp-content\/uploads\/2024\/06\/PICTO1-002-300x300.jpg 300w, https:\/\/www.sandie-brischler.com\/wp\/wp-content\/uploads\/2024\/06\/PICTO1-002-768x768.jpg 768w, https:\/\/www.sandie-brischler.com\/wp\/wp-content\/uploads\/2024\/06\/PICTO1-002-100x100.jpg 100w\" sizes=\"auto, (max-width: 800px) 100vw, 800px\" \/><\/p>\n<div id='gallery-1' class='gallery galleryid-2559 gallery-columns-3 gallery-size-thumbnail'><figure class='gallery-item'>\n\t\t\t<div class='gallery-icon landscape'>\n\t\t\t\t<a href='https:\/\/www.sandie-brischler.com\/wp\/?attachment_id=2623'><img loading=\"lazy\" decoding=\"async\" width=\"150\" height=\"150\" src=\"https:\/\/www.sandie-brischler.com\/wp\/wp-content\/uploads\/2024\/06\/SELEC-1_InPixio-150x150.jpg\" class=\"attachment-thumbnail size-thumbnail\" alt=\"\" srcset=\"https:\/\/www.sandie-brischler.com\/wp\/wp-content\/uploads\/2024\/06\/SELEC-1_InPixio-150x150.jpg 150w, https:\/\/www.sandie-brischler.com\/wp\/wp-content\/uploads\/2024\/06\/SELEC-1_InPixio-100x100.jpg 100w\" sizes=\"auto, (max-width: 150px) 100vw, 150px\" \/><\/a>\n\t\t\t<\/div><\/figure><figure class='gallery-item'>\n\t\t\t<div class='gallery-icon landscape'>\n\t\t\t\t<a href='https:\/\/www.sandie-brischler.com\/wp\/?attachment_id=2624'><img loading=\"lazy\" decoding=\"async\" width=\"150\" height=\"150\" src=\"https:\/\/www.sandie-brischler.com\/wp\/wp-content\/uploads\/2024\/06\/SELEC-2_InPixio-150x150.jpg\" class=\"attachment-thumbnail size-thumbnail\" alt=\"\" srcset=\"https:\/\/www.sandie-brischler.com\/wp\/wp-content\/uploads\/2024\/06\/SELEC-2_InPixio-150x150.jpg 150w, https:\/\/www.sandie-brischler.com\/wp\/wp-content\/uploads\/2024\/06\/SELEC-2_InPixio-100x100.jpg 100w\" sizes=\"auto, (max-width: 150px) 100vw, 150px\" \/><\/a>\n\t\t\t<\/div><\/figure><figure class='gallery-item'>\n\t\t\t<div class='gallery-icon landscape'>\n\t\t\t\t<a href='https:\/\/www.sandie-brischler.com\/wp\/?attachment_id=2625'><img loading=\"lazy\" decoding=\"async\" width=\"150\" height=\"150\" src=\"https:\/\/www.sandie-brischler.com\/wp\/wp-content\/uploads\/2024\/06\/SELEC-3_InPixio-150x150.jpg\" class=\"attachment-thumbnail size-thumbnail\" alt=\"\" srcset=\"https:\/\/www.sandie-brischler.com\/wp\/wp-content\/uploads\/2024\/06\/SELEC-3_InPixio-150x150.jpg 150w, https:\/\/www.sandie-brischler.com\/wp\/wp-content\/uploads\/2024\/06\/SELEC-3_InPixio-100x100.jpg 100w\" sizes=\"auto, (max-width: 150px) 100vw, 150px\" \/><\/a>\n\t\t\t<\/div><\/figure><figure class='gallery-item'>\n\t\t\t<div class='gallery-icon landscape'>\n\t\t\t\t<a href='https:\/\/www.sandie-brischler.com\/wp\/?attachment_id=2626'><img loading=\"lazy\" decoding=\"async\" width=\"150\" height=\"150\" src=\"https:\/\/www.sandie-brischler.com\/wp\/wp-content\/uploads\/2024\/06\/SELEC-4_InPixio-150x150.jpg\" class=\"attachment-thumbnail size-thumbnail\" alt=\"\" srcset=\"https:\/\/www.sandie-brischler.com\/wp\/wp-content\/uploads\/2024\/06\/SELEC-4_InPixio-150x150.jpg 150w, https:\/\/www.sandie-brischler.com\/wp\/wp-content\/uploads\/2024\/06\/SELEC-4_InPixio-100x100.jpg 100w\" sizes=\"auto, (max-width: 150px) 100vw, 150px\" \/><\/a>\n\t\t\t<\/div><\/figure><figure class='gallery-item'>\n\t\t\t<div class='gallery-icon portrait'>\n\t\t\t\t<a href='https:\/\/www.sandie-brischler.com\/wp\/?attachment_id=2627'><img loading=\"lazy\" decoding=\"async\" width=\"150\" height=\"150\" src=\"https:\/\/www.sandie-brischler.com\/wp\/wp-content\/uploads\/2024\/06\/SELEC-5_InPixio-150x150.jpg\" class=\"attachment-thumbnail size-thumbnail\" alt=\"\" srcset=\"https:\/\/www.sandie-brischler.com\/wp\/wp-content\/uploads\/2024\/06\/SELEC-5_InPixio-150x150.jpg 150w, https:\/\/www.sandie-brischler.com\/wp\/wp-content\/uploads\/2024\/06\/SELEC-5_InPixio-298x300.jpg 298w, https:\/\/www.sandie-brischler.com\/wp\/wp-content\/uploads\/2024\/06\/SELEC-5_InPixio-768x772.jpg 768w, https:\/\/www.sandie-brischler.com\/wp\/wp-content\/uploads\/2024\/06\/SELEC-5_InPixio-100x100.jpg 100w, https:\/\/www.sandie-brischler.com\/wp\/wp-content\/uploads\/2024\/06\/SELEC-5_InPixio-600x603.jpg 600w, https:\/\/www.sandie-brischler.com\/wp\/wp-content\/uploads\/2024\/06\/SELEC-5_InPixio.jpg 858w\" sizes=\"auto, (max-width: 150px) 100vw, 150px\" \/><\/a>\n\t\t\t<\/div><\/figure><figure class='gallery-item'>\n\t\t\t<div class='gallery-icon landscape'>\n\t\t\t\t<a href='https:\/\/www.sandie-brischler.com\/wp\/?attachment_id=2628'><img loading=\"lazy\" decoding=\"async\" width=\"150\" height=\"150\" src=\"https:\/\/www.sandie-brischler.com\/wp\/wp-content\/uploads\/2024\/06\/SELEC-6_InPixio-150x150.jpg\" class=\"attachment-thumbnail size-thumbnail\" alt=\"\" srcset=\"https:\/\/www.sandie-brischler.com\/wp\/wp-content\/uploads\/2024\/06\/SELEC-6_InPixio-150x150.jpg 150w, https:\/\/www.sandie-brischler.com\/wp\/wp-content\/uploads\/2024\/06\/SELEC-6_InPixio-100x100.jpg 100w\" sizes=\"auto, (max-width: 150px) 100vw, 150px\" \/><\/a>\n\t\t\t<\/div><\/figure><figure class='gallery-item'>\n\t\t\t<div class='gallery-icon landscape'>\n\t\t\t\t<a href='https:\/\/www.sandie-brischler.com\/wp\/?attachment_id=2629'><img loading=\"lazy\" decoding=\"async\" width=\"150\" height=\"150\" src=\"https:\/\/www.sandie-brischler.com\/wp\/wp-content\/uploads\/2024\/06\/SELEC-7_InPixio-150x150.jpg\" class=\"attachment-thumbnail size-thumbnail\" alt=\"\" srcset=\"https:\/\/www.sandie-brischler.com\/wp\/wp-content\/uploads\/2024\/06\/SELEC-7_InPixio-150x150.jpg 150w, https:\/\/www.sandie-brischler.com\/wp\/wp-content\/uploads\/2024\/06\/SELEC-7_InPixio-100x100.jpg 100w\" sizes=\"auto, (max-width: 150px) 100vw, 150px\" \/><\/a>\n\t\t\t<\/div><\/figure><figure class='gallery-item'>\n\t\t\t<div class='gallery-icon landscape'>\n\t\t\t\t<a href='https:\/\/www.sandie-brischler.com\/wp\/?attachment_id=2630'><img loading=\"lazy\" decoding=\"async\" width=\"150\" height=\"150\" src=\"https:\/\/www.sandie-brischler.com\/wp\/wp-content\/uploads\/2024\/06\/SELEC-8_InPixio-150x150.jpg\" class=\"attachment-thumbnail size-thumbnail\" alt=\"\" srcset=\"https:\/\/www.sandie-brischler.com\/wp\/wp-content\/uploads\/2024\/06\/SELEC-8_InPixio-150x150.jpg 150w, https:\/\/www.sandie-brischler.com\/wp\/wp-content\/uploads\/2024\/06\/SELEC-8_InPixio-100x100.jpg 100w\" sizes=\"auto, (max-width: 150px) 100vw, 150px\" \/><\/a>\n\t\t\t<\/div><\/figure><figure class='gallery-item'>\n\t\t\t<div class='gallery-icon landscape'>\n\t\t\t\t<a href='https:\/\/www.sandie-brischler.com\/wp\/?attachment_id=2631'><img loading=\"lazy\" decoding=\"async\" width=\"150\" height=\"150\" src=\"https:\/\/www.sandie-brischler.com\/wp\/wp-content\/uploads\/2024\/06\/SELEC-9_InPixio-150x150.jpg\" class=\"attachment-thumbnail size-thumbnail\" alt=\"\" srcset=\"https:\/\/www.sandie-brischler.com\/wp\/wp-content\/uploads\/2024\/06\/SELEC-9_InPixio-150x150.jpg 150w, https:\/\/www.sandie-brischler.com\/wp\/wp-content\/uploads\/2024\/06\/SELEC-9_InPixio-100x100.jpg 100w\" sizes=\"auto, (max-width: 150px) 100vw, 150px\" \/><\/a>\n\t\t\t<\/div><\/figure><figure class='gallery-item'>\n\t\t\t<div class='gallery-icon landscape'>\n\t\t\t\t<a href='https:\/\/www.sandie-brischler.com\/wp\/?attachment_id=2632'><img loading=\"lazy\" decoding=\"async\" width=\"150\" height=\"150\" src=\"https:\/\/www.sandie-brischler.com\/wp\/wp-content\/uploads\/2024\/06\/SELEC-10_InPixio-150x150.jpg\" class=\"attachment-thumbnail size-thumbnail\" alt=\"\" srcset=\"https:\/\/www.sandie-brischler.com\/wp\/wp-content\/uploads\/2024\/06\/SELEC-10_InPixio-150x150.jpg 150w, https:\/\/www.sandie-brischler.com\/wp\/wp-content\/uploads\/2024\/06\/SELEC-10_InPixio-100x100.jpg 100w\" sizes=\"auto, (max-width: 150px) 100vw, 150px\" \/><\/a>\n\t\t\t<\/div><\/figure><figure class='gallery-item'>\n\t\t\t<div class='gallery-icon portrait'>\n\t\t\t\t<a href='https:\/\/www.sandie-brischler.com\/wp\/?attachment_id=2633'><img loading=\"lazy\" decoding=\"async\" width=\"150\" height=\"150\" src=\"https:\/\/www.sandie-brischler.com\/wp\/wp-content\/uploads\/2024\/06\/SELEC-11_InPixio-150x150.jpg\" class=\"attachment-thumbnail size-thumbnail\" alt=\"\" srcset=\"https:\/\/www.sandie-brischler.com\/wp\/wp-content\/uploads\/2024\/06\/SELEC-11_InPixio-150x150.jpg 150w, https:\/\/www.sandie-brischler.com\/wp\/wp-content\/uploads\/2024\/06\/SELEC-11_InPixio-100x100.jpg 100w\" sizes=\"auto, (max-width: 150px) 100vw, 150px\" \/><\/a>\n\t\t\t<\/div><\/figure><figure class='gallery-item'>\n\t\t\t<div class='gallery-icon landscape'>\n\t\t\t\t<a href='https:\/\/www.sandie-brischler.com\/wp\/?attachment_id=2634'><img loading=\"lazy\" decoding=\"async\" width=\"150\" height=\"150\" src=\"https:\/\/www.sandie-brischler.com\/wp\/wp-content\/uploads\/2024\/06\/SELEC-12_InPixio-150x150.jpg\" class=\"attachment-thumbnail size-thumbnail\" alt=\"\" srcset=\"https:\/\/www.sandie-brischler.com\/wp\/wp-content\/uploads\/2024\/06\/SELEC-12_InPixio-150x150.jpg 150w, https:\/\/www.sandie-brischler.com\/wp\/wp-content\/uploads\/2024\/06\/SELEC-12_InPixio-100x100.jpg 100w\" sizes=\"auto, (max-width: 150px) 100vw, 150px\" \/><\/a>\n\t\t\t<\/div><\/figure>\n\t\t<\/div>\n\n<div class=\"wp-playlist wp-video-playlist wp-playlist-light\">\n\t\t<video controls=\"controls\" preload=\"none\" width=\"678\"\n\t\t height=\"542\"\t><\/video>\n\t<div class=\"wp-playlist-next\"><\/div>\n\t<div class=\"wp-playlist-prev\"><\/div>\n\t<noscript>\n\t<ol>\n\t\t<li><a href='https:\/\/www.sandie-brischler.com\/wp\/wp-content\/uploads\/2024\/06\/pictogrammes.mp4'>pictogrammes<\/a><\/li>\t<\/ol>\n\t<\/noscript>\n\t<script type=\"application\/json\" class=\"wp-playlist-script\">{\"type\":\"video\",\"tracklist\":true,\"tracknumbers\":true,\"images\":true,\"artists\":true,\"tracks\":[{\"src\":\"https:\/\/www.sandie-brischler.com\/wp\/wp-content\/uploads\/2024\/06\/pictogrammes.mp4\",\"type\":\"video\/mp4\",\"title\":\"pictogrammes\",\"caption\":\"\",\"description\":\"\",\"meta\":{\"length_formatted\":\"0:42\"},\"dimensions\":{\"original\":{\"width\":720,\"height\":576},\"resized\":{\"width\":678,\"height\":542}},\"image\":{\"src\":\"https:\/\/www.sandie-brischler.com\/wp\/wp-includes\/images\/media\/video.svg\",\"width\":48,\"height\":64},\"thumb\":{\"src\":\"https:\/\/www.sandie-brischler.com\/wp\/wp-includes\/images\/media\/video.svg\",\"width\":48,\"height\":64}}]}<\/script>\n<\/div>\n\t\n","protected":false},"excerpt":{"rendered":"<p>R\u00e9sidence \u00e0 l&rsquo;espace Argonne, Bruxelles Recherche a\u00e9rienne et graphique dans un \u00ab\u00a0polygone crois\u00e9\u00a0\u00bb (agr\u00e8s).<\/p>\n","protected":false},"author":2,"featured_media":0,"parent":0,"menu_order":0,"comment_status":"closed","ping_status":"closed","template":"","meta":{"footnotes":""},"tags":[],"class_list":["post-2559","page","type-page","status-publish","hentry"],"jetpack_sharing_enabled":true,"_links":{"self":[{"href":"https:\/\/www.sandie-brischler.com\/wp\/index.php?rest_route=\/wp\/v2\/pages\/2559","targetHints":{"allow":["GET"]}}],"collection":[{"href":"https:\/\/www.sandie-brischler.com\/wp\/index.php?rest_route=\/wp\/v2\/pages"}],"about":[{"href":"https:\/\/www.sandie-brischler.com\/wp\/index.php?rest_route=\/wp\/v2\/types\/page"}],"author":[{"embeddable":true,"href":"https:\/\/www.sandie-brischler.com\/wp\/index.php?rest_route=\/wp\/v2\/users\/2"}],"replies":[{"embeddable":true,"href":"https:\/\/www.sandie-brischler.com\/wp\/index.php?rest_route=%2Fwp%2Fv2%2Fcomments&post=2559"}],"version-history":[{"count":0,"href":"https:\/\/www.sandie-brischler.com\/wp\/index.php?rest_route=\/wp\/v2\/pages\/2559\/revisions"}],"wp:attachment":[{"href":"https:\/\/www.sandie-brischler.com\/wp\/index.php?rest_route=%2Fwp%2Fv2%2Fmedia&parent=2559"}],"wp:term":[{"taxonomy":"post_tag","embeddable":true,"href":"https:\/\/www.sandie-brischler.com\/wp\/index.php?rest_route=%2Fwp%2Fv2%2Ftags&post=2559"}],"curies":[{"name":"wp","href":"https:\/\/api.w.org\/{rel}","templated":true}]}}