{"id":2563,"date":"2024-06-20T19:20:09","date_gmt":"2024-06-20T19:20:09","guid":{"rendered":"http:\/\/www.sandie-brischler.com\/wp\/?page_id=2563"},"modified":"2024-07-03T19:28:53","modified_gmt":"2024-07-03T19:28:53","slug":"incorporations-2016","status":"publish","type":"page","link":"https:\/\/www.sandie-brischler.com\/wp\/?page_id=2563","title":{"rendered":"Incorporations (2016)"},"content":{"rendered":"<h3>R\u00e9sidence artistique aux \u00ab\u00a0Abattoirs\u00a0\u00bb, Casablanca (Maroc)<\/h3>\n<p>Premi\u00e8res recherches d&rsquo;int\u00e9gration du corps en suspension avec la s\u00e9rie de dessins \u00ab\u00a0<em>Oculaires<\/em>\u00a0\u00bb et \u00ab\u00a0<em>Listes de mots<\/em>\u00a0\u00bb (sous forme de projections).<\/p>\n\n\t<ul id=\"slideshowgallery2884\" class=\"slideshowgallery2884\" style=\"display:none;\">\n\t\t\t\t\t<!-- From all slides or gallery slides -->\n\t\t\t\t\t\t\t\n\t\t\t\t<li>\n\t\t\t\t\t<h3 style=\"opacity:70;\">OEILS (28)<\/h3>\n\t\t\t\t\t\t\t\t\t\t\t<span data-alt=\"oeils-28\">https:\/\/www.sandie-brischler.com\/wp\/wp-content\/uploads\/bfi_thumb\/OEILS-28-3ko5sfneu1kx8mc4c07zls.jpg<\/span>\n\t\t\t\t\t\t\t\t\t\t<p><\/p>\n\t\t\t\t\t\t\t\t\t\t\t\t\t\t\t\t\t\t<a><img decoding=\"async\" class=\"skip-lazy\" src=\"https:\/\/www.sandie-brischler.com\/wp\/wp-content\/uploads\/bfi_thumb\/OEILS-28-3ko5sfndp0a9fj0ga938qo.jpg\" alt=\"oeils-28\" \/><\/a>\n\t\t\t\t\t\t\t\t\t\t\t\t\t\t\t<\/li>\n\t\t\t\t\t\t\t\n\t\t\t\t<li>\n\t\t\t\t\t<h3 style=\"opacity:70;\">ECR (24)<\/h3>\n\t\t\t\t\t\t\t\t\t\t\t<span data-alt=\"ecr-24\">https:\/\/www.sandie-brischler.com\/wp\/wp-content\/uploads\/bfi_thumb\/ECR-24-3ko5sbr6qz233473e5hnuo.jpg<\/span>\n\t\t\t\t\t\t\t\t\t\t<p><\/p>\n\t\t\t\t\t\t\t\t\t\t\t\t\t\t\t\t\t\t<a><img decoding=\"async\" class=\"skip-lazy\" src=\"https:\/\/www.sandie-brischler.com\/wp\/wp-content\/uploads\/bfi_thumb\/ECR-24-3ko5sbr5lxrfa0vfcecwzk.jpg\" alt=\"ecr-24\" \/><\/a>\n\t\t\t\t\t\t\t\t\t\t\t\t\t\t\t<\/li>\n\t\t\t\t\t\t\t\n\t\t\t\t<li>\n\t\t\t\t\t<h3 style=\"opacity:70;\">ECR (26)<\/h3>\n\t\t\t\t\t\t\t\t\t\t\t<span data-alt=\"ecr-26\">https:\/\/www.sandie-brischler.com\/wp\/wp-content\/uploads\/bfi_thumb\/ECR-26-3ko5sbvpl9l9v5xys0obgg.jpg<\/span>\n\t\t\t\t\t\t\t\t\t\t<p><\/p>\n\t\t\t\t\t\t\t\t\t\t\t\t\t\t\t\t\t\t<a><img decoding=\"async\" class=\"skip-lazy\" src=\"https:\/\/www.sandie-brischler.com\/wp\/wp-content\/uploads\/bfi_thumb\/ECR-26-3ko5sbvog8am22maq9jklc.jpg\" alt=\"ecr-26\" \/><\/a>\n\t\t\t\t\t\t\t\t\t\t\t\t\t\t\t<\/li>\n\t\t\t\t\t\t\t\n\t\t\t\t<li>\n\t\t\t\t\t<h3 style=\"opacity:70;\">ECR (22)<\/h3>\n\t\t\t\t\t\t\t\t\t\t\t<span data-alt=\"ecr-22\">https:\/\/www.sandie-brischler.com\/wp\/wp-content\/uploads\/bfi_thumb\/ECR-22-3ko5sbmnwoiwb2g80ab08w.jpg<\/span>\n\t\t\t\t\t\t\t\t\t\t<p><\/p>\n\t\t\t\t\t\t\t\t\t\t\t\t\t\t\t\t\t\t<a><img decoding=\"async\" class=\"skip-lazy\" src=\"https:\/\/www.sandie-brischler.com\/wp\/wp-content\/uploads\/bfi_thumb\/ECR-22-3ko5sbmmrn88hz4jyj69ds.jpg\" alt=\"ecr-22\" \/><\/a>\n\t\t\t\t\t\t\t\t\t\t\t\t\t\t\t<\/li>\n\t\t\t\t\t\t\t\n\t\t\t\t<li>\n\t\t\t\t\t<h3 style=\"opacity:70;\">ECR (12)<\/h3>\n\t\t\t\t\t\t\t\t\t\t\t<span data-alt=\"ecr-12\">https:\/\/www.sandie-brischler.com\/wp\/wp-content\/uploads\/bfi_thumb\/ECR-12-3ko5sbi52dzpj0pcmf4cn4.jpg<\/span>\n\t\t\t\t\t\t\t\t\t\t<p><\/p>\n\t\t\t\t\t\t\t\t\t\t\t\t\t\t\t\t\t\t<a><img decoding=\"async\" class=\"skip-lazy\" src=\"https:\/\/www.sandie-brischler.com\/wp\/wp-content\/uploads\/bfi_thumb\/ECR-12-3ko5sbi3xcp1pxdoknzls0.jpg\" alt=\"ecr-12\" \/><\/a>\n\t\t\t\t\t\t\t\t\t\t\t\t\t\t\t<\/li>\n\t\t\t\t\t\t\t\n\t\t\t\t<li>\n\t\t\t\t\t<h3 style=\"opacity:70;\">ECR (1)<\/h3>\n\t\t\t\t\t\t\t\t\t\t\t<span data-alt=\"ecr-1\">https:\/\/www.sandie-brischler.com\/wp\/wp-content\/uploads\/bfi_thumb\/ECR-1-3ko5sbdm83giqyyh8jxp1c.jpg<\/span>\n\t\t\t\t\t\t\t\t\t\t<p><\/p>\n\t\t\t\t\t\t\t\t\t\t\t\t\t\t\t\t\t\t<a><img decoding=\"async\" class=\"skip-lazy\" src=\"https:\/\/www.sandie-brischler.com\/wp\/wp-content\/uploads\/bfi_thumb\/ECR-1-3ko5sbdl325uxvmt6ssy68.jpg\" alt=\"ecr-1\" \/><\/a>\n\t\t\t\t\t\t\t\t\t\t\t\t\t\t\t<\/li>\n\t\t\t\t\t\t\t\n\t\t\t\t<li>\n\t\t\t\t\t<h3 style=\"opacity:70;\">ecg<\/h3>\n\t\t\t\t\t\t\t\t\t\t\t<span data-alt=\"ecg\">https:\/\/www.sandie-brischler.com\/wp\/wp-content\/uploads\/bfi_thumb\/ecg-1-3ko5sb4kjie56vgqgtkdts.jpg<\/span>\n\t\t\t\t\t\t\t\t\t\t<p><\/p>\n\t\t\t\t\t\t\t\t\t\t\t\t\t\t\t\t\t\t<a><img decoding=\"async\" class=\"skip-lazy\" src=\"https:\/\/www.sandie-brischler.com\/wp\/wp-content\/uploads\/bfi_thumb\/ecg-1-3ko5sb4jeh3hds52f2fmyo.jpg\" alt=\"ecg\" \/><\/a>\n\t\t\t\t\t\t\t\t\t\t\t\t\t\t\t<\/li>\n\t\t\t\t\t\t\t\n\t\t\t\t<li>\n\t\t\t\t\t<h3 style=\"opacity:70;\">ecg var<\/h3>\n\t\t\t\t\t\t\t\t\t\t\t<span data-alt=\"ecg-var\">https:\/\/www.sandie-brischler.com\/wp\/wp-content\/uploads\/bfi_thumb\/ecg-var-3ko5sb01p7uyetpv2ydq80.jpg<\/span>\n\t\t\t\t\t\t\t\t\t\t<p><\/p>\n\t\t\t\t\t\t\t\t\t\t\t\t\t\t\t\t\t\t<a><img decoding=\"async\" class=\"skip-lazy\" src=\"https:\/\/www.sandie-brischler.com\/wp\/wp-content\/uploads\/bfi_thumb\/ecg-var-3ko5sb00k6kalqe7178zcw.jpg\" alt=\"ecg-var\" \/><\/a>\n\t\t\t\t\t\t\t\t\t\t\t\t\t\t\t<\/li>\n\t\t\t\t\t\t\t\n\t\t\t\t<li>\n\t\t\t\t\t<h3 style=\"opacity:70;\">ecg nega<\/h3>\n\t\t\t\t\t\t\t\t\t\t\t<span data-alt=\"ecg-nega\">https:\/\/www.sandie-brischler.com\/wp\/wp-content\/uploads\/bfi_thumb\/ecg-nega-3ko5saviuxbrmryzp372m8.jpg<\/span>\n\t\t\t\t\t\t\t\t\t\t<p><\/p>\n\t\t\t\t\t\t\t\t\t\t\t\t\t\t\t\t\t\t<a><img decoding=\"async\" class=\"skip-lazy\" src=\"https:\/\/www.sandie-brischler.com\/wp\/wp-content\/uploads\/bfi_thumb\/ecg-nega-3ko5savhpw13tonbnc2br4.jpg\" alt=\"ecg-nega\" \/><\/a>\n\t\t\t\t\t\t\t\t\t\t\t\t\t\t\t<\/li>\n\t\t\t\t\t\t\t\n\t\t\t\t<li>\n\t\t\t\t\t<h3 style=\"opacity:70;\">ECG (5)<\/h3>\n\t\t\t\t\t\t\t\t\t\t\t<span data-alt=\"ecg-5\">https:\/\/www.sandie-brischler.com\/wp\/wp-content\/uploads\/bfi_thumb\/ECG-5-3ko5sadfhr70ikzi5mgg74.jpg<\/span>\n\t\t\t\t\t\t\t\t\t\t<p><\/p>\n\t\t\t\t\t\t\t\t\t\t\t\t\t\t\t\t\t\t<a><img decoding=\"async\" class=\"skip-lazy\" src=\"https:\/\/www.sandie-brischler.com\/wp\/wp-content\/uploads\/bfi_thumb\/ECG-5-3ko5sadecpwcphnu3vbpc0.jpg\" alt=\"ecg-5\" \/><\/a>\n\t\t\t\t\t\t\t\t\t\t\t\t\t\t\t<\/li>\n\t\t\t\t\t\t\t\n\t\t\t\t<li>\n\t\t\t\t\t<h3 style=\"opacity:70;\">OEILS (21)<\/h3>\n\t\t\t\t\t\t\t\t\t\t\t<span data-alt=\"oeils-21\">https:\/\/www.sandie-brischler.com\/wp\/wp-content\/uploads\/bfi_thumb\/OEILS-21-3ko5s9vc4l29ee00m5pts0.jpg<\/span>\n\t\t\t\t\t\t\t\t\t\t<p><\/p>\n\t\t\t\t\t\t\t\t\t\t\t\t\t\t\t\t\t\t<a><img decoding=\"async\" class=\"skip-lazy\" src=\"https:\/\/www.sandie-brischler.com\/wp\/wp-content\/uploads\/bfi_thumb\/OEILS-21-3ko5s9vazjrllaockel2ww.jpg\" alt=\"oeils-21\" \/><\/a>\n\t\t\t\t\t\t\t\t\t\t\t\t\t\t\t<\/li>\n\t\t\t\t\t\t\t\n\t\t\t\t<li>\n\t\t\t\t\t<h3 style=\"opacity:70;\">GES (10)<\/h3>\n\t\t\t\t\t\t\t\t\t\t\t<span data-alt=\"ges-10\">https:\/\/www.sandie-brischler.com\/wp\/wp-content\/uploads\/bfi_thumb\/GES-10-3ko5sc08fk4gn7ou5vuz28.jpg<\/span>\n\t\t\t\t\t\t\t\t\t\t<p><\/p>\n\t\t\t\t\t\t\t\t\t\t\t\t\t\t\t\t\t\t<a><img decoding=\"async\" class=\"skip-lazy\" src=\"https:\/\/www.sandie-brischler.com\/wp\/wp-content\/uploads\/bfi_thumb\/GES-10-3ko5sc07aitsu4d644q874.jpg\" alt=\"ges-10\" \/><\/a>\n\t\t\t\t\t\t\t\t\t\t\t\t\t\t\t<\/li>\n\t\t\t\t\t\t\t\n\t\t\t\t<li>\n\t\t\t\t\t<h3 style=\"opacity:70;\">LIGNES (1)<\/h3>\n\t\t\t\t\t\t\t\t\t\t\t<span data-alt=\"lignes-1\">https:\/\/www.sandie-brischler.com\/wp\/wp-content\/uploads\/bfi_thumb\/LIGNES-1-3ko5scdsyfq0zcxgbhexvk.jpg<\/span>\n\t\t\t\t\t\t\t\t\t\t<p><\/p>\n\t\t\t\t\t\t\t\t\t\t\t\t\t\t\t\t\t\t<a><img decoding=\"async\" class=\"skip-lazy\" src=\"https:\/\/www.sandie-brischler.com\/wp\/wp-content\/uploads\/bfi_thumb\/LIGNES-1-3ko5scdrtefd69ls9qa70g.jpg\" alt=\"lignes-1\" \/><\/a>\n\t\t\t\t\t\t\t\t\t\t\t\t\t\t\t<\/li>\n\t\t\t\t\t\t\t\n\t\t\t\t<li>\n\t\t\t\t\t<h3 style=\"opacity:70;\">OEILS (23)<\/h3>\n\t\t\t\t\t\t\t\t\t\t\t<span data-alt=\"oeils-23\">https:\/\/www.sandie-brischler.com\/wp\/wp-content\/uploads\/bfi_thumb\/OEILS-23-3ko5sfed5gijoiudk9uoe8.jpg<\/span>\n\t\t\t\t\t\t\t\t\t\t<p><\/p>\n\t\t\t\t\t\t\t\t\t\t\t\t\t\t\t\t\t\t<a><img decoding=\"async\" class=\"skip-lazy\" src=\"https:\/\/www.sandie-brischler.com\/wp\/wp-content\/uploads\/bfi_thumb\/OEILS-23-3ko5sfec0f7vvfipiipxj4.jpg\" alt=\"oeils-23\" \/><\/a>\n\t\t\t\t\t\t\t\t\t\t\t\t\t\t\t<\/li>\n\t\t\t\t\t\t\t\n\t\t\t\t<li>\n\t\t\t\t\t<h3 style=\"opacity:70;\">OEILS (21)<\/h3>\n\t\t\t\t\t\t\t\t\t\t\t<span data-alt=\"oeils-21\">https:\/\/www.sandie-brischler.com\/wp\/wp-content\/uploads\/bfi_thumb\/OEILS-21-1-3ko5sf9ub5zcwh3i6eo0sg.jpg<\/span>\n\t\t\t\t\t\t\t\t\t\t<p><\/p>\n\t\t\t\t\t\t\t\t\t\t\t\t\t\t\t\t\t\t<a><img decoding=\"async\" class=\"skip-lazy\" src=\"https:\/\/www.sandie-brischler.com\/wp\/wp-content\/uploads\/bfi_thumb\/OEILS-21-1-3ko5sf9t64op3dru4nj9xc.jpg\" alt=\"oeils-21\" \/><\/a>\n\t\t\t\t\t\t\t\t\t\t\t\t\t\t\t<\/li>\n\t\t\t\t\t\t\t\n\t\t\t\t<li>\n\t\t\t\t\t<h3 style=\"opacity:70;\">OEILS (13)<\/h3>\n\t\t\t\t\t\t\t\t\t\t\t<span data-alt=\"oeils-13\">https:\/\/www.sandie-brischler.com\/wp\/wp-content\/uploads\/bfi_thumb\/OEILS-13-3ko5sf5bgvg64fcmsjhd6o.jpg<\/span>\n\t\t\t\t\t\t\t\t\t\t<p><\/p>\n\t\t\t\t\t\t\t\t\t\t\t\t\t\t\t\t\t\t<a><img decoding=\"async\" class=\"skip-lazy\" src=\"https:\/\/www.sandie-brischler.com\/wp\/wp-content\/uploads\/bfi_thumb\/OEILS-13-3ko5sf5abu5ibc0yqscmbk.jpg\" alt=\"oeils-13\" \/><\/a>\n\t\t\t\t\t\t\t\t\t\t\t\t\t\t\t<\/li>\n\t\t\t\t\t\t\t\n\t\t\t\t<li>\n\t\t\t\t\t<h3 style=\"opacity:70;\">LISTES (44)<\/h3>\n\t\t\t\t\t\t\t\t\t\t\t<span data-alt=\"listes-44\">https:\/\/www.sandie-brischler.com\/wp\/wp-content\/uploads\/bfi_thumb\/LISTES-44-3ko5sdrk7nl3jw51k0g5j4.jpg<\/span>\n\t\t\t\t\t\t\t\t\t\t<p><\/p>\n\t\t\t\t\t\t\t\t\t\t\t\t\t\t\t\t\t\t<a><img decoding=\"async\" class=\"skip-lazy\" src=\"https:\/\/www.sandie-brischler.com\/wp\/wp-content\/uploads\/bfi_thumb\/LISTES-44-3ko5sdrj2mafqstdi9beo0.jpg\" alt=\"listes-44\" \/><\/a>\n\t\t\t\t\t\t\t\t\t\t\t\t\t\t\t<\/li>\n\t\t\t\t\t\t\t\n\t\t\t\t<li>\n\t\t\t\t\t<h3 style=\"opacity:70;\">LISTES (47)<\/h3>\n\t\t\t\t\t\t\t\t\t\t\t<span data-alt=\"listes-47\">https:\/\/www.sandie-brischler.com\/wp\/wp-content\/uploads\/bfi_thumb\/LISTES-47-3ko5se54qj6nw1dnpm04cg.jpg<\/span>\n\t\t\t\t\t\t\t\t\t\t<p><\/p>\n\t\t\t\t\t\t\t\t\t\t\t\t\t\t\t\t\t\t<a><img decoding=\"async\" class=\"skip-lazy\" src=\"https:\/\/www.sandie-brischler.com\/wp\/wp-content\/uploads\/bfi_thumb\/LISTES-47-3ko5se53lhw02y1znuvdhc.jpg\" alt=\"listes-47\" \/><\/a>\n\t\t\t\t\t\t\t\t\t\t\t\t\t\t\t<\/li>\n\t\t\t\t\t\t\t\n\t\t\t\t<li>\n\t\t\t\t\t<h3 style=\"opacity:70;\">OEIL (3)<\/h3>\n\t\t\t\t\t\t\t\t\t\t\t<span data-alt=\"oeil-3\">https:\/\/www.sandie-brischler.com\/wp\/wp-content\/uploads\/bfi_thumb\/OEIL-3-1-3ko5see6f491g4vehcdfk0.jpg<\/span>\n\t\t\t\t\t\t\t\t\t\t<p><\/p>\n\t\t\t\t\t\t\t\t\t\t\t\t\t\t\t\t\t\t<a><img decoding=\"async\" class=\"skip-lazy\" src=\"https:\/\/www.sandie-brischler.com\/wp\/wp-content\/uploads\/bfi_thumb\/OEIL-3-1-3ko5see5a2ydn1jqfl8oow.jpg\" alt=\"oeil-3\" \/><\/a>\n\t\t\t\t\t\t\t\t\t\t\t\t\t\t\t<\/li>\n\t\t\t\t\t\t\t\n\t\t\t\t<li>\n\t\t\t\t\t<h3 style=\"opacity:70;\">OEILS (2)<\/h3>\n\t\t\t\t\t\t\t\t\t\t\t<span data-alt=\"oeils-2\">https:\/\/www.sandie-brischler.com\/wp\/wp-content\/uploads\/bfi_thumb\/OEILS-2-3ko5sen83pbf08d592qqrk.jpg<\/span>\n\t\t\t\t\t\t\t\t\t\t<p><\/p>\n\t\t\t\t\t\t\t\t\t\t\t\t\t\t\t\t\t\t<a><img decoding=\"async\" class=\"skip-lazy\" src=\"https:\/\/www.sandie-brischler.com\/wp\/wp-content\/uploads\/bfi_thumb\/OEILS-2-3ko5sen6yo0r751h7blzwg.jpg\" alt=\"oeils-2\" \/><\/a>\n\t\t\t\t\t\t\t\t\t\t\t\t\t\t\t<\/li>\n\t\t\t\t\t\t\t\n\t\t\t\t<li>\n\t\t\t\t\t<h3 style=\"opacity:70;\">OEILS (4)<\/h3>\n\t\t\t\t\t\t\t\t\t\t\t<span data-alt=\"oeils-4\">https:\/\/www.sandie-brischler.com\/wp\/wp-content\/uploads\/bfi_thumb\/OEILS-4-3ko5serqxzulsa40mxxedc.jpg<\/span>\n\t\t\t\t\t\t\t\t\t\t<p><\/p>\n\t\t\t\t\t\t\t\t\t\t\t\t\t\t\t\t\t\t<a><img decoding=\"async\" class=\"skip-lazy\" src=\"https:\/\/www.sandie-brischler.com\/wp\/wp-content\/uploads\/bfi_thumb\/OEILS-4-3ko5serpsyjxz6scl6sni8.jpg\" alt=\"oeils-4\" \/><\/a>\n\t\t\t\t\t\t\t\t\t\t\t\t\t\t\t<\/li>\n\t\t\t\t\t\t\t\n\t\t\t\t<li>\n\t\t\t\t\t<h3 style=\"opacity:70;\">OEILS (5)<\/h3>\n\t\t\t\t\t\t\t\t\t\t\t<span data-alt=\"oeils-5\">https:\/\/www.sandie-brischler.com\/wp\/wp-content\/uploads\/bfi_thumb\/OEILS-5-3ko5sew9sadskbuw0t41z4.jpg<\/span>\n\t\t\t\t\t\t\t\t\t\t<p><\/p>\n\t\t\t\t\t\t\t\t\t\t\t\t\t\t\t\t\t\t<a><img decoding=\"async\" class=\"skip-lazy\" src=\"https:\/\/www.sandie-brischler.com\/wp\/wp-content\/uploads\/bfi_thumb\/OEILS-5-3ko5sew8n934r8j7z1zb40.jpg\" alt=\"oeils-5\" \/><\/a>\n\t\t\t\t\t\t\t\t\t\t\t\t\t\t\t<\/li>\n\t\t\t\t\t\t\t\n\t\t\t\t<li>\n\t\t\t\t\t<h3 style=\"opacity:70;\">GES (12)<\/h3>\n\t\t\t\t\t\t\t\t\t\t\t<span data-alt=\"ges-12\">https:\/\/www.sandie-brischler.com\/wp\/wp-content\/uploads\/bfi_thumb\/GES-12-3ko5sc9a456u7b6kxm8a9s.jpg<\/span>\n\t\t\t\t\t\t\t\t\t\t<p><\/p>\n\t\t\t\t\t\t\t\t\t\t\t\t\t\t\t\t\t\t<a><img decoding=\"async\" class=\"skip-lazy\" src=\"https:\/\/www.sandie-brischler.com\/wp\/wp-content\/uploads\/bfi_thumb\/GES-12-3ko5sc98z3w6e7uwvv3jeo.jpg\" alt=\"ges-12\" \/><\/a>\n\t\t\t\t\t\t\t\t\t\t\t\t\t\t\t<\/li>\n\t\t\t\t\t\t\t\n\t\t\t\t<li>\n\t\t\t\t\t<h3 style=\"opacity:70;\">ECG (1)<\/h3>\n\t\t\t\t\t\t\t\t\t\t\t<span data-alt=\"ecg-1\">https:\/\/www.sandie-brischler.com\/wp\/wp-content\/uploads\/bfi_thumb\/ECG-1-3ko5s9zuyvlg6fqw00whds.jpg<\/span>\n\t\t\t\t\t\t\t\t\t\t<p><\/p>\n\t\t\t\t\t\t\t\t\t\t\t\t\t\t\t\t\t\t<a><img decoding=\"async\" class=\"skip-lazy\" src=\"https:\/\/www.sandie-brischler.com\/wp\/wp-content\/uploads\/bfi_thumb\/ECG-1-3ko5s9zttuasdcf7y9rqio.jpg\" alt=\"ecg-1\" \/><\/a>\n\t\t\t\t\t\t\t\t\t\t\t\t\t\t\t<\/li>\n\t\t\t\t\t\t<\/ul>\n\t\n\t<div id=\"slideshow-wrappergallery2884\" class=\"slideshow-wrapper\">\n\t\t\t\n\t\t<div class=\"slideshow-fullsize\" id=\"fullsizegallery2884\">\n\t\t\t\t\t\t\t\t\t\t\t\t\t\t<div id=\"imgprevgallery2884\" class=\"slideshow-imgprev imgnav\" title=\"Previous Image\">Previous Image<\/div>\n\t\t\t\t\t\t<a id=\"imglinkgallery2884\" class=\"slideshow-imglink imglink\"><!-- link --><\/a>\n\t\t\t\t\t\t\t\t\t\t\t<div id=\"imgnextgallery2884\" class=\"slideshow-imgnext imgnav\" title=\"Next Image\">Next Image<\/div>\n\t\t\t\t\t\t<div id=\"imagegallery2884\" class=\"slideshow-image\"><\/div>\n\t\t\t<div class=\"slideshow-information infobottom\" id=\"informationgallery2884\">\n\t\t\t\t<h3 class=\"slideshow-info-heading\">info heading<\/h3>\n\t\t\t\t<p class=\"slideshow-info-content\">info content<\/p>\n\t\t\t<\/div>\n\t\t<\/div>\n\t\t\n\t\t\t\t\t<div id=\"thumbnailsgallery2884\" class=\"slideshow-thumbnails thumbsbot\">\n\t\t\t\t<div class=\"slideshow-slideleft\" id=\"slideleftgallery2884\" title=\"Slide Left\"><\/div>\n\t\t\t\t<div class=\"slideshow-slidearea\" id=\"slideareagallery2884\">\n\t\t\t\t\t<div class=\"slideshow-slider\" id=\"slidergallery2884\"><\/div>\n\t\t\t\t<\/div>\n\t\t\t\t<div class=\"slideshow-slideright\" id=\"sliderightgallery2884\" title=\"Slide Right\"><\/div>\n\t\t\t\t<br style=\"clear:both; visibility:hidden; height:1px;\" \/>\n\t\t\t<\/div>\n\t\t\t<\/div>\n\t\n\t\n\t<!-- Slideshow Gallery Javascript BEG -->\t\t<script type=\"text\/javascript\">\tjQuery.noConflict();\ttid('slideshowgallery2884').style.display = \"none\";\ttid('slideshow-wrappergallery2884').style.display = 'block';\ttid('slideshow-wrappergallery2884').style.visibility = 'hidden';\tvar spinnerDiv = document.createElement('div');\tspinnerDiv.setAttribute('id', 'spinnergallery2884');\tspinnerDiv.innerHTML = '<i class=\"fa fa-cog fa-spin\"><\/i>';\tjQuery(spinnerDiv).appendTo('#fullsizegallery2884');\ttid('spinnergallery2884').style.visibility = 'visible';\tvar slideshowgallery2884 = new TINY.slideshow(\"slideshowgallery2884\");\tjQuery(document).ready(function() {\t\tslideshowgallery2884.auto = true;\t\tslideshowgallery2884.speed = 5;\t\tslideshowgallery2884.effect = \"slide\";\t\tslideshowgallery2884.slide_direction = \"lr\";\t\tslideshowgallery2884.easing = \"swing\";\t\tslideshowgallery2884.alwaysauto = true;\t\tslideshowgallery2884.autoheight = true;\t\tslideshowgallery2884.autoheight_max = false;\t\tslideshowgallery2884.imgSpeed = 11;\t\tslideshowgallery2884.navOpacity = 71;\t\tslideshowgallery2884.navHover = 75;\t\tslideshowgallery2884.letterbox = \"#000000\";\t\tslideshowgallery2884.linkclass = \"linkhover\";\t\tslideshowgallery2884.imagesid = \"imagesgallery2884\";\t\tslideshowgallery2884.info = \"\";\t\tslideshowgallery2884.infoonhover = 0;\t\tslideshowgallery2884.infoSpeed = 10;\t\tslideshowgallery2884.infodelay = 0;\t\tslideshowgallery2884.infofade = 0;\t\tslideshowgallery2884.infofadedelay = 0;\t\tslideshowgallery2884.thumbs = \"slidergallery2884\";\t\tslideshowgallery2884.thumbOpacity = 70;\t\tslideshowgallery2884.left = \"slideleftgallery2884\";\t\tslideshowgallery2884.right = \"sliderightgallery2884\";\t\tslideshowgallery2884.scrollSpeed = 5;\t\tslideshowgallery2884.spacing = 5;\t\tslideshowgallery2884.active = \"#ffffff\";\t\tslideshowgallery2884.imagesthickbox = \"false\";\t\tjQuery(\"#spinnergallery2884\").remove();\t\tslideshowgallery2884.init(\"slideshowgallery2884\",\"imagegallery2884\",\"imgprevgallery2884\",\"imgnextgallery2884\",\"imglinkgallery2884\");\t\ttid('slideshow-wrappergallery2884').style.visibility = 'visible';\t\tjQuery(window).trigger('resize');\t\t\t\t\t});\t\t<\/script>\t\t<!-- Slideshow Gallery Javascript END --><!-- Slideshow Gallery CSS BEG --><style id=\"style-gallery2884\">        ul.slideshowgallery2884 { list-style:none !important; color:#fff; }\n        ul.slideshowgallery2884 span { display:none; }\n        #slideshow-wrappergallery2884 { overflow:hidden; position:relative; width:800px; background:#000000; padding:0 0 0 0; border:1px solid #CCCCCC; margin:0; display:none; }\n        #slideshow-wrappergallery2884 * { margin:0; padding:0; }\n        #slideshow-wrappergallery2884 #fullsizegallery2884 { position:relative; z-index:1; overflow:hidden; width:800px; height:0px; clear:both; border: none; }\n        #slideshow-wrappergallery2884 #informationgallery2884 { text-align:left; font-family:Verdana, Arial, Helvetica, sans-serif !important; position:absolute; bottom:0; width:800px; height:0; background:#000000; color:#FFFFFF; overflow:hidden; z-index:300; opacity:.7; filter:alpha(opacity=70); }\n        #slideshow-wrappergallery2884 #informationgallery2884 h3 { color:#FFFFFF; padding:4px 8px 3px; margin:0 !important; font-size:16px; font-weight:bold; }\n        #slideshow-wrappergallery2884 #informationgallery2884 a { color:#FFFFFF; }\n        #slideshow-wrappergallery2884 #informationgallery2884 p { color:#FFFFFF; padding:0 8px 8px; margin:0 !important; font-size: 14px; font-weight:normal; }\n        #slideshow-wrappergallery2884 .infotop { margin-bottom:8px !important; top:0; }\n        #slideshow-wrappergallery2884 .infobottom { margin-top:8px !important; bottom:0; }\n                    #slideshow-wrappergallery2884 #imagegallery2884 { width:800px; }\n            #slideshow-wrappergallery2884 #imagegallery2884 img { border:none; border-radius:0; box-shadow:none; position:absolute; height:auto; max-width:100%; margin:0 auto; display:block; }\n                #slideshow-wrappergallery2884 .imgnav { position:absolute; width:25%; height:100%; cursor:pointer; z-index:250; }\n        #slideshow-wrappergallery2884 #imgprevgallery2884:before { font-family:FontAwesome; content:\"\\f053\"; font-size:30px; color:white; visibility:visible; left:0; text-align:left; width: auto; height:auto; line-height:160%; top:50%; margin:-30px 0 0 0; border-radius:0 10px 10px 0; background:black; padding:3px 10px 0 10px; position: absolute; display: inline-block; }\n        #slideshow-wrappergallery2884 #imgprevgallery2884 { display:none; -moz-user-select: none; -khtml-user-select: none; -webkit-user-select: none; -o-user-select: none; left:0; font-size:0px; }\n        #slideshow-wrappergallery2884 #imgnextgallery2884:before { font-family:FontAwesome; content:\"\\f054\"; font-size:30px; color:white; visibility:visible; right:0; text-align:right; width: auto; height:auto; line-height:160%; top:50%; margin:-30px 0 0 0; border-radius:10px 0 0 10px; background:black; padding:3px 10px 0 10px; position: absolute; display: inline-block; }\n        #slideshow-wrappergallery2884 #imgnextgallery2884 { display:none; -moz-user-select: none; -khtml-user-select: none; -webkit-user-select: none; -o-user-select: none; right:0; font-size:0px; }\n        #slideshow-wrappergallery2884 #imglinkgallery2884 { position:absolute; zoom:1; background-color:#ffffff; height:100%; width:100%; left:0; z-index:149; opacity:0; filter:alpha(opacity=0); }\n        #slideshow-wrappergallery2884 .linkhover:before { font-family:FontAwesome; content:\"\\f14c\"; font-size:30px; text-align:center; height:auto; line-height:160%; width:auto; top:50%; left:auto; right:auto; margin:-30px 0 0 0; padding:0px 12px; display: inline-block; position: relative; background:black; color:white; border-radius:10px; }\n        #slideshow-wrappergallery2884 .linkhover { background:transparent !important; opacity:.4 !important; filter:alpha(opacity=40) !important; text-align:center; font-size:0px; }\n        #slideshow-wrappergallery2884 #thumbnailsgallery2884 { background:#000000; }\n        #slideshow-wrappergallery2884 .thumbstop { margin-bottom:8px !important; }\n        #slideshow-wrappergallery2884 .thumbsbot { margin-top:8px !important; }\n        #slideshow-wrappergallery2884 #slideleftgallery2884:before { font-family:FontAwesome; content: \"\\f104\"; color:#999; position: absolute; height: auto; line-height:160%; width: auto; display: inline-block; top: 50%; font-size: 30px; margin: -30px 0 0 0; padding: 0 5px; }\n        #slideshow-wrappergallery2884 #slideleftgallery2884 { text-align:left; float:left; position:relative; width:20px; height:89px; background:#222; }\n        #slideshow-wrappergallery2884 #slideleftgallery2884:hover { background-color:#333; }\n        #slideshow-wrappergallery2884 #sliderightgallery2884:before { font-family:FontAwesome; content: \"\\f105\"; color:#999; position: absolute; height: auto; line-height:160%; width: auto; display: inline-block; top: 50%; font-size: 30px; margin: -30px 0 0 0; padding: 0 5px; }\n        #slideshow-wrappergallery2884 #sliderightgallery2884 { text-align:left; float:right; position:relative; width:20px; height:89px; background:#222; }\n        #slideshow-wrappergallery2884 #sliderightgallery2884:hover { background-color:#333; }\n        #slideshow-wrappergallery2884 #slideareagallery2884 { float:left; position:relative; background:#000000; width:745px; margin:0 5px; height:89px; overflow:hidden; }\n        #slideshow-wrappergallery2884 #slidergallery2884 { position:absolute; width:2724px !important; left:0; height:89px; }\n        #slideshow-wrappergallery2884 #slidergallery2884 img { width:100px; height:75px; cursor:pointer; border:1px solid #666; padding:2px; float:left !important; }\n        #slideshow-wrappergallery2884 #spinnergallery2884 { position:relative; top:50%; left:45%; text-align:left; font-size:30px; }\n        #slideshow-wrappergallery2884 #spinnergallery2884 img { border:none; }\n                    <\/style><!-- Slideshow Gallery CSS END -->\n<p>&nbsp;<\/p>\n<p>&nbsp;<\/p>\n<figure id=\"attachment_2564\" aria-describedby=\"caption-attachment-2564\" style=\"width: 1197px\" class=\"wp-caption alignnone\"><img loading=\"lazy\" decoding=\"async\" class=\"wp-image-2564 size-full\" src=\"http:\/\/www.sandie-brischler.com\/wp\/wp-content\/uploads\/2024\/06\/plaquette.jpg\" alt=\"\" width=\"1197\" height=\"1651\" srcset=\"https:\/\/www.sandie-brischler.com\/wp\/wp-content\/uploads\/2024\/06\/plaquette.jpg 1197w, https:\/\/www.sandie-brischler.com\/wp\/wp-content\/uploads\/2024\/06\/plaquette-218x300.jpg 218w, https:\/\/www.sandie-brischler.com\/wp\/wp-content\/uploads\/2024\/06\/plaquette-768x1059.jpg 768w, https:\/\/www.sandie-brischler.com\/wp\/wp-content\/uploads\/2024\/06\/plaquette-742x1024.jpg 742w\" sizes=\"auto, (max-width: 1197px) 100vw, 1197px\" \/><figcaption id=\"caption-attachment-2564\" class=\"wp-caption-text\">Projections des dessins \u00ab\u00a0Listes de mots\u00a0\u00bb et interaction avec le corps en suspension<\/figcaption><\/figure>\n","protected":false},"excerpt":{"rendered":"<p>R\u00e9sidence artistique aux \u00ab\u00a0Abattoirs\u00a0\u00bb, Casablanca (Maroc) Premi\u00e8res recherches d&rsquo;int\u00e9gration du corps en suspension avec la s\u00e9rie de dessins \u00ab\u00a0Oculaires\u00a0\u00bb et \u00ab\u00a0Listes de mots\u00a0\u00bb (sous forme de projections). &nbsp; &nbsp;<\/p>\n","protected":false},"author":2,"featured_media":0,"parent":0,"menu_order":0,"comment_status":"closed","ping_status":"closed","template":"","meta":{"footnotes":""},"tags":[],"class_list":["post-2563","page","type-page","status-publish","hentry"],"jetpack_sharing_enabled":true,"_links":{"self":[{"href":"https:\/\/www.sandie-brischler.com\/wp\/index.php?rest_route=\/wp\/v2\/pages\/2563","targetHints":{"allow":["GET"]}}],"collection":[{"href":"https:\/\/www.sandie-brischler.com\/wp\/index.php?rest_route=\/wp\/v2\/pages"}],"about":[{"href":"https:\/\/www.sandie-brischler.com\/wp\/index.php?rest_route=\/wp\/v2\/types\/page"}],"author":[{"embeddable":true,"href":"https:\/\/www.sandie-brischler.com\/wp\/index.php?rest_route=\/wp\/v2\/users\/2"}],"replies":[{"embeddable":true,"href":"https:\/\/www.sandie-brischler.com\/wp\/index.php?rest_route=%2Fwp%2Fv2%2Fcomments&post=2563"}],"version-history":[{"count":0,"href":"https:\/\/www.sandie-brischler.com\/wp\/index.php?rest_route=\/wp\/v2\/pages\/2563\/revisions"}],"wp:attachment":[{"href":"https:\/\/www.sandie-brischler.com\/wp\/index.php?rest_route=%2Fwp%2Fv2%2Fmedia&parent=2563"}],"wp:term":[{"taxonomy":"post_tag","embeddable":true,"href":"https:\/\/www.sandie-brischler.com\/wp\/index.php?rest_route=%2Fwp%2Fv2%2Ftags&post=2563"}],"curies":[{"name":"wp","href":"https:\/\/api.w.org\/{rel}","templated":true}]}}