{"id":2614,"date":"2024-06-20T20:14:28","date_gmt":"2024-06-20T20:14:28","guid":{"rendered":"http:\/\/www.sandie-brischler.com\/wp\/?page_id=2614"},"modified":"2025-04-25T11:27:33","modified_gmt":"2025-04-25T11:27:33","slug":"multicorps-performance-2017-2020","status":"publish","type":"page","link":"https:\/\/www.sandie-brischler.com\/wp\/?page_id=2614","title":{"rendered":"MultiCorps (2017-2020)"},"content":{"rendered":"<h3>Th\u00e9\u00e2tre Nomade de Casablanca, Maroc<\/h3>\n<p><span style=\"text-decoration: underline;\">Performance \/ concept<\/span>: Sandie Brischler<\/p>\n<p><span style=\"color: #ffff00;\"><strong><a style=\"color: #ffff00;\" href=\"https:\/\/www.sandie-brischler.com\/wp\/?page_id=3576\">ENGLISH HERE<\/a><\/strong><\/span><\/p>\n<p><img loading=\"lazy\" decoding=\"async\" class=\"alignnone size-full wp-image-3056\" src=\"https:\/\/www.sandie-brischler.com\/wp\/wp-content\/uploads\/2024\/07\/BEST-UCEF-10.jpg\" alt=\"\" width=\"1224\" height=\"816\" srcset=\"https:\/\/sandie-brischler.com\/wp\/wp-content\/uploads\/2024\/07\/BEST-UCEF-10.jpg 1224w, https:\/\/sandie-brischler.com\/wp\/wp-content\/uploads\/2024\/07\/BEST-UCEF-10-300x200.jpg 300w, https:\/\/sandie-brischler.com\/wp\/wp-content\/uploads\/2024\/07\/BEST-UCEF-10-1024x683.jpg 1024w, https:\/\/sandie-brischler.com\/wp\/wp-content\/uploads\/2024\/07\/BEST-UCEF-10-768x512.jpg 768w, https:\/\/sandie-brischler.com\/wp\/wp-content\/uploads\/2024\/07\/BEST-UCEF-10-500x333.jpg 500w, https:\/\/sandie-brischler.com\/wp\/wp-content\/uploads\/2024\/07\/BEST-UCEF-10-800x533.jpg 800w, https:\/\/sandie-brischler.com\/wp\/wp-content\/uploads\/2024\/07\/BEST-UCEF-10-600x400.jpg 600w\" sizes=\"auto, (max-width: 1224px) 100vw, 1224px\" \/><\/p>\n<div id='gallery-1' class='gallery galleryid-2614 gallery-columns-3 gallery-size-medium'><figure class='gallery-item'>\n\t\t\t<div class='gallery-icon portrait'>\n\t\t\t\t<a href='https:\/\/www.sandie-brischler.com\/wp\/?attachment_id=3063'><img loading=\"lazy\" decoding=\"async\" width=\"200\" height=\"300\" src=\"https:\/\/sandie-brischler.com\/wp\/wp-content\/uploads\/2024\/07\/UCEF3-200x300.jpg\" class=\"attachment-medium size-medium\" alt=\"\" srcset=\"https:\/\/sandie-brischler.com\/wp\/wp-content\/uploads\/2024\/07\/UCEF3-200x300.jpg 200w, https:\/\/sandie-brischler.com\/wp\/wp-content\/uploads\/2024\/07\/UCEF3-600x900.jpg 600w, https:\/\/sandie-brischler.com\/wp\/wp-content\/uploads\/2024\/07\/UCEF3.jpg 640w\" sizes=\"auto, (max-width: 200px) 100vw, 200px\" \/><\/a>\n\t\t\t<\/div><\/figure><figure class='gallery-item'>\n\t\t\t<div class='gallery-icon portrait'>\n\t\t\t\t<a href='https:\/\/www.sandie-brischler.com\/wp\/?attachment_id=3061'><img loading=\"lazy\" decoding=\"async\" width=\"200\" height=\"300\" src=\"https:\/\/sandie-brischler.com\/wp\/wp-content\/uploads\/2024\/07\/UCEF5-200x300.jpg\" class=\"attachment-medium size-medium\" alt=\"\" srcset=\"https:\/\/sandie-brischler.com\/wp\/wp-content\/uploads\/2024\/07\/UCEF5-200x300.jpg 200w, https:\/\/sandie-brischler.com\/wp\/wp-content\/uploads\/2024\/07\/UCEF5-600x900.jpg 600w, https:\/\/sandie-brischler.com\/wp\/wp-content\/uploads\/2024\/07\/UCEF5.jpg 640w\" sizes=\"auto, (max-width: 200px) 100vw, 200px\" \/><\/a>\n\t\t\t<\/div><\/figure><figure class='gallery-item'>\n\t\t\t<div class='gallery-icon portrait'>\n\t\t\t\t<a href='https:\/\/www.sandie-brischler.com\/wp\/?attachment_id=3044'><img loading=\"lazy\" decoding=\"async\" width=\"200\" height=\"300\" src=\"https:\/\/sandie-brischler.com\/wp\/wp-content\/uploads\/2024\/07\/BEST-UCEF-12-200x300.jpg\" class=\"attachment-medium size-medium\" alt=\"\" srcset=\"https:\/\/sandie-brischler.com\/wp\/wp-content\/uploads\/2024\/07\/BEST-UCEF-12-200x300.jpg 200w, https:\/\/sandie-brischler.com\/wp\/wp-content\/uploads\/2024\/07\/BEST-UCEF-12-683x1024.jpg 683w, https:\/\/sandie-brischler.com\/wp\/wp-content\/uploads\/2024\/07\/BEST-UCEF-12-768x1152.jpg 768w, https:\/\/sandie-brischler.com\/wp\/wp-content\/uploads\/2024\/07\/BEST-UCEF-12-500x750.jpg 500w, https:\/\/sandie-brischler.com\/wp\/wp-content\/uploads\/2024\/07\/BEST-UCEF-12-800x1200.jpg 800w, https:\/\/sandie-brischler.com\/wp\/wp-content\/uploads\/2024\/07\/BEST-UCEF-12-600x900.jpg 600w, https:\/\/sandie-brischler.com\/wp\/wp-content\/uploads\/2024\/07\/BEST-UCEF-12.jpg 816w\" sizes=\"auto, (max-width: 200px) 100vw, 200px\" \/><\/a>\n\t\t\t<\/div><\/figure>\n\t\t<\/div>\n\n<p><strong>Le multicorde est un agr\u00e8s peu connu, qui a \u00e9t\u00e9 repris et d\u00e9velopp\u00e9 par la compagnie du th\u00e9\u00e2tre Nomade \u00e0 Casablanca, dans une structure d&rsquo;une dimension unique et particuli\u00e8rement impressionnante.<\/strong><\/p>\n<p><strong>Issue d&rsquo;une collaboration avec le Th\u00e9\u00e2tre Nomade, l&rsquo;artiste Sandie Brischler a propos\u00e9 d&rsquo;exploiter ce multicorde, cet agr\u00e8s peu commun pr\u00e9sent dans le chapiteau, pour y poursuivre des recherches de cr\u00e9ation personnelle et transversales, entre danse, a\u00e9rien, vid\u00e9o et exp\u00e9riences sonores. Outre la qualit\u00e9 m<span style=\"font-size: 1em;\">ultidimensionnelle et particuli\u00e8rement esth\u00e9tique de cet agr\u00e8s, l&rsquo;artiste propose d&rsquo;en r\u00e9v\u00e9ler \u00e9galement un sens inh\u00e9rent, int\u00e9rieur, vivant, en rapport avec le corps et toute la symbolique du lien et de la corde.<\/span><\/strong><\/p>\n<p><strong>Ce projet a \u00e9t\u00e9 r\u00e9alis\u00e9 en collaboration avec l&rsquo;artiste Abdellah M.Hassak, pour une cr\u00e9ation sonore originale.<\/strong><\/p>\n\n\t<ul id=\"slideshowgallery3883\" class=\"slideshowgallery3883\" style=\"display:none;\">\n\t\t\t\t\t<!-- From all slides or gallery slides -->\n\t\t\t\t\t\t\t\n\t\t\t\t<li>\n\t\t\t\t\t<h3 style=\"opacity:70;\">BEST Irene (2)<\/h3>\n\t\t\t\t\t\t\t\t\t\t\t<span data-alt=\"best-irene-2\">https:\/\/sandie-brischler.com\/wp\/wp-content\/uploads\/bfi_thumb\/BEST-Irene-2-3ksnwppw7gtbsxb68nb400.jpg<\/span>\n\t\t\t\t\t\t\t\t\t\t<p><\/p>\n\t\t\t\t\t\t\t\t\t\t\t\t\t\t\t\t\t\t<a><img decoding=\"async\" class=\"skip-lazy\" src=\"https:\/\/sandie-brischler.com\/wp\/wp-content\/uploads\/bfi_thumb\/BEST-Irene-2-3ksnwppv2finztzi6w6d4w.jpg\" alt=\"best-irene-2\" \/><\/a>\n\t\t\t\t\t\t\t\t\t\t\t\t\t\t\t<\/li>\n\t\t\t\t\t\t\t\n\t\t\t\t<li>\n\t\t\t\t\t<h3 style=\"opacity:70;\">irene (3)<\/h3>\n\t\t\t\t\t\t\t\t\t\t\t<span data-alt=\"irene-3\">https:\/\/sandie-brischler.com\/wp\/wp-content\/uploads\/bfi_thumb\/irene-3-3ksnwrh7zk9yplrdmrwagw.jpg<\/span>\n\t\t\t\t\t\t\t\t\t\t<p><\/p>\n\t\t\t\t\t\t\t\t\t\t\t\t\t\t\t\t\t\t<a><img decoding=\"async\" class=\"skip-lazy\" src=\"https:\/\/sandie-brischler.com\/wp\/wp-content\/uploads\/bfi_thumb\/irene-3-3ksnwrh6uizawifpl0rjls.jpg\" alt=\"irene-3\" \/><\/a>\n\t\t\t\t\t\t\t\t\t\t\t\t\t\t\t<\/li>\n\t\t\t\t\t\t\t\n\t\t\t\t<li>\n\t\t\t\t\t<h3 style=\"opacity:70;\">irene (2)<\/h3>\n\t\t\t\t\t\t\t\t\t\t\t<span data-alt=\"irene-2\">https:\/\/sandie-brischler.com\/wp\/wp-content\/uploads\/bfi_thumb\/irene-2-3ksnwrcp59qrxk0i8wpmv4.jpg<\/span>\n\t\t\t\t\t\t\t\t\t\t<p><\/p>\n\t\t\t\t\t\t\t\t\t\t\t\t\t\t\t\t\t\t<a><img decoding=\"async\" class=\"skip-lazy\" src=\"https:\/\/sandie-brischler.com\/wp\/wp-content\/uploads\/bfi_thumb\/irene-2-3ksnwrco08g44gou75kw00.jpg\" alt=\"irene-2\" \/><\/a>\n\t\t\t\t\t\t\t\t\t\t\t\t\t\t\t<\/li>\n\t\t\t\t\t\t\t\n\t\t\t\t<li>\n\t\t\t\t\t<h3 style=\"opacity:70;\">BEST UCEF (10)<\/h3>\n\t\t\t\t\t\t\t\t\t\t\t<span data-alt=\"best-ucef-10\">https:\/\/sandie-brischler.com\/wp\/wp-content\/uploads\/bfi_thumb\/BEST-UCEF-10-3ksnwr86az7l5i9mv1iz9c.jpg<\/span>\n\t\t\t\t\t\t\t\t\t\t<p><\/p>\n\t\t\t\t\t\t\t\t\t\t\t\t\t\t\t\t\t\t<a><img decoding=\"async\" class=\"skip-lazy\" src=\"https:\/\/sandie-brischler.com\/wp\/wp-content\/uploads\/bfi_thumb\/BEST-UCEF-10-3ksnwr855xwxcexytae8e8.jpg\" alt=\"best-ucef-10\" \/><\/a>\n\t\t\t\t\t\t\t\t\t\t\t\t\t\t\t<\/li>\n\t\t\t\t\t\t\t\n\t\t\t\t<li>\n\t\t\t\t\t<h3 style=\"opacity:70;\">BEST UCEF (9)<\/h3>\n\t\t\t\t\t\t\t\t\t\t\t<span data-alt=\"best-ucef-9\">https:\/\/sandie-brischler.com\/wp\/wp-content\/uploads\/bfi_thumb\/BEST-UCEF-9-3ksnwr3ngooedgirh6cbnk.jpg<\/span>\n\t\t\t\t\t\t\t\t\t\t<p><\/p>\n\t\t\t\t\t\t\t\t\t\t\t\t\t\t\t\t\t\t<a><img decoding=\"async\" class=\"skip-lazy\" src=\"https:\/\/sandie-brischler.com\/wp\/wp-content\/uploads\/bfi_thumb\/BEST-UCEF-9-3ksnwr3mbndqkd73ff7ksg.jpg\" alt=\"best-ucef-9\" \/><\/a>\n\t\t\t\t\t\t\t\t\t\t\t\t\t\t\t<\/li>\n\t\t\t\t\t\t\t\n\t\t\t\t<li>\n\t\t\t\t\t<h3 style=\"opacity:70;\">BEST UCEF (4)<\/h3>\n\t\t\t\t\t\t\t\t\t\t\t<span data-alt=\"best-ucef-4\">https:\/\/sandie-brischler.com\/wp\/wp-content\/uploads\/bfi_thumb\/BEST-UCEF-4-3ksnwquls3m0td10pfz0g0.jpg<\/span>\n\t\t\t\t\t\t\t\t\t\t<p><\/p>\n\t\t\t\t\t\t\t\t\t\t\t\t\t\t\t\t\t\t<a><img decoding=\"async\" class=\"skip-lazy\" src=\"https:\/\/sandie-brischler.com\/wp\/wp-content\/uploads\/bfi_thumb\/BEST-UCEF-4-3ksnwqukn2bd09pcnou9kw.jpg\" alt=\"best-ucef-4\" \/><\/a>\n\t\t\t\t\t\t\t\t\t\t\t\t\t\t\t<\/li>\n\t\t\t\t\t\t\t\n\t\t\t\t<li>\n\t\t\t\t\t<h3 style=\"opacity:70;\">BEST UCEF (2)<\/h3>\n\t\t\t\t\t\t\t\t\t\t\t<span data-alt=\"best-ucef-2\">https:\/\/sandie-brischler.com\/wp\/wp-content\/uploads\/bfi_thumb\/BEST-UCEF-2-3ksnwqlk3ijn99j9xplp8g.jpg<\/span>\n\t\t\t\t\t\t\t\t\t\t<p><\/p>\n\t\t\t\t\t\t\t\t\t\t\t\t\t\t\t\t\t\t<a><img decoding=\"async\" class=\"skip-lazy\" src=\"https:\/\/sandie-brischler.com\/wp\/wp-content\/uploads\/bfi_thumb\/BEST-UCEF-2-3ksnwqliyh8zg67lvygydc.jpg\" alt=\"best-ucef-2\" \/><\/a>\n\t\t\t\t\t\t\t\t\t\t\t\t\t\t\t<\/li>\n\t\t\t\t\t\t\t\n\t\t\t\t<li>\n\t\t\t\t\t<h3 style=\"opacity:70;\">BEST Irene (6)<\/h3>\n\t\t\t\t\t\t\t\t\t\t\t<span data-alt=\"best-irene-6\">https:\/\/sandie-brischler.com\/wp\/wp-content\/uploads\/bfi_thumb\/BEST-Irene-6-3ksnwqh1980gh7sejuf1mo.jpg<\/span>\n\t\t\t\t\t\t\t\t\t\t<p><\/p>\n\t\t\t\t\t\t\t\t\t\t\t\t\t\t\t\t\t\t<a><img decoding=\"async\" class=\"skip-lazy\" src=\"https:\/\/sandie-brischler.com\/wp\/wp-content\/uploads\/bfi_thumb\/BEST-Irene-6-3ksnwqh046pso4gqi3aark.jpg\" alt=\"best-irene-6\" \/><\/a>\n\t\t\t\t\t\t\t\t\t\t\t\t\t\t\t<\/li>\n\t\t\t\t\t\t\t\n\t\t\t\t<li>\n\t\t\t\t\t<h3 style=\"opacity:70;\">BEST Irene (5)<\/h3>\n\t\t\t\t\t\t\t\t\t\t\t<span data-alt=\"best-irene-5\">https:\/\/sandie-brischler.com\/wp\/wp-content\/uploads\/bfi_thumb\/BEST-Irene-5-3ksnwqciexh9p61j5z8e0w.jpg<\/span>\n\t\t\t\t\t\t\t\t\t\t<p><\/p>\n\t\t\t\t\t\t\t\t\t\t\t\t\t\t\t\t\t\t<a><img decoding=\"async\" class=\"skip-lazy\" src=\"https:\/\/sandie-brischler.com\/wp\/wp-content\/uploads\/bfi_thumb\/BEST-Irene-5-3ksnwqch9w6lw2pv483n5s.jpg\" alt=\"best-irene-5\" \/><\/a>\n\t\t\t\t\t\t\t\t\t\t\t\t\t\t\t<\/li>\n\t\t\t\t\t\t\t\n\t\t\t\t<li>\n\t\t\t\t\t<h3 style=\"opacity:70;\">BEST Irene (4)<\/h3>\n\t\t\t\t\t\t\t\t\t\t\t<span data-alt=\"best-irene-4\">https:\/\/sandie-brischler.com\/wp\/wp-content\/uploads\/bfi_thumb\/BEST-Irene-4-3ksnwq7zkmy2x4ans41qf4.jpg<\/span>\n\t\t\t\t\t\t\t\t\t\t<p><\/p>\n\t\t\t\t\t\t\t\t\t\t\t\t\t\t\t\t\t\t<a><img decoding=\"async\" class=\"skip-lazy\" src=\"https:\/\/sandie-brischler.com\/wp\/wp-content\/uploads\/bfi_thumb\/BEST-Irene-4-3ksnwq7yflnf40yzqcwzk0.jpg\" alt=\"best-irene-4\" \/><\/a>\n\t\t\t\t\t\t\t\t\t\t\t\t\t\t\t<\/li>\n\t\t\t\t\t\t\t\n\t\t\t\t<li>\n\t\t\t\t\t<h3 style=\"opacity:70;\">BEST Irene (3)<\/h3>\n\t\t\t\t\t\t\t\t\t\t\t<span data-alt=\"best-irene-3\">https:\/\/sandie-brischler.com\/wp\/wp-content\/uploads\/bfi_thumb\/BEST-Irene-3-3ksnwq3gqcew52jse8v2tc.jpg<\/span>\n\t\t\t\t\t\t\t\t\t\t<p><\/p>\n\t\t\t\t\t\t\t\t\t\t\t\t\t\t\t\t\t\t<a><img decoding=\"async\" class=\"skip-lazy\" src=\"https:\/\/sandie-brischler.com\/wp\/wp-content\/uploads\/bfi_thumb\/BEST-Irene-3-3ksnwq3flb48bz84chqby8.jpg\" alt=\"best-irene-3\" \/><\/a>\n\t\t\t\t\t\t\t\t\t\t\t\t\t\t\t<\/li>\n\t\t\t\t\t\t\t\n\t\t\t\t<li>\n\t\t\t\t\t<h3 style=\"opacity:70;\">multicorps (22)<\/h3>\n\t\t\t\t\t\t\t\t\t\t\t<span data-alt=\"multicorps-22\">https:\/\/sandie-brischler.com\/wp\/wp-content\/uploads\/bfi_thumb\/multicorps-22-3ksnwrq9o5cc9p94ei9log.jpg<\/span>\n\t\t\t\t\t\t\t\t\t\t<p><\/p>\n\t\t\t\t\t\t\t\t\t\t\t\t\t\t\t\t\t\t<a><img decoding=\"async\" class=\"skip-lazy\" src=\"https:\/\/sandie-brischler.com\/wp\/wp-content\/uploads\/bfi_thumb\/multicorps-22-3ksnwrq8j41oglxgcr4utc.jpg\" alt=\"multicorps-22\" \/><\/a>\n\t\t\t\t\t\t\t\t\t\t\t\t\t\t\t<\/li>\n\t\t\t\t\t\t<\/ul>\n\t\n\t<div id=\"slideshow-wrappergallery3883\" class=\"slideshow-wrapper\">\n\t\t\t\n\t\t<div class=\"slideshow-fullsize\" id=\"fullsizegallery3883\">\n\t\t\t\t\t\t\t\t\t\t\t\t\t\t<div id=\"imgprevgallery3883\" class=\"slideshow-imgprev imgnav\" title=\"Previous Image\">Previous Image<\/div>\n\t\t\t\t\t\t<a id=\"imglinkgallery3883\" class=\"slideshow-imglink imglink\"><!-- link --><\/a>\n\t\t\t\t\t\t\t\t\t\t\t<div id=\"imgnextgallery3883\" class=\"slideshow-imgnext imgnav\" title=\"Next Image\">Next Image<\/div>\n\t\t\t\t\t\t<div id=\"imagegallery3883\" class=\"slideshow-image\"><\/div>\n\t\t\t<div class=\"slideshow-information infobottom\" id=\"informationgallery3883\">\n\t\t\t\t<h3 class=\"slideshow-info-heading\">info heading<\/h3>\n\t\t\t\t<p class=\"slideshow-info-content\">info content<\/p>\n\t\t\t<\/div>\n\t\t<\/div>\n\t\t\n\t\t\t\t\t<div id=\"thumbnailsgallery3883\" class=\"slideshow-thumbnails thumbsbot\">\n\t\t\t\t<div class=\"slideshow-slideleft\" id=\"slideleftgallery3883\" title=\"Slide Left\"><\/div>\n\t\t\t\t<div class=\"slideshow-slidearea\" id=\"slideareagallery3883\">\n\t\t\t\t\t<div class=\"slideshow-slider\" id=\"slidergallery3883\"><\/div>\n\t\t\t\t<\/div>\n\t\t\t\t<div class=\"slideshow-slideright\" id=\"sliderightgallery3883\" title=\"Slide Right\"><\/div>\n\t\t\t\t<br style=\"clear:both; visibility:hidden; height:1px;\" \/>\n\t\t\t<\/div>\n\t\t\t<\/div>\n\t\n\t\n\t<!-- Slideshow Gallery Javascript BEG -->\t\t<script type=\"text\/javascript\">\tjQuery.noConflict();\ttid('slideshowgallery3883').style.display = \"none\";\ttid('slideshow-wrappergallery3883').style.display = 'block';\ttid('slideshow-wrappergallery3883').style.visibility = 'hidden';\tvar spinnerDiv = document.createElement('div');\tspinnerDiv.setAttribute('id', 'spinnergallery3883');\tspinnerDiv.innerHTML = '<i class=\"fa fa-cog fa-spin\"><\/i>';\tjQuery(spinnerDiv).appendTo('#fullsizegallery3883');\ttid('spinnergallery3883').style.visibility = 'visible';\tvar slideshowgallery3883 = new TINY.slideshow(\"slideshowgallery3883\");\tjQuery(document).ready(function() {\t\tslideshowgallery3883.auto = true;\t\tslideshowgallery3883.speed = 5;\t\tslideshowgallery3883.effect = \"slide\";\t\tslideshowgallery3883.slide_direction = \"lr\";\t\tslideshowgallery3883.easing = \"swing\";\t\tslideshowgallery3883.alwaysauto = true;\t\tslideshowgallery3883.autoheight = true;\t\tslideshowgallery3883.autoheight_max = false;\t\tslideshowgallery3883.imgSpeed = 11;\t\tslideshowgallery3883.navOpacity = 71;\t\tslideshowgallery3883.navHover = 75;\t\tslideshowgallery3883.letterbox = \"#000000\";\t\tslideshowgallery3883.linkclass = \"linkhover\";\t\tslideshowgallery3883.imagesid = \"imagesgallery3883\";\t\tslideshowgallery3883.info = \"\";\t\tslideshowgallery3883.infoonhover = 0;\t\tslideshowgallery3883.infoSpeed = 10;\t\tslideshowgallery3883.infodelay = 0;\t\tslideshowgallery3883.infofade = 0;\t\tslideshowgallery3883.infofadedelay = 0;\t\tslideshowgallery3883.thumbs = \"slidergallery3883\";\t\tslideshowgallery3883.thumbOpacity = 70;\t\tslideshowgallery3883.left = \"slideleftgallery3883\";\t\tslideshowgallery3883.right = \"sliderightgallery3883\";\t\tslideshowgallery3883.scrollSpeed = 5;\t\tslideshowgallery3883.spacing = 5;\t\tslideshowgallery3883.active = \"#ffffff\";\t\tslideshowgallery3883.imagesthickbox = \"false\";\t\tjQuery(\"#spinnergallery3883\").remove();\t\tslideshowgallery3883.init(\"slideshowgallery3883\",\"imagegallery3883\",\"imgprevgallery3883\",\"imgnextgallery3883\",\"imglinkgallery3883\");\t\ttid('slideshow-wrappergallery3883').style.visibility = 'visible';\t\tjQuery(window).trigger('resize');\t\t\t\t\t});\t\t<\/script>\t\t<!-- Slideshow Gallery Javascript END --><!-- Slideshow Gallery CSS BEG --><style id=\"style-gallery3883\">        ul.slideshowgallery3883 { list-style:none !important; color:#fff; }\n        ul.slideshowgallery3883 span { display:none; }\n        #slideshow-wrappergallery3883 { overflow:hidden; position:relative; width:800px; background:#000000; padding:0 0 0 0; border:1px solid #CCCCCC; margin:0; display:none; }\n        #slideshow-wrappergallery3883 * { margin:0; padding:0; }\n        #slideshow-wrappergallery3883 #fullsizegallery3883 { position:relative; z-index:1; overflow:hidden; width:800px; height:0px; clear:both; border: none; }\n        #slideshow-wrappergallery3883 #informationgallery3883 { text-align:left; font-family:Verdana, Arial, Helvetica, sans-serif !important; position:absolute; bottom:0; width:800px; height:0; background:#000000; color:#FFFFFF; overflow:hidden; z-index:300; opacity:.7; filter:alpha(opacity=70); }\n        #slideshow-wrappergallery3883 #informationgallery3883 h3 { color:#FFFFFF; padding:4px 8px 3px; margin:0 !important; font-size:16px; font-weight:bold; }\n        #slideshow-wrappergallery3883 #informationgallery3883 a { color:#FFFFFF; }\n        #slideshow-wrappergallery3883 #informationgallery3883 p { color:#FFFFFF; padding:0 8px 8px; margin:0 !important; font-size: 14px; font-weight:normal; }\n        #slideshow-wrappergallery3883 .infotop { margin-bottom:8px !important; top:0; }\n        #slideshow-wrappergallery3883 .infobottom { margin-top:8px !important; bottom:0; }\n                    #slideshow-wrappergallery3883 #imagegallery3883 { width:800px; }\n            #slideshow-wrappergallery3883 #imagegallery3883 img { border:none; border-radius:0; box-shadow:none; position:absolute; height:auto; max-width:100%; margin:0 auto; display:block; }\n                #slideshow-wrappergallery3883 .imgnav { position:absolute; width:25%; height:100%; cursor:pointer; z-index:250; }\n        #slideshow-wrappergallery3883 #imgprevgallery3883:before { font-family:FontAwesome; content:\"\\f053\"; font-size:30px; color:white; visibility:visible; left:0; text-align:left; width: auto; height:auto; line-height:160%; top:50%; margin:-30px 0 0 0; border-radius:0 10px 10px 0; background:black; padding:3px 10px 0 10px; position: absolute; display: inline-block; }\n        #slideshow-wrappergallery3883 #imgprevgallery3883 { display:none; -moz-user-select: none; -khtml-user-select: none; -webkit-user-select: none; -o-user-select: none; left:0; font-size:0px; }\n        #slideshow-wrappergallery3883 #imgnextgallery3883:before { font-family:FontAwesome; content:\"\\f054\"; font-size:30px; color:white; visibility:visible; right:0; text-align:right; width: auto; height:auto; line-height:160%; top:50%; margin:-30px 0 0 0; border-radius:10px 0 0 10px; background:black; padding:3px 10px 0 10px; position: absolute; display: inline-block; }\n        #slideshow-wrappergallery3883 #imgnextgallery3883 { display:none; -moz-user-select: none; -khtml-user-select: none; -webkit-user-select: none; -o-user-select: none; right:0; font-size:0px; }\n        #slideshow-wrappergallery3883 #imglinkgallery3883 { position:absolute; zoom:1; background-color:#ffffff; height:100%; width:100%; left:0; z-index:149; opacity:0; filter:alpha(opacity=0); }\n        #slideshow-wrappergallery3883 .linkhover:before { font-family:FontAwesome; content:\"\\f14c\"; font-size:30px; text-align:center; height:auto; line-height:160%; width:auto; top:50%; left:auto; right:auto; margin:-30px 0 0 0; padding:0px 12px; display: inline-block; position: relative; background:black; color:white; border-radius:10px; }\n        #slideshow-wrappergallery3883 .linkhover { background:transparent !important; opacity:.4 !important; filter:alpha(opacity=40) !important; text-align:center; font-size:0px; }\n        #slideshow-wrappergallery3883 #thumbnailsgallery3883 { background:#000000; }\n        #slideshow-wrappergallery3883 .thumbstop { margin-bottom:8px !important; }\n        #slideshow-wrappergallery3883 .thumbsbot { margin-top:8px !important; }\n        #slideshow-wrappergallery3883 #slideleftgallery3883:before { font-family:FontAwesome; content: \"\\f104\"; color:#999; position: absolute; height: auto; line-height:160%; width: auto; display: inline-block; top: 50%; font-size: 30px; margin: -30px 0 0 0; padding: 0 5px; }\n        #slideshow-wrappergallery3883 #slideleftgallery3883 { text-align:left; float:left; position:relative; width:20px; height:89px; background:#222; }\n        #slideshow-wrappergallery3883 #slideleftgallery3883:hover { background-color:#333; }\n        #slideshow-wrappergallery3883 #sliderightgallery3883:before { font-family:FontAwesome; content: \"\\f105\"; color:#999; position: absolute; height: auto; line-height:160%; width: auto; display: inline-block; top: 50%; font-size: 30px; margin: -30px 0 0 0; padding: 0 5px; }\n        #slideshow-wrappergallery3883 #sliderightgallery3883 { text-align:left; float:right; position:relative; width:20px; height:89px; background:#222; }\n        #slideshow-wrappergallery3883 #sliderightgallery3883:hover { background-color:#333; }\n        #slideshow-wrappergallery3883 #slideareagallery3883 { float:left; position:relative; background:#000000; width:745px; margin:0 5px; height:89px; overflow:hidden; }\n        #slideshow-wrappergallery3883 #slidergallery3883 { position:absolute; width:1392px !important; left:0; height:89px; }\n        #slideshow-wrappergallery3883 #slidergallery3883 img { width:100px; height:75px; cursor:pointer; border:1px solid #666; padding:2px; float:left !important; }\n        #slideshow-wrappergallery3883 #spinnergallery3883 { position:relative; top:50%; left:45%; text-align:left; font-size:30px; }\n        #slideshow-wrappergallery3883 #spinnergallery3883 img { border:none; }\n                    <\/style><!-- Slideshow Gallery CSS END -->\n<p>&nbsp;<\/p>\n<p>\u00ab<em><strong> MultiCorps<\/strong> \u00bb est une performance\u00a0 avec l&rsquo;agr\u00e8s du multicorde, qui se pr\u00e9sente par une centaine de cordes blanches suspendues sur une barre en hauteur. Cette recherche performative s\u2019inscrit dans la continuit\u00e9 de mes recherches entre corps et plasticit\u00e9, espace et \u00e9criture. En explorant plusieurs niveaux et dimensions, cette cr\u00e9ation vise \u00e0 mettre en rapport le corps et la danse a\u00e9rienne avec l&rsquo;espace audio-visuel (espace sonore et projections vid\u00e9o) et textuel (mots, \u00e9criture).<\/em><\/p>\n<p>\u00ab\u00a0<em>Dans ce projet, je souhaite continuer \u00e0 explorer la dimension transversale de la cr\u00e9ation, notamment en y int\u00e9grant des textes inspir\u00e9s du processus de cr\u00e9ation. Cette performance propose un voyage po\u00e9tique en plusieurs tableaux, o\u00f9 le corps est transport\u00e9 dans diff\u00e9rents \u00e9tats entre le sol, la gravit\u00e9 et les cordes, en suspension a\u00e9rienne et en interaction avec d\u2019autre \u00e9l\u00e9ments sc\u00e9niques.\u00a0<\/em><\/p>\n<p><em>Un corps explore l\u2019univers du lien, et \u00e9volue parmi une multitude de cordes lisses suspendues, blanches et verticales. L\u2019entrem\u00ealement et l\u2019histoire commune du corps et des cordes dans leur verticalit\u00e9, entre gravit\u00e9 et apesanteur, g\u00e9n\u00e8re un ensemble d\u2019images visuelles qui nous livre plusieurs messages, trame d\u2019une histoire m\u00e9taphorique : Sensuelles, enveloppantes et multiples, les cordes font \u00ab corps \u00bb avec le corps, elles l\u2019encha\u00eenent ou le lib\u00e8rent&#8230; Elles renvoient \u00e0 l\u2019attachement, aux liens qui nous d\u00e9finissent, mais aussi au l\u00e2cher prise et \u00e0 une libert\u00e9 fluide dans laquelle on se perd ou on se rattache&#8230;<\/em><\/p>\n<p><em>C\u2019est un corps-\u00e0-corps face \u00e0 l\u2019infini, face \u00e0 la transcendance des lignes pures et silencieuses qui le traversent, qui le plongent vers le sol ou qui l\u2019\u00e9lancent vers le ciel, comme un espoir qui devient le mouvement secret d\u2019une dynamique vitale parcourue par ce corps qui s\u2019y d\u00e9bat, s\u2019y attache, s\u2019y confond ou s\u2019y retrouve\u2026 et y rena\u00eet finalement, parmi les cordes, comme autant de corps.\u00a0Cette recherche parle aussi de la tension sous-jacente entre le corps-cordes, avec le son et les mots. Entre suspension, apesanteur et gravit\u00e9, comment le corps se dit, s&rsquo;\u00e9crit, et s&rsquo;inscrit dans un univers sonore en tension, pour devenir espace de r\u00e9sonance, \u00e9l\u00e9ment transmetteur entre diff\u00e9rents \u00e9l\u00e9ments qui lui font \u00e9cho.\u00a0\u00bb<\/em><\/p>\n<p>(Sandie Brischler)<\/p>\n<p>.<\/p>\n<p>&nbsp;<\/p>\n<p>TEASER VIDEO (3 min.)<\/p>\n<div class=\"jetpack-video-wrapper\"><iframe loading=\"lazy\" title=\"MultiCorps (teaser 3min.)\" width=\"700\" height=\"394\" src=\"https:\/\/www.youtube.com\/embed\/hV-NmQjUVw4?feature=oembed\" frameborder=\"0\" allow=\"accelerometer; autoplay; clipboard-write; encrypted-media; gyroscope; picture-in-picture; web-share\" referrerpolicy=\"strict-origin-when-cross-origin\" allowfullscreen><\/iframe><\/div>\n<h4 class=\"LC20lb MBeuO DKV0Md\">Cr\u00e9dits photo \u00a9 <span style=\"font-size: 1em;\">Youssef Aboudrar Photography, Casablanca 2018\u00a0<\/span><\/h4>\n<h4 class=\"LC20lb MBeuO DKV0Md\">Sortie de r\u00e9sidence et restitution, chapiteau du th\u00e9\u00e2tre Nomade de Casablanca \/\u00a0(Fabrique culturelle des Anciens Abattoirs)<\/h4>\n<p>&nbsp;<\/p>\n<p>&nbsp;<\/p>\n","protected":false},"excerpt":{"rendered":"<p>Th\u00e9\u00e2tre Nomade de Casablanca, Maroc Performance \/ concept: Sandie Brischler ENGLISH HERE Le multicorde est un agr\u00e8s peu connu, qui a \u00e9t\u00e9 repris et d\u00e9velopp\u00e9 par la compagnie du th\u00e9\u00e2tre Nomade \u00e0 Casablanca, dans une structure d&rsquo;une dimension unique et particuli\u00e8rement impressionnante. Issue d&rsquo;une collaboration avec le Th\u00e9\u00e2tre Nomade, l&rsquo;artiste&hellip;<a class=\"read-more\" href=\"https:\/\/www.sandie-brischler.com\/wp\/?page_id=2614\" rel=\"bookmark\">Continue Reading<\/a><\/p>\n","protected":false},"author":2,"featured_media":0,"parent":0,"menu_order":0,"comment_status":"closed","ping_status":"closed","template":"","meta":{"footnotes":""},"tags":[],"class_list":["post-2614","page","type-page","status-publish","hentry"],"jetpack_sharing_enabled":true,"_links":{"self":[{"href":"https:\/\/www.sandie-brischler.com\/wp\/index.php?rest_route=\/wp\/v2\/pages\/2614","targetHints":{"allow":["GET"]}}],"collection":[{"href":"https:\/\/www.sandie-brischler.com\/wp\/index.php?rest_route=\/wp\/v2\/pages"}],"about":[{"href":"https:\/\/www.sandie-brischler.com\/wp\/index.php?rest_route=\/wp\/v2\/types\/page"}],"author":[{"embeddable":true,"href":"https:\/\/www.sandie-brischler.com\/wp\/index.php?rest_route=\/wp\/v2\/users\/2"}],"replies":[{"embeddable":true,"href":"https:\/\/www.sandie-brischler.com\/wp\/index.php?rest_route=%2Fwp%2Fv2%2Fcomments&post=2614"}],"version-history":[{"count":38,"href":"https:\/\/www.sandie-brischler.com\/wp\/index.php?rest_route=\/wp\/v2\/pages\/2614\/revisions"}],"predecessor-version":[{"id":3638,"href":"https:\/\/www.sandie-brischler.com\/wp\/index.php?rest_route=\/wp\/v2\/pages\/2614\/revisions\/3638"}],"wp:attachment":[{"href":"https:\/\/www.sandie-brischler.com\/wp\/index.php?rest_route=%2Fwp%2Fv2%2Fmedia&parent=2614"}],"wp:term":[{"taxonomy":"post_tag","embeddable":true,"href":"https:\/\/www.sandie-brischler.com\/wp\/index.php?rest_route=%2Fwp%2Fv2%2Ftags&post=2614"}],"curies":[{"name":"wp","href":"https:\/\/api.w.org\/{rel}","templated":true}]}}