{"id":2769,"date":"2024-06-21T23:57:20","date_gmt":"2024-06-21T23:57:20","guid":{"rendered":"http:\/\/www.sandie-brischler.com\/wp\/?page_id=2769"},"modified":"2024-06-22T19:45:10","modified_gmt":"2024-06-22T19:45:10","slug":"nissi-nila-creation-transdisciplinaire-2018","status":"publish","type":"page","link":"https:\/\/www.sandie-brischler.com\/wp\/?page_id=2769","title":{"rendered":"Nissi-Nila &#8211; Cr\u00e9ation transdisciplinaire (2018)"},"content":{"rendered":"<h3>Mise en sc\u00e8ne, sc\u00e9nographie &amp; direction artistique : Sandie Brischler<\/h3>\n<ul>\n<li><span style=\"text-decoration: underline;\">Performeurs:<\/span> Zo\u00e9 Perrin, Ad\u00e8le Guillotin, Aurore Pangopo, Yassine Mouqere, Andy Zayuya, Dav\u00e8ze Boudzoumou et Sandie Brischler<\/li>\n<li><span style=\"text-decoration: underline;\">R\u00e9gie technique:<\/span> Ismail Boudarine<\/li>\n<li><span style=\"text-decoration: underline;\">Cam\u00e9ra:<\/span> Bassam Amezian (Hespress Maroc)<\/li>\n<\/ul>\n<p>&nbsp;<\/p>\n<p><img loading=\"lazy\" decoding=\"async\" class=\"alignnone wp-image-2786\" src=\"http:\/\/www.sandie-brischler.com\/wp\/wp-content\/uploads\/2024\/06\/AFFICHE-CASA.jpg\" alt=\"\" width=\"270\" height=\"382\" srcset=\"https:\/\/www.sandie-brischler.com\/wp\/wp-content\/uploads\/2024\/06\/AFFICHE-CASA.jpg 1588w, https:\/\/www.sandie-brischler.com\/wp\/wp-content\/uploads\/2024\/06\/AFFICHE-CASA-212x300.jpg 212w, https:\/\/www.sandie-brischler.com\/wp\/wp-content\/uploads\/2024\/06\/AFFICHE-CASA-768x1086.jpg 768w, https:\/\/www.sandie-brischler.com\/wp\/wp-content\/uploads\/2024\/06\/AFFICHE-CASA-724x1024.jpg 724w\" sizes=\"auto, (max-width: 270px) 100vw, 270px\" \/><\/p>\n<h4><em>Cr\u00e9ation r\u00e9alis\u00e9e avec le soutien du minist\u00e8re de l&rsquo;Immigration du Maroc, et la Commune de Rabat<\/em><\/h4>\n<h4><em>En collaboration avec l&rsquo;association socio-culturelle l&rsquo;Art Lina, le centre culturel Ben Barka de Rabat et le th\u00e9\u00e2tre de la F.O.L de Casablanca<\/em><\/h4>\n<p>&nbsp;<\/p>\n<div id='gallery-1' class='gallery galleryid-2769 gallery-columns-2 gallery-size-full'><figure class='gallery-item'>\n\t\t\t<div class='gallery-icon landscape'>\n\t\t\t\t<a href='https:\/\/www.sandie-brischler.com\/wp\/?attachment_id=2803'><img loading=\"lazy\" decoding=\"async\" width=\"720\" height=\"576\" src=\"https:\/\/www.sandie-brischler.com\/wp\/wp-content\/uploads\/2024\/06\/Sequence-01.Still016.jpg\" class=\"attachment-full size-full\" alt=\"\" srcset=\"https:\/\/www.sandie-brischler.com\/wp\/wp-content\/uploads\/2024\/06\/Sequence-01.Still016.jpg 720w, https:\/\/www.sandie-brischler.com\/wp\/wp-content\/uploads\/2024\/06\/Sequence-01.Still016-300x240.jpg 300w, https:\/\/www.sandie-brischler.com\/wp\/wp-content\/uploads\/2024\/06\/Sequence-01.Still016-600x480.jpg 600w\" sizes=\"auto, (max-width: 720px) 100vw, 720px\" \/><\/a>\n\t\t\t<\/div><\/figure><figure class='gallery-item'>\n\t\t\t<div class='gallery-icon landscape'>\n\t\t\t\t<a href='https:\/\/www.sandie-brischler.com\/wp\/?attachment_id=2808'><img loading=\"lazy\" decoding=\"async\" width=\"2989\" height=\"2298\" src=\"https:\/\/www.sandie-brischler.com\/wp\/wp-content\/uploads\/2024\/06\/N-38.jpg\" class=\"attachment-full size-full\" alt=\"\" srcset=\"https:\/\/www.sandie-brischler.com\/wp\/wp-content\/uploads\/2024\/06\/N-38.jpg 2989w, https:\/\/www.sandie-brischler.com\/wp\/wp-content\/uploads\/2024\/06\/N-38-300x231.jpg 300w, https:\/\/www.sandie-brischler.com\/wp\/wp-content\/uploads\/2024\/06\/N-38-768x590.jpg 768w, https:\/\/www.sandie-brischler.com\/wp\/wp-content\/uploads\/2024\/06\/N-38-1024x787.jpg 1024w, https:\/\/www.sandie-brischler.com\/wp\/wp-content\/uploads\/2024\/06\/N-38-600x461.jpg 600w\" sizes=\"auto, (max-width: 2989px) 100vw, 2989px\" \/><\/a>\n\t\t\t<\/div><\/figure><figure class='gallery-item'>\n\t\t\t<div class='gallery-icon landscape'>\n\t\t\t\t<a href='https:\/\/www.sandie-brischler.com\/wp\/?attachment_id=2809'><img loading=\"lazy\" decoding=\"async\" width=\"5184\" height=\"3456\" src=\"https:\/\/www.sandie-brischler.com\/wp\/wp-content\/uploads\/2024\/06\/N-41.jpg\" class=\"attachment-full size-full\" alt=\"\" srcset=\"https:\/\/www.sandie-brischler.com\/wp\/wp-content\/uploads\/2024\/06\/N-41.jpg 5184w, https:\/\/www.sandie-brischler.com\/wp\/wp-content\/uploads\/2024\/06\/N-41-300x200.jpg 300w, https:\/\/www.sandie-brischler.com\/wp\/wp-content\/uploads\/2024\/06\/N-41-768x512.jpg 768w, https:\/\/www.sandie-brischler.com\/wp\/wp-content\/uploads\/2024\/06\/N-41-1024x683.jpg 1024w, https:\/\/www.sandie-brischler.com\/wp\/wp-content\/uploads\/2024\/06\/N-41-600x400.jpg 600w\" sizes=\"auto, (max-width: 5184px) 100vw, 5184px\" \/><\/a>\n\t\t\t<\/div><\/figure><figure class='gallery-item'>\n\t\t\t<div class='gallery-icon landscape'>\n\t\t\t\t<a href='https:\/\/www.sandie-brischler.com\/wp\/?attachment_id=2811'><img loading=\"lazy\" decoding=\"async\" width=\"720\" height=\"576\" src=\"https:\/\/www.sandie-brischler.com\/wp\/wp-content\/uploads\/2024\/06\/Sequence-01.Still019.jpg\" class=\"attachment-full size-full\" alt=\"\" srcset=\"https:\/\/www.sandie-brischler.com\/wp\/wp-content\/uploads\/2024\/06\/Sequence-01.Still019.jpg 720w, https:\/\/www.sandie-brischler.com\/wp\/wp-content\/uploads\/2024\/06\/Sequence-01.Still019-300x240.jpg 300w, https:\/\/www.sandie-brischler.com\/wp\/wp-content\/uploads\/2024\/06\/Sequence-01.Still019-600x480.jpg 600w\" sizes=\"auto, (max-width: 720px) 100vw, 720px\" \/><\/a>\n\t\t\t<\/div><\/figure><figure class='gallery-item'>\n\t\t\t<div class='gallery-icon landscape'>\n\t\t\t\t<a href='https:\/\/www.sandie-brischler.com\/wp\/?attachment_id=2810'><img loading=\"lazy\" decoding=\"async\" width=\"3718\" height=\"2800\" src=\"https:\/\/www.sandie-brischler.com\/wp\/wp-content\/uploads\/2024\/06\/N-44.jpg\" class=\"attachment-full size-full\" alt=\"\" srcset=\"https:\/\/www.sandie-brischler.com\/wp\/wp-content\/uploads\/2024\/06\/N-44.jpg 3718w, https:\/\/www.sandie-brischler.com\/wp\/wp-content\/uploads\/2024\/06\/N-44-300x226.jpg 300w, https:\/\/www.sandie-brischler.com\/wp\/wp-content\/uploads\/2024\/06\/N-44-768x578.jpg 768w, https:\/\/www.sandie-brischler.com\/wp\/wp-content\/uploads\/2024\/06\/N-44-1024x771.jpg 1024w, https:\/\/www.sandie-brischler.com\/wp\/wp-content\/uploads\/2024\/06\/N-44-600x452.jpg 600w\" sizes=\"auto, (max-width: 3718px) 100vw, 3718px\" \/><\/a>\n\t\t\t<\/div><\/figure><figure class='gallery-item'>\n\t\t\t<div class='gallery-icon landscape'>\n\t\t\t\t<a href='https:\/\/www.sandie-brischler.com\/wp\/?attachment_id=2807'><img loading=\"lazy\" decoding=\"async\" width=\"4087\" height=\"2439\" src=\"https:\/\/www.sandie-brischler.com\/wp\/wp-content\/uploads\/2024\/06\/N-1.jpg\" class=\"attachment-full size-full\" alt=\"\" srcset=\"https:\/\/www.sandie-brischler.com\/wp\/wp-content\/uploads\/2024\/06\/N-1.jpg 4087w, https:\/\/www.sandie-brischler.com\/wp\/wp-content\/uploads\/2024\/06\/N-1-300x179.jpg 300w, https:\/\/www.sandie-brischler.com\/wp\/wp-content\/uploads\/2024\/06\/N-1-768x458.jpg 768w, https:\/\/www.sandie-brischler.com\/wp\/wp-content\/uploads\/2024\/06\/N-1-1024x611.jpg 1024w, https:\/\/www.sandie-brischler.com\/wp\/wp-content\/uploads\/2024\/06\/N-1-600x358.jpg 600w\" sizes=\"auto, (max-width: 4087px) 100vw, 4087px\" \/><\/a>\n\t\t\t<\/div><\/figure>\n\t\t<\/div>\n\n<p>&nbsp;<\/p>\n<p><strong>TEASER du spectacle<\/strong><\/p>\n<div class=\"jetpack-video-wrapper\"><iframe loading=\"lazy\" title=\"TEASER 2, Nissi Nila (2&#039;50 min.)\" width=\"700\" height=\"394\" src=\"https:\/\/www.youtube.com\/embed\/4dfgiVkPpSg?feature=oembed\" frameborder=\"0\" allow=\"accelerometer; autoplay; clipboard-write; encrypted-media; gyroscope; picture-in-picture; web-share\" referrerpolicy=\"strict-origin-when-cross-origin\" allowfullscreen><\/iframe><\/div>\n<p>&nbsp;<\/p>\n<p><strong>Reportage TV (Hespress Maroc)<\/strong><\/p>\n<div class=\"jetpack-video-wrapper\"><iframe loading=\"lazy\" title=\"NISSI NILA - Reportage Hespress Maroc\" width=\"700\" height=\"525\" src=\"https:\/\/www.youtube.com\/embed\/slN7ZJytOfc?feature=oembed\" frameborder=\"0\" allow=\"accelerometer; autoplay; clipboard-write; encrypted-media; gyroscope; picture-in-picture; web-share\" referrerpolicy=\"strict-origin-when-cross-origin\" allowfullscreen><\/iframe><\/div>\n<p>&nbsp;<\/p>\n<p><strong>SPECTACLE COMPLET (vid\u00e9o 44 min.)<\/strong><\/p>\n<div class=\"jetpack-video-wrapper\"><iframe loading=\"lazy\" title=\"Nissi Nila cr\u00e9ation pluridisciplinaire, FILM COMPLET\" width=\"700\" height=\"394\" src=\"https:\/\/www.youtube.com\/embed\/65e_wKsUxxQ?feature=oembed\" frameborder=\"0\" allow=\"accelerometer; autoplay; clipboard-write; encrypted-media; gyroscope; picture-in-picture; web-share\" referrerpolicy=\"strict-origin-when-cross-origin\" allowfullscreen><\/iframe><\/div>\n<p>&nbsp;<\/p>\n<ul>\n<li><span style=\"text-decoration: underline;\">Textes slams<\/span> (d\u00e9clamations): Zo\u00e9 Perrin, Ad\u00e8le Guillotin<\/li>\n<li><span style=\"text-decoration: underline;\">Po\u00e9sies<\/span> (extraits de textes): Abdellatif La\u00e2bi<\/li>\n<li><span style=\"text-decoration: underline;\">Chants et voix<\/span>: Dav\u00e8ze Boudzoumou, Navaro Mbemba, Nicole Yazolino<\/li>\n<li><span style=\"text-decoration: underline;\">Danse<\/span>: Andy Zayouya, Sandie Brischler<\/li>\n<li><span style=\"text-decoration: underline;\">Tango argentin<\/span>: Zo\u00e9 Perrin, Salim Berrada<\/li>\n<li><span style=\"text-decoration: underline;\">Performances a\u00e9riennes et acrobatiques<\/span>: Yassine Mouqere, Sandie Brischler<\/li>\n<li><span style=\"text-decoration: underline;\">Musiques originales:<\/span> Percussions (Navarro Nbemba, Dav\u00e8ze Boudzoumou, Dadie Aka D\u00e9sir\u00e9) Fl\u00fbte traversi\u00e8re (Gonzalo Ortiz Delgado) Guitare (Hakim Boujendar) Clavier (Abel Frejus Ahoudji)<\/li>\n<li><span style=\"text-decoration: underline;\">Projections vid\u00e9os<\/span>: Dessins &amp; oeuvres de Sandie Brischler<\/li>\n<\/ul>\n","protected":false},"excerpt":{"rendered":"<p>Mise en sc\u00e8ne, sc\u00e9nographie &amp; direction artistique : Sandie Brischler Performeurs: Zo\u00e9 Perrin, Ad\u00e8le Guillotin, Aurore Pangopo, Yassine Mouqere, Andy Zayuya, Dav\u00e8ze Boudzoumou et Sandie Brischler R\u00e9gie technique: Ismail Boudarine Cam\u00e9ra: Bassam Amezian (Hespress Maroc) &nbsp; Cr\u00e9ation r\u00e9alis\u00e9e avec le soutien du minist\u00e8re de l&rsquo;Immigration du Maroc, et la Commune&hellip;<a class=\"read-more\" href=\"https:\/\/www.sandie-brischler.com\/wp\/?page_id=2769\" rel=\"bookmark\">Continue Reading<\/a><\/p>\n","protected":false},"author":2,"featured_media":0,"parent":0,"menu_order":0,"comment_status":"closed","ping_status":"closed","template":"","meta":{"footnotes":""},"tags":[],"class_list":["post-2769","page","type-page","status-publish","hentry"],"jetpack_sharing_enabled":true,"_links":{"self":[{"href":"https:\/\/www.sandie-brischler.com\/wp\/index.php?rest_route=\/wp\/v2\/pages\/2769","targetHints":{"allow":["GET"]}}],"collection":[{"href":"https:\/\/www.sandie-brischler.com\/wp\/index.php?rest_route=\/wp\/v2\/pages"}],"about":[{"href":"https:\/\/www.sandie-brischler.com\/wp\/index.php?rest_route=\/wp\/v2\/types\/page"}],"author":[{"embeddable":true,"href":"https:\/\/www.sandie-brischler.com\/wp\/index.php?rest_route=\/wp\/v2\/users\/2"}],"replies":[{"embeddable":true,"href":"https:\/\/www.sandie-brischler.com\/wp\/index.php?rest_route=%2Fwp%2Fv2%2Fcomments&post=2769"}],"version-history":[{"count":0,"href":"https:\/\/www.sandie-brischler.com\/wp\/index.php?rest_route=\/wp\/v2\/pages\/2769\/revisions"}],"wp:attachment":[{"href":"https:\/\/www.sandie-brischler.com\/wp\/index.php?rest_route=%2Fwp%2Fv2%2Fmedia&parent=2769"}],"wp:term":[{"taxonomy":"post_tag","embeddable":true,"href":"https:\/\/www.sandie-brischler.com\/wp\/index.php?rest_route=%2Fwp%2Fv2%2Ftags&post=2769"}],"curies":[{"name":"wp","href":"https:\/\/api.w.org\/{rel}","templated":true}]}}