{"id":3103,"date":"2024-08-29T16:25:30","date_gmt":"2024-08-29T16:25:30","guid":{"rendered":"https:\/\/www.sandie-brischler.com\/wp\/?page_id=3103"},"modified":"2024-09-17T13:17:49","modified_gmt":"2024-09-17T13:17:49","slug":"catalogues","status":"publish","type":"page","link":"https:\/\/www.sandie-brischler.com\/wp\/?page_id=3103","title":{"rendered":"Catalogues"},"content":{"rendered":"<p>&nbsp;<\/p>\n<p><img loading=\"lazy\" decoding=\"async\" class=\"wp-image-3387 alignleft\" src=\"https:\/\/www.sandie-brischler.com\/wp\/wp-content\/uploads\/2024\/09\/couv.jpg\" alt=\"\" width=\"416\" height=\"422\" srcset=\"https:\/\/www.sandie-brischler.com\/wp\/wp-content\/uploads\/2024\/09\/couv.jpg 1650w, https:\/\/www.sandie-brischler.com\/wp\/wp-content\/uploads\/2024\/09\/couv-296x300.jpg 296w, https:\/\/www.sandie-brischler.com\/wp\/wp-content\/uploads\/2024\/09\/couv-1009x1024.jpg 1009w, https:\/\/www.sandie-brischler.com\/wp\/wp-content\/uploads\/2024\/09\/couv-768x779.jpg 768w, https:\/\/www.sandie-brischler.com\/wp\/wp-content\/uploads\/2024\/09\/couv-1514x1536.jpg 1514w\" sizes=\"auto, (max-width: 416px) 100vw, 416px\" \/><em><strong>\u00ab\u00a0ECRITURE(S)\u00a0\u00bb<\/strong><\/em><\/p>\n<p><strong>Catalogue publi\u00e9 en 2018<\/strong><\/p>\n<p>\u00e0 l&rsquo;occasion de l&rsquo;exposition <em>ECRITURE(S)<\/em> au centre culturel D&rsquo;Art Louane de Rabat (Maroc).<\/p>\n<p><span style=\"color: #ffcc00;\"><strong><a style=\"color: #ffcc00;\" href=\"https:\/\/www.sandie-brischler.com\/wp\/wp-content\/uploads\/2024\/09\/Expo-Dar-Louane-2018.pdf\" target=\"_blank\" rel=\"noopener\">Catalogue complet PDF<\/a><\/strong><\/span><\/p>\n<p>&nbsp;<\/p>\n<p>&nbsp;<\/p>\n<p>&nbsp;<\/p>\n<p>&nbsp;<\/p>\n<p>&nbsp;<\/p>\n<p style=\"text-align: center;\">__________________________________________________________________________________________________________________________________________________<\/p>\n<p><img loading=\"lazy\" decoding=\"async\" class=\"wp-image-3389 alignleft\" src=\"https:\/\/www.sandie-brischler.com\/wp\/wp-content\/uploads\/2024\/09\/couv-1.jpg\" alt=\"\" width=\"414\" height=\"577\" srcset=\"https:\/\/www.sandie-brischler.com\/wp\/wp-content\/uploads\/2024\/09\/couv-1.jpg 1188w, https:\/\/www.sandie-brischler.com\/wp\/wp-content\/uploads\/2024\/09\/couv-1-215x300.jpg 215w, https:\/\/www.sandie-brischler.com\/wp\/wp-content\/uploads\/2024\/09\/couv-1-735x1024.jpg 735w, https:\/\/www.sandie-brischler.com\/wp\/wp-content\/uploads\/2024\/09\/couv-1-768x1070.jpg 768w, https:\/\/www.sandie-brischler.com\/wp\/wp-content\/uploads\/2024\/09\/couv-1-1103x1536.jpg 1103w\" sizes=\"auto, (max-width: 414px) 100vw, 414px\" \/><\/p>\n<p><em><strong>\u00ab\u00a0Ecritures, Fragments et Rouleaux\u00a0\u00bb<\/strong><\/em><\/p>\n<p><strong>Catalogue publi\u00e9 en 2017<\/strong><\/p>\n<p>\u00e0 l&rsquo;occasion de l&rsquo;exposition \u00ab\u00a0<em>Ecritures, Fragments et Rouleaux<\/em>\u00a0\u00bb \u00e0 l&rsquo;Institut fran\u00e7ais de Rabat (Maroc), \u00e0 l&rsquo;issue d&rsquo;un projet artistique r\u00e9alis\u00e9 avec les enfants de l&rsquo;orphelinat Akkari.<\/p>\n<p><strong><span style=\"color: #ffcc00;\"><a style=\"color: #ffcc00;\" href=\"https:\/\/www.sandie-brischler.com\/wp\/wp-content\/uploads\/2024\/09\/CATALOGUE-PDF.pdf\" target=\"_blank\" rel=\"noopener\">Catalogue complet PDF<\/a><\/span><\/strong><\/p>\n<p>&nbsp;<\/p>\n<p>&nbsp;<\/p>\n<p>&nbsp;<\/p>\n<p>&nbsp;<\/p>\n<p>&nbsp;<\/p>\n<p>&nbsp;<\/p>\n<p><img loading=\"lazy\" decoding=\"async\" class=\"alignnone size-full wp-image-3390\" src=\"https:\/\/www.sandie-brischler.com\/wp\/wp-content\/uploads\/2024\/09\/page1.jpg\" alt=\"\" width=\"2338\" height=\"1635\" srcset=\"https:\/\/www.sandie-brischler.com\/wp\/wp-content\/uploads\/2024\/09\/page1.jpg 2338w, https:\/\/www.sandie-brischler.com\/wp\/wp-content\/uploads\/2024\/09\/page1-300x210.jpg 300w, https:\/\/www.sandie-brischler.com\/wp\/wp-content\/uploads\/2024\/09\/page1-1024x716.jpg 1024w, https:\/\/www.sandie-brischler.com\/wp\/wp-content\/uploads\/2024\/09\/page1-768x537.jpg 768w, https:\/\/www.sandie-brischler.com\/wp\/wp-content\/uploads\/2024\/09\/page1-1536x1074.jpg 1536w, https:\/\/www.sandie-brischler.com\/wp\/wp-content\/uploads\/2024\/09\/page1-2048x1432.jpg 2048w\" sizes=\"auto, (max-width: 2338px) 100vw, 2338px\" \/><\/p>\n<p style=\"text-align: center;\">__________________________________________________________________________________________________________________________________________________<\/p>\n<p>&nbsp;<\/p>\n<p><img loading=\"lazy\" decoding=\"async\" class=\"wp-image-3209 alignleft\" src=\"https:\/\/sandie-brischler.com\/wp\/wp-content\/uploads\/2024\/09\/DVD-int-scaled.jpg\" alt=\"\" width=\"395\" height=\"275\" srcset=\"https:\/\/www.sandie-brischler.com\/wp\/wp-content\/uploads\/2024\/09\/DVD-int-scaled.jpg 2560w, https:\/\/www.sandie-brischler.com\/wp\/wp-content\/uploads\/2024\/09\/DVD-int-300x209.jpg 300w, https:\/\/www.sandie-brischler.com\/wp\/wp-content\/uploads\/2024\/09\/DVD-int-1024x714.jpg 1024w, https:\/\/www.sandie-brischler.com\/wp\/wp-content\/uploads\/2024\/09\/DVD-int-768x535.jpg 768w, https:\/\/www.sandie-brischler.com\/wp\/wp-content\/uploads\/2024\/09\/DVD-int-1536x1070.jpg 1536w, https:\/\/www.sandie-brischler.com\/wp\/wp-content\/uploads\/2024\/09\/DVD-int-2048x1427.jpg 2048w\" sizes=\"auto, (max-width: 395px) 100vw, 395px\" \/><\/p>\n<p><em><strong>\u00ab\u00a0MA-MA Project\u00a0\u00bb<\/strong><\/em><\/p>\n<p><span style=\"font-size: 1em;\">Projet europ\u00e9en MA-MA Project \u00ab\u00a0<\/span><em style=\"font-size: 1em;\">Motivated by Art &#8211; Art of Motivation<\/em><span style=\"font-size: 1em;\">\u00ab\u00a0<\/span><\/p>\n<p><strong>DVD film &amp; performance finale (2012)<\/strong><\/p>\n<p>(Par Sandie Brischler)<\/p>\n<p><span style=\"color: #ffcc00;\"><strong><a style=\"color: #ffcc00;\" href=\"https:\/\/www.youtube.com\/watch?v=UPvOtvQtZr0&amp;list=PLDyyjusPw5z17Ob5Z0vcv8LSDugSoQ2jF\" target=\"_blank\" rel=\"noopener\">Extraits vid\u00e9os du projet<\/a><\/strong><\/span><\/p>\n<p>&nbsp;<\/p>\n<p><img loading=\"lazy\" decoding=\"async\" class=\"alignnone wp-image-3393\" src=\"https:\/\/www.sandie-brischler.com\/wp\/wp-content\/uploads\/2024\/09\/DVD-MAMA.jpg\" alt=\"\" width=\"326\" height=\"447\" srcset=\"https:\/\/www.sandie-brischler.com\/wp\/wp-content\/uploads\/2024\/09\/DVD-MAMA.jpg 1098w, https:\/\/www.sandie-brischler.com\/wp\/wp-content\/uploads\/2024\/09\/DVD-MAMA-219x300.jpg 219w, https:\/\/www.sandie-brischler.com\/wp\/wp-content\/uploads\/2024\/09\/DVD-MAMA-747x1024.jpg 747w, https:\/\/www.sandie-brischler.com\/wp\/wp-content\/uploads\/2024\/09\/DVD-MAMA-768x1053.jpg 768w\" sizes=\"auto, (max-width: 326px) 100vw, 326px\" \/>\u00a0 \u00a0<img loading=\"lazy\" decoding=\"async\" class=\"alignnone wp-image-3395\" src=\"https:\/\/www.sandie-brischler.com\/wp\/wp-content\/uploads\/2024\/09\/DVD-MAMA-dos-1.jpg\" alt=\"\" width=\"324\" height=\"446\" srcset=\"https:\/\/www.sandie-brischler.com\/wp\/wp-content\/uploads\/2024\/09\/DVD-MAMA-dos-1.jpg 1085w, https:\/\/www.sandie-brischler.com\/wp\/wp-content\/uploads\/2024\/09\/DVD-MAMA-dos-1-218x300.jpg 218w, https:\/\/www.sandie-brischler.com\/wp\/wp-content\/uploads\/2024\/09\/DVD-MAMA-dos-1-745x1024.jpg 745w, https:\/\/www.sandie-brischler.com\/wp\/wp-content\/uploads\/2024\/09\/DVD-MAMA-dos-1-768x1056.jpg 768w\" sizes=\"auto, (max-width: 324px) 100vw, 324px\" \/><\/p>\n<p style=\"text-align: center;\">__________________________________________________________________________________________________________________________________________________<\/p>\n<p>&nbsp;<\/p>\n<p><img loading=\"lazy\" decoding=\"async\" class=\"wp-image-3373 alignleft\" src=\"https:\/\/www.sandie-brischler.com\/wp\/wp-content\/uploads\/2024\/09\/Cata.Jan10001.jpg\" alt=\"\" width=\"407\" height=\"289\" srcset=\"https:\/\/www.sandie-brischler.com\/wp\/wp-content\/uploads\/2024\/09\/Cata.Jan10001.jpg 1669w, https:\/\/www.sandie-brischler.com\/wp\/wp-content\/uploads\/2024\/09\/Cata.Jan10001-300x213.jpg 300w, https:\/\/www.sandie-brischler.com\/wp\/wp-content\/uploads\/2024\/09\/Cata.Jan10001-1024x728.jpg 1024w, https:\/\/www.sandie-brischler.com\/wp\/wp-content\/uploads\/2024\/09\/Cata.Jan10001-768x546.jpg 768w, https:\/\/www.sandie-brischler.com\/wp\/wp-content\/uploads\/2024\/09\/Cata.Jan10001-1536x1092.jpg 1536w\" sizes=\"auto, (max-width: 407px) 100vw, 407px\" \/><\/p>\n<p><img loading=\"lazy\" decoding=\"async\" class=\"wp-image-3374 alignleft\" src=\"https:\/\/www.sandie-brischler.com\/wp\/wp-content\/uploads\/2024\/09\/Cata.Jan2_.jpg\" alt=\"\" width=\"409\" height=\"290\" srcset=\"https:\/\/www.sandie-brischler.com\/wp\/wp-content\/uploads\/2024\/09\/Cata.Jan2_.jpg 1676w, https:\/\/www.sandie-brischler.com\/wp\/wp-content\/uploads\/2024\/09\/Cata.Jan2_-300x212.jpg 300w, https:\/\/www.sandie-brischler.com\/wp\/wp-content\/uploads\/2024\/09\/Cata.Jan2_-1024x725.jpg 1024w, https:\/\/www.sandie-brischler.com\/wp\/wp-content\/uploads\/2024\/09\/Cata.Jan2_-768x544.jpg 768w, https:\/\/www.sandie-brischler.com\/wp\/wp-content\/uploads\/2024\/09\/Cata.Jan2_-1536x1088.jpg 1536w\" sizes=\"auto, (max-width: 409px) 100vw, 409px\" \/><\/p>\n<p><em><strong>\u00ab\u00a0ART-PROTHESE\u00a0\u00bb<\/strong><\/em><\/p>\n<p><strong>Catalogue publi\u00e9 en 2004<\/strong><\/p>\n<p>\u00e0 l&rsquo;occasion de la r\u00e9sidence de Sandie Brischler et Jan Laurens Siesling au centre d&rsquo;art de la Pommerie (Soutien DRAC et R\u00e9gion du Limousin)<\/p>\n<p><span style=\"color: #ffcc00;\"><strong><a style=\"color: #ffcc00;\" href=\"https:\/\/www.sandie-brischler.com\/wp\/wp-content\/uploads\/2024\/09\/Art-Prothese.pdf\" target=\"_blank\" rel=\"noopener\">Catalogue complet PDF<\/a><\/strong><\/span><\/p>\n<p>&nbsp;<\/p>\n<p>&nbsp;<\/p>\n<p style=\"text-align: center;\">_________________________________________________________________________________________________________________________________________________<\/p>\n<p style=\"text-align: center;\">Publication dans le livre \u00ab\u00a0<em><strong>ARTISTES FEMMES\u00a0\u00bb<\/strong><\/em><\/p>\n<p style=\"text-align: center;\">(Lamia Kadiri et Myriem Chraibi), Maroc 2019<\/p>\n<p><img loading=\"lazy\" decoding=\"async\" class=\"wp-image-3397 aligncenter\" src=\"https:\/\/www.sandie-brischler.com\/wp\/wp-content\/uploads\/2024\/09\/couv-2-scaled.jpg\" alt=\"\" width=\"438\" height=\"435\" srcset=\"https:\/\/www.sandie-brischler.com\/wp\/wp-content\/uploads\/2024\/09\/couv-2-scaled.jpg 2560w, https:\/\/www.sandie-brischler.com\/wp\/wp-content\/uploads\/2024\/09\/couv-2-300x298.jpg 300w, https:\/\/www.sandie-brischler.com\/wp\/wp-content\/uploads\/2024\/09\/couv-2-1024x1018.jpg 1024w, https:\/\/www.sandie-brischler.com\/wp\/wp-content\/uploads\/2024\/09\/couv-2-150x150.jpg 150w, https:\/\/www.sandie-brischler.com\/wp\/wp-content\/uploads\/2024\/09\/couv-2-768x763.jpg 768w, https:\/\/www.sandie-brischler.com\/wp\/wp-content\/uploads\/2024\/09\/couv-2-1536x1527.jpg 1536w, https:\/\/www.sandie-brischler.com\/wp\/wp-content\/uploads\/2024\/09\/couv-2-2048x2036.jpg 2048w\" sizes=\"auto, (max-width: 438px) 100vw, 438px\" \/><\/p>\n<p><img loading=\"lazy\" decoding=\"async\" class=\"wp-image-3253 aligncenter\" src=\"https:\/\/sandie-brischler.com\/wp\/wp-content\/uploads\/2024\/09\/IMG_20240916_202208_203_InPixio-1-scaled.jpg\" alt=\"\" width=\"424\" height=\"413\" srcset=\"https:\/\/www.sandie-brischler.com\/wp\/wp-content\/uploads\/2024\/09\/IMG_20240916_202208_203_InPixio-1-scaled.jpg 2560w, https:\/\/www.sandie-brischler.com\/wp\/wp-content\/uploads\/2024\/09\/IMG_20240916_202208_203_InPixio-1-300x292.jpg 300w, https:\/\/www.sandie-brischler.com\/wp\/wp-content\/uploads\/2024\/09\/IMG_20240916_202208_203_InPixio-1-1024x996.jpg 1024w, https:\/\/www.sandie-brischler.com\/wp\/wp-content\/uploads\/2024\/09\/IMG_20240916_202208_203_InPixio-1-768x747.jpg 768w, https:\/\/www.sandie-brischler.com\/wp\/wp-content\/uploads\/2024\/09\/IMG_20240916_202208_203_InPixio-1-1536x1495.jpg 1536w, https:\/\/www.sandie-brischler.com\/wp\/wp-content\/uploads\/2024\/09\/IMG_20240916_202208_203_InPixio-1-2048x1993.jpg 2048w\" sizes=\"auto, (max-width: 424px) 100vw, 424px\" \/><\/p>\n<p style=\"text-align: center;\"><span style=\"color: #ffcc00;\"><strong><a style=\"color: #ffcc00;\" href=\"https:\/\/www.sandie-brischler.com\/wp\/wp-content\/uploads\/2024\/09\/Livre-Femmes-Publication.pdf\" target=\"_blank\" rel=\"noopener\">Pages publication &#8211; PDF<\/a><\/strong><\/span><\/p>\n<p style=\"text-align: center;\">__________________________________________________________________________________________________________________________________________________<\/p>\n","protected":false},"excerpt":{"rendered":"<p>&nbsp; \u00ab\u00a0ECRITURE(S)\u00a0\u00bb Catalogue publi\u00e9 en 2018 \u00e0 l&rsquo;occasion de l&rsquo;exposition ECRITURE(S) au centre culturel D&rsquo;Art Louane de Rabat (Maroc). Catalogue complet PDF &nbsp; &nbsp; &nbsp; &nbsp; &nbsp; __________________________________________________________________________________________________________________________________________________ \u00ab\u00a0Ecritures, Fragments et Rouleaux\u00a0\u00bb Catalogue publi\u00e9 en 2017 \u00e0 l&rsquo;occasion de l&rsquo;exposition \u00ab\u00a0Ecritures, Fragments et Rouleaux\u00a0\u00bb \u00e0 l&rsquo;Institut fran\u00e7ais de Rabat (Maroc),&hellip;<a class=\"read-more\" href=\"https:\/\/www.sandie-brischler.com\/wp\/?page_id=3103\" rel=\"bookmark\">Continue Reading<\/a><\/p>\n","protected":false},"author":2,"featured_media":0,"parent":0,"menu_order":0,"comment_status":"closed","ping_status":"closed","template":"","meta":{"footnotes":""},"tags":[],"class_list":["post-3103","page","type-page","status-publish","hentry"],"jetpack_sharing_enabled":true,"_links":{"self":[{"href":"https:\/\/www.sandie-brischler.com\/wp\/index.php?rest_route=\/wp\/v2\/pages\/3103","targetHints":{"allow":["GET"]}}],"collection":[{"href":"https:\/\/www.sandie-brischler.com\/wp\/index.php?rest_route=\/wp\/v2\/pages"}],"about":[{"href":"https:\/\/www.sandie-brischler.com\/wp\/index.php?rest_route=\/wp\/v2\/types\/page"}],"author":[{"embeddable":true,"href":"https:\/\/www.sandie-brischler.com\/wp\/index.php?rest_route=\/wp\/v2\/users\/2"}],"replies":[{"embeddable":true,"href":"https:\/\/www.sandie-brischler.com\/wp\/index.php?rest_route=%2Fwp%2Fv2%2Fcomments&post=3103"}],"version-history":[{"count":94,"href":"https:\/\/www.sandie-brischler.com\/wp\/index.php?rest_route=\/wp\/v2\/pages\/3103\/revisions"}],"predecessor-version":[{"id":3406,"href":"https:\/\/www.sandie-brischler.com\/wp\/index.php?rest_route=\/wp\/v2\/pages\/3103\/revisions\/3406"}],"wp:attachment":[{"href":"https:\/\/www.sandie-brischler.com\/wp\/index.php?rest_route=%2Fwp%2Fv2%2Fmedia&parent=3103"}],"wp:term":[{"taxonomy":"post_tag","embeddable":true,"href":"https:\/\/www.sandie-brischler.com\/wp\/index.php?rest_route=%2Fwp%2Fv2%2Ftags&post=3103"}],"curies":[{"name":"wp","href":"https:\/\/api.w.org\/{rel}","templated":true}]}}