{"id":3603,"date":"2025-04-24T20:30:59","date_gmt":"2025-04-24T20:30:59","guid":{"rendered":"https:\/\/www.sandie-brischler.com\/wp\/?page_id=3603"},"modified":"2025-04-24T20:36:18","modified_gmt":"2025-04-24T20:36:18","slug":"body-writing-iii-2013-2","status":"publish","type":"page","link":"https:\/\/www.sandie-brischler.com\/wp\/?page_id=3603","title":{"rendered":"Body-Writing III (2013)"},"content":{"rendered":"<p><span style=\"color: #ffff00;\"><strong><a style=\"color: #ffff00;\" href=\"https:\/\/www.sandie-brischler.com\/wp\/?page_id=1066\">ENGLISH HERE<\/a><\/strong><\/span><\/p>\n<p><img loading=\"lazy\" decoding=\"async\" class=\"wp-image-1354 aligncenter\" src=\"http:\/\/www.sandie-brischler.com\/wp\/wp-content\/uploads\/2017\/08\/bd3-300x201.jpg\" alt=\"\" width=\"656\" height=\"439\" srcset=\"https:\/\/www.sandie-brischler.com\/wp\/wp-content\/uploads\/2017\/08\/bd3-300x201.jpg 300w, https:\/\/www.sandie-brischler.com\/wp\/wp-content\/uploads\/2017\/08\/bd3-768x514.jpg 768w, https:\/\/www.sandie-brischler.com\/wp\/wp-content\/uploads\/2017\/08\/bd3-1024x686.jpg 1024w, https:\/\/www.sandie-brischler.com\/wp\/wp-content\/uploads\/2017\/08\/bd3.jpg 1441w\" sizes=\"auto, (max-width: 656px) 100vw, 656px\" \/><\/p>\n<p>L\u2019installation sonore de la compositrice Eliane Radigues, \u00ab\u00a0<em>Trilogie de la Mort<\/em>\u00a0\u00bb (1998), \u0153uvre exp\u00e9rimentale majeure de musique \u00e9lectronique minimaliste, sert de support \u00e0 cette performance.<\/p>\n<p>La transposition graphique de cette \u0153uvre musicale absolue, qui questionne les couches profondes de l&rsquo;\u00eatre, sera perp\u00e9tu\u00e9e dans une \u0153uvre graphique et corporelle\u00a0: les sons et leurs vibrations profondes seront interpr\u00e9t\u00e9s et rendus visibles sur papier, par le biais du corps, de sa pr\u00e9sence et de ses sensations. L&rsquo;univers sonore sera per\u00e7u physiquement et deviendra une trace graphique, un dessin dans l&rsquo;espace.<\/p>\n<p>Sons, corps et dessins interagissent exp\u00e9rimentalement et \u00e9voluent tout au long de la trilogie musicale, sur la m\u00eame surface de papier, au moyen du corps, de divers instruments et de moyens graphiques, permettant de tracer l&rsquo;exp\u00e9rience sonore et d&rsquo;explorer les infinies variations de la couleur noire.<\/p>\n<p>Cette performance s\u2019inscrit dans un processus qui se d\u00e9veloppe lentement et se r\u00e9v\u00e8le au public comme un \u00ab tableau \u00bb vivant, une \u0153uvre contemplative, \u00e9volutive dans le temps.<\/p>\n<p>&nbsp;<\/p>\n<p><img loading=\"lazy\" decoding=\"async\" class=\"wp-image-1357 aligncenter\" src=\"http:\/\/www.sandie-brischler.com\/wp\/wp-content\/uploads\/2017\/08\/bd4r-300x201.jpg\" alt=\"\" width=\"654\" height=\"438\" srcset=\"https:\/\/www.sandie-brischler.com\/wp\/wp-content\/uploads\/2017\/08\/bd4r-300x201.jpg 300w, https:\/\/www.sandie-brischler.com\/wp\/wp-content\/uploads\/2017\/08\/bd4r-768x514.jpg 768w, https:\/\/www.sandie-brischler.com\/wp\/wp-content\/uploads\/2017\/08\/bd4r-1024x686.jpg 1024w, https:\/\/www.sandie-brischler.com\/wp\/wp-content\/uploads\/2017\/08\/bd4r.jpg 1408w\" sizes=\"auto, (max-width: 654px) 100vw, 654px\" \/><\/p>\n<p><img loading=\"lazy\" decoding=\"async\" class=\"wp-image-1366 alignnone\" src=\"http:\/\/www.sandie-brischler.com\/wp\/wp-content\/uploads\/2017\/08\/Perf-1-46-300x199.jpg\" alt=\"\" width=\"332\" height=\"220\" srcset=\"https:\/\/www.sandie-brischler.com\/wp\/wp-content\/uploads\/2017\/08\/Perf-1-46-300x199.jpg 300w, https:\/\/www.sandie-brischler.com\/wp\/wp-content\/uploads\/2017\/08\/Perf-1-46-768x509.jpg 768w, https:\/\/www.sandie-brischler.com\/wp\/wp-content\/uploads\/2017\/08\/Perf-1-46-1024x678.jpg 1024w\" sizes=\"auto, (max-width: 332px) 100vw, 332px\" \/>\u00a0\u00a0\u00a0 <img loading=\"lazy\" decoding=\"async\" class=\"alignnone wp-image-1356\" src=\"http:\/\/www.sandie-brischler.com\/wp\/wp-content\/uploads\/2017\/08\/bd3e-300x201.jpg\" alt=\"\" width=\"327\" height=\"219\" srcset=\"https:\/\/www.sandie-brischler.com\/wp\/wp-content\/uploads\/2017\/08\/bd3e-300x201.jpg 300w, https:\/\/www.sandie-brischler.com\/wp\/wp-content\/uploads\/2017\/08\/bd3e.jpg 738w\" sizes=\"auto, (max-width: 327px) 100vw, 327px\" \/><\/p>\n<p><img loading=\"lazy\" decoding=\"async\" class=\"alignnone wp-image-1355\" src=\"http:\/\/www.sandie-brischler.com\/wp\/wp-content\/uploads\/2017\/08\/bd3a-300x201.jpg\" alt=\"\" width=\"334\" height=\"224\" srcset=\"https:\/\/www.sandie-brischler.com\/wp\/wp-content\/uploads\/2017\/08\/bd3a-300x201.jpg 300w, https:\/\/www.sandie-brischler.com\/wp\/wp-content\/uploads\/2017\/08\/bd3a.jpg 738w\" sizes=\"auto, (max-width: 334px) 100vw, 334px\" \/>\u00a0\u00a0\u00a0 <img loading=\"lazy\" decoding=\"async\" class=\"alignnone wp-image-1360\" src=\"http:\/\/www.sandie-brischler.com\/wp\/wp-content\/uploads\/2017\/08\/BDIII-300x201.jpg\" alt=\"\" width=\"332\" height=\"222\" srcset=\"https:\/\/www.sandie-brischler.com\/wp\/wp-content\/uploads\/2017\/08\/BDIII-300x201.jpg 300w, https:\/\/www.sandie-brischler.com\/wp\/wp-content\/uploads\/2017\/08\/BDIII.jpg 308w\" sizes=\"auto, (max-width: 332px) 100vw, 332px\" \/><\/p>\n<p><img loading=\"lazy\" decoding=\"async\" class=\"alignnone wp-image-1363\" src=\"http:\/\/www.sandie-brischler.com\/wp\/wp-content\/uploads\/2017\/08\/BDIII3-300x200.jpg\" alt=\"\" width=\"335\" height=\"223\" srcset=\"https:\/\/www.sandie-brischler.com\/wp\/wp-content\/uploads\/2017\/08\/BDIII3-300x200.jpg 300w, https:\/\/www.sandie-brischler.com\/wp\/wp-content\/uploads\/2017\/08\/BDIII3-768x513.jpg 768w, https:\/\/www.sandie-brischler.com\/wp\/wp-content\/uploads\/2017\/08\/BDIII3.jpg 960w\" sizes=\"auto, (max-width: 335px) 100vw, 335px\" \/>\u00a0\u00a0\u00a0\u00a0 <img loading=\"lazy\" decoding=\"async\" class=\"alignnone wp-image-1361\" src=\"http:\/\/www.sandie-brischler.com\/wp\/wp-content\/uploads\/2017\/08\/BDIII1-300x201.jpg\" alt=\"\" width=\"334\" height=\"224\" srcset=\"https:\/\/www.sandie-brischler.com\/wp\/wp-content\/uploads\/2017\/08\/BDIII1-300x201.jpg 300w, https:\/\/www.sandie-brischler.com\/wp\/wp-content\/uploads\/2017\/08\/BDIII1-768x514.jpg 768w, https:\/\/www.sandie-brischler.com\/wp\/wp-content\/uploads\/2017\/08\/BDIII1.jpg 960w\" sizes=\"auto, (max-width: 334px) 100vw, 334px\" \/><\/p>\n<p><img loading=\"lazy\" decoding=\"async\" class=\"alignnone wp-image-1358\" src=\"http:\/\/www.sandie-brischler.com\/wp\/wp-content\/uploads\/2017\/08\/bd5t-300x201.jpg\" alt=\"\" width=\"343\" height=\"230\" srcset=\"https:\/\/www.sandie-brischler.com\/wp\/wp-content\/uploads\/2017\/08\/bd5t-300x201.jpg 300w, https:\/\/www.sandie-brischler.com\/wp\/wp-content\/uploads\/2017\/08\/bd5t-768x514.jpg 768w, https:\/\/www.sandie-brischler.com\/wp\/wp-content\/uploads\/2017\/08\/bd5t.jpg 805w\" sizes=\"auto, (max-width: 343px) 100vw, 343px\" \/>\u00a0\u00a0\u00a0\u00a0 <img loading=\"lazy\" decoding=\"async\" class=\"alignnone wp-image-1362\" src=\"http:\/\/www.sandie-brischler.com\/wp\/wp-content\/uploads\/2017\/08\/BDIII2-300x212.jpg\" alt=\"\" width=\"325\" height=\"230\" srcset=\"https:\/\/www.sandie-brischler.com\/wp\/wp-content\/uploads\/2017\/08\/BDIII2-300x212.jpg 300w, https:\/\/www.sandie-brischler.com\/wp\/wp-content\/uploads\/2017\/08\/BDIII2-768x543.jpg 768w, https:\/\/www.sandie-brischler.com\/wp\/wp-content\/uploads\/2017\/08\/BDIII2.jpg 960w\" sizes=\"auto, (max-width: 325px) 100vw, 325px\" \/><\/p>\n<p><img loading=\"lazy\" decoding=\"async\" class=\"wp-image-1359 aligncenter\" src=\"http:\/\/www.sandie-brischler.com\/wp\/wp-content\/uploads\/2017\/08\/bd6t-300x199.jpg\" alt=\"\" width=\"742\" height=\"492\" srcset=\"https:\/\/www.sandie-brischler.com\/wp\/wp-content\/uploads\/2017\/08\/bd6t-300x199.jpg 300w, https:\/\/www.sandie-brischler.com\/wp\/wp-content\/uploads\/2017\/08\/bd6t-768x509.jpg 768w, https:\/\/www.sandie-brischler.com\/wp\/wp-content\/uploads\/2017\/08\/bd6t-1024x678.jpg 1024w, https:\/\/www.sandie-brischler.com\/wp\/wp-content\/uploads\/2017\/08\/bd6t.jpg 1196w\" sizes=\"auto, (max-width: 742px) 100vw, 742px\" \/><\/p>\n<p>&nbsp;<\/p>\n<h2>VIDEO:<\/h2>\n<div class=\"jetpack-video-wrapper\"><iframe loading=\"lazy\" title=\"BODY-WRITING III, performance Sandie Brischler (2013)\" width=\"700\" height=\"525\" src=\"https:\/\/www.youtube.com\/embed\/cp-Te_tyi-8?feature=oembed\" frameborder=\"0\" allow=\"accelerometer; autoplay; clipboard-write; encrypted-media; gyroscope; picture-in-picture; web-share\" referrerpolicy=\"strict-origin-when-cross-origin\" allowfullscreen><\/iframe><\/div>\n<p>&nbsp;<\/p>\n<p>&nbsp;<\/p>\n<p>&nbsp;<\/p>\n<p>&nbsp;<\/p>\n<p>&nbsp;<\/p>\n<p>&nbsp;<\/p>\n","protected":false},"excerpt":{"rendered":"<p>ENGLISH HERE L\u2019installation sonore de la compositrice Eliane Radigues, \u00ab\u00a0Trilogie de la Mort\u00a0\u00bb (1998), \u0153uvre exp\u00e9rimentale majeure de musique \u00e9lectronique minimaliste, sert de support \u00e0 cette performance. La transposition graphique de cette \u0153uvre musicale absolue, qui questionne les couches profondes de l&rsquo;\u00eatre, sera perp\u00e9tu\u00e9e dans une \u0153uvre graphique et corporelle\u00a0:&hellip;<a class=\"read-more\" href=\"https:\/\/www.sandie-brischler.com\/wp\/?page_id=3603\" rel=\"bookmark\">Continue Reading<\/a><\/p>\n","protected":false},"author":2,"featured_media":0,"parent":0,"menu_order":0,"comment_status":"closed","ping_status":"closed","template":"","meta":{"footnotes":""},"tags":[],"class_list":["post-3603","page","type-page","status-publish","hentry"],"jetpack_sharing_enabled":true,"_links":{"self":[{"href":"https:\/\/www.sandie-brischler.com\/wp\/index.php?rest_route=\/wp\/v2\/pages\/3603","targetHints":{"allow":["GET"]}}],"collection":[{"href":"https:\/\/www.sandie-brischler.com\/wp\/index.php?rest_route=\/wp\/v2\/pages"}],"about":[{"href":"https:\/\/www.sandie-brischler.com\/wp\/index.php?rest_route=\/wp\/v2\/types\/page"}],"author":[{"embeddable":true,"href":"https:\/\/www.sandie-brischler.com\/wp\/index.php?rest_route=\/wp\/v2\/users\/2"}],"replies":[{"embeddable":true,"href":"https:\/\/www.sandie-brischler.com\/wp\/index.php?rest_route=%2Fwp%2Fv2%2Fcomments&post=3603"}],"version-history":[{"count":3,"href":"https:\/\/www.sandie-brischler.com\/wp\/index.php?rest_route=\/wp\/v2\/pages\/3603\/revisions"}],"predecessor-version":[{"id":3612,"href":"https:\/\/www.sandie-brischler.com\/wp\/index.php?rest_route=\/wp\/v2\/pages\/3603\/revisions\/3612"}],"wp:attachment":[{"href":"https:\/\/www.sandie-brischler.com\/wp\/index.php?rest_route=%2Fwp%2Fv2%2Fmedia&parent=3603"}],"wp:term":[{"taxonomy":"post_tag","embeddable":true,"href":"https:\/\/www.sandie-brischler.com\/wp\/index.php?rest_route=%2Fwp%2Fv2%2Ftags&post=3603"}],"curies":[{"name":"wp","href":"https:\/\/api.w.org\/{rel}","templated":true}]}}