{"id":3732,"date":"2025-06-13T09:40:20","date_gmt":"2025-06-13T09:40:20","guid":{"rendered":"https:\/\/www.sandie-brischler.com\/wp\/?page_id=3732"},"modified":"2025-06-13T09:48:01","modified_gmt":"2025-06-13T09:48:01","slug":"biographie-2","status":"publish","type":"page","link":"https:\/\/www.sandie-brischler.com\/wp\/?page_id=3732","title":{"rendered":"Biographie arts vivants"},"content":{"rendered":"<div class=\"csc-textpic csc-textpic-left csc-textpic-above csc-textpic-border\">\n<div class=\"csc-textpic-imagewrap\">\n<div class=\"csc-textpic-imagecolumn\">\n<dl class=\"csc-textpic-image csc-textpic-firstcol csc-textpic-lastcol\">\n<dt><\/dt>\n<dt><strong><span style=\"color: #ffff00;\"><a style=\"color: #ffff00;\" href=\"https:\/\/www.sandie-brischler.com\/wp\/?page_id=3737\">ENGLISH HERE<\/a><\/span><\/strong><\/dt>\n<dt><\/dt>\n<\/dl>\n<p><img loading=\"lazy\" decoding=\"async\" class=\"alignnone wp-image-3661\" src=\"https:\/\/sandie-brischler.com\/wp\/wp-content\/uploads\/2025\/04\/DSC_2381-scaled.jpg\" alt=\"\" width=\"236\" height=\"354\" srcset=\"https:\/\/www.sandie-brischler.com\/wp\/wp-content\/uploads\/2025\/04\/DSC_2381-scaled.jpg 1703w, https:\/\/www.sandie-brischler.com\/wp\/wp-content\/uploads\/2025\/04\/DSC_2381-200x300.jpg 200w, https:\/\/www.sandie-brischler.com\/wp\/wp-content\/uploads\/2025\/04\/DSC_2381-scaled-681x1024.jpg 681w, https:\/\/www.sandie-brischler.com\/wp\/wp-content\/uploads\/2025\/04\/DSC_2381-768x1154.jpg 768w, https:\/\/www.sandie-brischler.com\/wp\/wp-content\/uploads\/2025\/04\/DSC_2381-1022x1536.jpg 1022w, https:\/\/www.sandie-brischler.com\/wp\/wp-content\/uploads\/2025\/04\/DSC_2381-1363x2048.jpg 1363w\" sizes=\"auto, (max-width: 236px) 100vw, 236px\" \/><\/p>\n<\/div>\n<\/div>\n<\/div>\n<p>Sandie Brischler est une artiste d\u2019origine fran\u00e7aise, qui a v\u00e9cu et travaill\u00e9 en Allemagne puis au Maroc, avant de venir s\u2019installer \u00e0 Bruxelles en 2018. Apr\u00e8s des \u00e9tudes de sc\u00e9nographie, de litt\u00e9rature et de psychologie (o\u00f9 elle \u00e9tudie les rapports entre art, \u00e9criture et inconscient), elle d\u00e9bute \u00e0 Paris en 2002 une carri\u00e8re dans la photographie puis dans les <strong>arts plastiques et visuels<\/strong>. Ses travaux se concentrent sur l\u2019\u00e9criture et le signe, en relation avec le corps.<\/p>\n<p>A l\u2019issue d\u2019une carri\u00e8re internationale dans les arts visuels, elle se consacre ensuite plus sp\u00e9cifiquement au domaine de la <strong>recherche transdisciplinaire<\/strong>, et de la <strong>performance<\/strong>. Elle r\u00e9alise entre autre de 2010 \u00e0 2014 \u00e0 Berlin, la s\u00e9rie de performances \u00ab\u00a0<em>Body-Writing<\/em>\u00a0\u00bb qui a \u00e9t\u00e9 programm\u00e9e lors de plusieurs \u00e9v\u00e8nements artistiques et salons d\u2019art contemporain internationaux, notamment la Biennale d\u2019art contemporain de Berlin en 2014. Cette s\u00e9rie de performances questionnent le lien entre le corps, l\u2019\u00e9criture, l\u2019espace et le signe graphique et int\u00e8gre plusieurs dimensions (corps, dessin, \u00e9critures, traces, dimension spatiale, espaces sonores, mouvement, danse et projections vid\u00e9o).<\/p>\n<p>En parall\u00e8le \u00e0 son travail de plasticienne et de performeuse, elle explore \u00e9galement depuis 2008 les <strong>champs du mouvement<\/strong>, de la danse et plus particuli\u00e8rement de l\u2019<strong>improvisation<\/strong>, selon divers approches, techniques et enseignements (notamment avec Sten Rudstrom et Action-Theater \u00e0 Berlin). Elle a beaucoup travaill\u00e9 autour du mouvement spontan\u00e9 et authentique et autour de la composition instantan\u00e9e, en explorant aussi les notions de \u00ab\u00a0scores\u00a0\u00bb pour l\u2019improvisation (selon les approches de Lisa Nelson et Nancy Stark). Sandie a cumul\u00e9 bon nombre d\u2019exp\u00e9riences au fil des ann\u00e9es, notamment aupr\u00e8s d\u2019enseignants tels qu\u2019Andrew Morrish, Katie Duck, Maya Caroll et Julyen Hamilton.<\/p>\n<p>Dans <strong>le domaine circassien<\/strong> \u00e9galement, elle se forme et d\u00e9veloppe son int\u00e9r\u00eat pour les <strong>pratiques a\u00e9riennes<\/strong> (danse et acrobatique), elle s\u2019int\u00e9resse aux approches anti-gravitaires et a\u00e9riennes du mouvement, notamment avec Abel Navarro et la Compagnie Luftdanza en 2010 \u00e0 Berlin. Elle m\u00e8nera par la suite plusieurs recherches personnelles et performatives avec le corps et la gravit\u00e9.<\/p>\n<p>Elle approfondira \u00e9galement son lien avec la <strong>danse contemporaine<\/strong> et les <strong>techniques d\u2019improvisation<\/strong> \u00e0 travers plusieurs projets et exp\u00e9riences\u00a0: En 2012, elle se forme aux techniques de la danse int\u00e9grative avec Alito Alessi (USA), elle va collaborer par la suite pendant deux ans avec la compagnie de danse inclusive <em>Dancing with diff\u00e9rences <\/em>(Portugal)\u00a0et sera coordinatrice d\u2019un projet de partenariat europ\u00e9en. En 2015, elle participe aux festival \u00ab<em>Action-Danse\u00bb <\/em>\u00e0 Casablanca, ainsi que \u00ab\u00a0<em>l\u2019Oriental en mouvement\u00bb, <\/em>o\u00f9 elle intervient lors d\u2019une mission danse-p\u00e9dagogie dans des r\u00e9gions isol\u00e9es du Maroc. La m\u00eame ann\u00e9e, elle int\u00e8gre la compagnie casablancaise <em>Col\u2019Jam<\/em>, fond\u00e9e par Ahlam El Morsli, et suit une formation intensive en danse contemporaine avec le chor\u00e9graphe tunisien Wajdi Gagui. Elle a particip\u00e9 au premier festival des\u00a0\u00ab\u00a0<em>Rencontres chor\u00e9graphiques de Casablanca\u00a0<\/em>\u00bb\u00a0et s\u2019est produite dans la cr\u00e9ation chor\u00e9graphique <em>\u00ab\u00a0Skett<\/em>\u00a0\u00bb de Wajdi Gagui \u00e0 l\u2019institut fran\u00e7ais de Casablanca, en octobre 2015.<\/p>\n<p>Actuellement, Sandie se consacre \u00e0 d\u00e9velopper et enrichir ses recherches artistiques au croisement des chemins et poursuit ses r\u00e9flexions sur l\u2019acte performatif, sur la transversalit\u00e9 des arts et des moyens d\u2019expression. Elle est aussi tr\u00e8s active dans le <strong>domaine de la transmission<\/strong> et a cr\u00e9e depuis 2021 le VorteX, un laboratoire d\u2019expressions, centre de cr\u00e9ativit\u00e9 et de formation entre art et th\u00e9rapie, situ\u00e9 au c\u0153ur de Bruxelles.<\/p>\n<p>&nbsp;<\/p>\n<p>&nbsp;<\/p>\n","protected":false},"excerpt":{"rendered":"<p>ENGLISH HERE Sandie Brischler est une artiste d\u2019origine fran\u00e7aise, qui a v\u00e9cu et travaill\u00e9 en Allemagne puis au Maroc, avant de venir s\u2019installer \u00e0 Bruxelles en 2018. Apr\u00e8s des \u00e9tudes de sc\u00e9nographie, de litt\u00e9rature et de psychologie (o\u00f9 elle \u00e9tudie les rapports entre art, \u00e9criture et inconscient), elle d\u00e9bute \u00e0&hellip;<a class=\"read-more\" href=\"https:\/\/www.sandie-brischler.com\/wp\/?page_id=3732\" rel=\"bookmark\">Continue Reading<\/a><\/p>\n","protected":false},"author":2,"featured_media":0,"parent":0,"menu_order":0,"comment_status":"closed","ping_status":"closed","template":"","meta":{"footnotes":""},"tags":[],"class_list":["post-3732","page","type-page","status-publish","hentry"],"jetpack_sharing_enabled":true,"_links":{"self":[{"href":"https:\/\/www.sandie-brischler.com\/wp\/index.php?rest_route=\/wp\/v2\/pages\/3732","targetHints":{"allow":["GET"]}}],"collection":[{"href":"https:\/\/www.sandie-brischler.com\/wp\/index.php?rest_route=\/wp\/v2\/pages"}],"about":[{"href":"https:\/\/www.sandie-brischler.com\/wp\/index.php?rest_route=\/wp\/v2\/types\/page"}],"author":[{"embeddable":true,"href":"https:\/\/www.sandie-brischler.com\/wp\/index.php?rest_route=\/wp\/v2\/users\/2"}],"replies":[{"embeddable":true,"href":"https:\/\/www.sandie-brischler.com\/wp\/index.php?rest_route=%2Fwp%2Fv2%2Fcomments&post=3732"}],"version-history":[{"count":4,"href":"https:\/\/www.sandie-brischler.com\/wp\/index.php?rest_route=\/wp\/v2\/pages\/3732\/revisions"}],"predecessor-version":[{"id":3742,"href":"https:\/\/www.sandie-brischler.com\/wp\/index.php?rest_route=\/wp\/v2\/pages\/3732\/revisions\/3742"}],"wp:attachment":[{"href":"https:\/\/www.sandie-brischler.com\/wp\/index.php?rest_route=%2Fwp%2Fv2%2Fmedia&parent=3732"}],"wp:term":[{"taxonomy":"post_tag","embeddable":true,"href":"https:\/\/www.sandie-brischler.com\/wp\/index.php?rest_route=%2Fwp%2Fv2%2Ftags&post=3732"}],"curies":[{"name":"wp","href":"https:\/\/api.w.org\/{rel}","templated":true}]}}