{"id":3878,"date":"2025-12-07T23:35:29","date_gmt":"2025-12-07T23:35:29","guid":{"rendered":"https:\/\/www.sandie-brischler.com\/wp\/?page_id=3878"},"modified":"2025-12-08T04:45:20","modified_gmt":"2025-12-08T04:45:20","slug":"spaces-in-between-2025-2","status":"publish","type":"page","link":"https:\/\/www.sandie-brischler.com\/wp\/?page_id=3878","title":{"rendered":"Spaces-In-Between (2025)"},"content":{"rendered":"<h2>Spaces-In-Between (2025)<\/h2>\n<p><strong><span style=\"color: #ffff00;\"><a style=\"color: #ffff00;\" href=\"https:\/\/www.sandie-brischler.com\/wp\/?page_id=3825\">ENGLISH HERE<\/a><\/span><\/strong><\/p>\n<ul class=\"tags\">\n<li>Danse-performance<\/li>\n<li>Arts visuels<\/li>\n<li>Installation \/ Exposition vid\u00e9o<\/li>\n<li>Premiere au Japon (11\/2025)<\/li>\n<\/ul>\n<p><img loading=\"lazy\" decoding=\"async\" class=\" wp-image-3826\" src=\"https:\/\/sandie-brischler.com\/wp\/wp-content\/uploads\/2025\/12\/logo.jpg\" alt=\"\" width=\"287\" height=\"162\" srcset=\"https:\/\/www.sandie-brischler.com\/wp\/wp-content\/uploads\/2025\/12\/logo.jpg 1108w, https:\/\/www.sandie-brischler.com\/wp\/wp-content\/uploads\/2025\/12\/logo-300x169.jpg 300w, https:\/\/www.sandie-brischler.com\/wp\/wp-content\/uploads\/2025\/12\/logo-1024x577.jpg 1024w, https:\/\/www.sandie-brischler.com\/wp\/wp-content\/uploads\/2025\/12\/logo-768x433.jpg 768w, https:\/\/www.sandie-brischler.com\/wp\/wp-content\/uploads\/2025\/12\/logo-600x338.jpg 600w\" sizes=\"auto, (max-width: 287px) 100vw, 287px\" \/><\/p>\n<p><em><strong>Space-In-Between,<\/strong><\/em> c&rsquo;est une synth\u00e8se des approches performatives de l&rsquo;artiste, dans la suite de ses explorations de ce \u00ab\u00a0champs \u00e9troit\u00a0\u00bb entre existence et non-existence.<\/p>\n<p>A partir d&rsquo;une installation de rouleaux de papier blancs, l&rsquo;espace se compose et s&rsquo;\u00e9crit en filigrane entre surface de projection et surface inscriptible, comme deux dimensions qui s&rsquo;interp\u00e9n\u00e8trent. Le corps\u00a0 \u00e9volue entre ces deux surfaces, les traverse et les incorpore. Il est une interface.<\/p>\n<p>Cette installation performative autour du signe et de l&rsquo;\u00e9criture nous ouvre sur plusieurs niveaux de lecture: Dans un univers de signifiants entre signes, traces, \u00e9criture organique,&#8230; C&rsquo;est surtout d&rsquo;une \u00e9criture visc\u00e9rale qui se trace et s&rsquo;inscrit dans l&rsquo;espace.<\/p>\n<div id='gallery-1' class='gallery galleryid-3878 gallery-columns-1 gallery-size-large'><figure class='gallery-item'>\n\t\t\t<div class='gallery-icon landscape'>\n\t\t\t\t<a href='https:\/\/www.sandie-brischler.com\/wp\/?attachment_id=3829'><img loading=\"lazy\" decoding=\"async\" width=\"700\" height=\"439\" src=\"https:\/\/www.sandie-brischler.com\/wp\/wp-content\/uploads\/2025\/12\/BD-III-451-scaled-1024x642.jpg\" class=\"attachment-large size-large\" alt=\"\" aria-describedby=\"gallery-1-3829\" srcset=\"https:\/\/www.sandie-brischler.com\/wp\/wp-content\/uploads\/2025\/12\/BD-III-451-scaled-1024x642.jpg 1024w, https:\/\/www.sandie-brischler.com\/wp\/wp-content\/uploads\/2025\/12\/BD-III-451-scaled-300x188.jpg 300w, https:\/\/www.sandie-brischler.com\/wp\/wp-content\/uploads\/2025\/12\/BD-III-451-768x482.jpg 768w, https:\/\/www.sandie-brischler.com\/wp\/wp-content\/uploads\/2025\/12\/BD-III-451-scaled-1536x964.jpg 1536w, https:\/\/www.sandie-brischler.com\/wp\/wp-content\/uploads\/2025\/12\/BD-III-451-scaled-2048x1285.jpg 2048w, https:\/\/www.sandie-brischler.com\/wp\/wp-content\/uploads\/2025\/12\/BD-III-451-scaled-600x376.jpg 600w\" sizes=\"auto, (max-width: 700px) 100vw, 700px\" \/><\/a>\n\t\t\t<\/div>\n\t\t\t\t<figcaption class='wp-caption-text gallery-caption' id='gallery-1-3829'>\n\t\t\t\tGallerie Side-A, Yokohama (Japan)\n\t\t\t\t<\/figcaption><\/figure>\n\t\t<\/div>\n\n<p>.<\/p>\n<h2><strong>Performance 1: Body-Writing III, \u00ab\u00a0explorer l&rsquo;horizontalit\u00e9\u00a0\u00bb<\/strong><\/h2>\n<p>&nbsp;<\/p>\n<div class=\"jetpack-video-wrapper\"><iframe loading=\"lazy\" title=\"Body-Writing III - Exploring horizontality (Japan, 2025)\" width=\"700\" height=\"394\" src=\"https:\/\/www.youtube.com\/embed\/q7_xMeGY2tY?feature=oembed\" frameborder=\"0\" allow=\"accelerometer; autoplay; clipboard-write; encrypted-media; gyroscope; picture-in-picture; web-share\" referrerpolicy=\"strict-origin-when-cross-origin\" allowfullscreen><\/iframe><\/div>\n<p>(Teaser-vid\u00e9o, Gallerie Side-A, Yokohama 28.11.2025)<\/p>\n<p>.<\/p>\n<h2><strong>Performance 2: Composition \u00ab\u00a0Spaces-in-between\u00a0\u00bb<\/strong><\/h2>\n<p>Explorant l&rsquo;espace comme surface inscriptible en trois dimensions, \u00e0 l&rsquo;intersection du corps et du mouvement, du dessin et de \u00ab\u00a0l&rsquo;action graphique\u00a0\u00bb, du paysage sonore et de la projection vid\u00e9o des oeuvres originales de l&rsquo;artiste&#8230; Le corps devient une histoire qui se raconte.<\/p>\n<div class=\"jetpack-video-wrapper\"><iframe loading=\"lazy\" title=\"SPACES-IN-BETWEEN (2025)\" width=\"700\" height=\"525\" src=\"https:\/\/www.youtube.com\/embed\/-hYQm1AQY9Q?feature=oembed\" frameborder=\"0\" allow=\"accelerometer; autoplay; clipboard-write; encrypted-media; gyroscope; picture-in-picture; web-share\" referrerpolicy=\"strict-origin-when-cross-origin\" allowfullscreen><\/iframe><\/div>\n<p>(Teaser-vid\u00e9o, Gallerie Side-A, Yokohama 29.11.2025)<\/p>\n<p>&nbsp;<\/p>\n<p><img loading=\"lazy\" decoding=\"async\" class=\"alignnone wp-image-3854\" src=\"https:\/\/sandie-brischler.com\/wp\/wp-content\/uploads\/2025\/12\/Photos-video-best51.jpg\" alt=\"\" width=\"703\" height=\"506\" srcset=\"https:\/\/www.sandie-brischler.com\/wp\/wp-content\/uploads\/2025\/12\/Photos-video-best51.jpg 2462w, https:\/\/www.sandie-brischler.com\/wp\/wp-content\/uploads\/2025\/12\/Photos-video-best51-300x216.jpg 300w, https:\/\/www.sandie-brischler.com\/wp\/wp-content\/uploads\/2025\/12\/Photos-video-best51-1024x737.jpg 1024w, https:\/\/www.sandie-brischler.com\/wp\/wp-content\/uploads\/2025\/12\/Photos-video-best51-768x553.jpg 768w, https:\/\/www.sandie-brischler.com\/wp\/wp-content\/uploads\/2025\/12\/Photos-video-best51-1536x1106.jpg 1536w, https:\/\/www.sandie-brischler.com\/wp\/wp-content\/uploads\/2025\/12\/Photos-video-best51-2048x1475.jpg 2048w, https:\/\/www.sandie-brischler.com\/wp\/wp-content\/uploads\/2025\/12\/Photos-video-best51-600x432.jpg 600w\" sizes=\"auto, (max-width: 703px) 100vw, 703px\" \/><\/p>\n<p><img loading=\"lazy\" decoding=\"async\" class=\"alignnone wp-image-3842\" src=\"https:\/\/sandie-brischler.com\/wp\/wp-content\/uploads\/2025\/12\/Photos-video-best91.jpg\" alt=\"\" width=\"458\" height=\"311\" srcset=\"https:\/\/www.sandie-brischler.com\/wp\/wp-content\/uploads\/2025\/12\/Photos-video-best91.jpg 2528w, https:\/\/www.sandie-brischler.com\/wp\/wp-content\/uploads\/2025\/12\/Photos-video-best91-300x204.jpg 300w, https:\/\/www.sandie-brischler.com\/wp\/wp-content\/uploads\/2025\/12\/Photos-video-best91-1024x695.jpg 1024w, https:\/\/www.sandie-brischler.com\/wp\/wp-content\/uploads\/2025\/12\/Photos-video-best91-768x521.jpg 768w, https:\/\/www.sandie-brischler.com\/wp\/wp-content\/uploads\/2025\/12\/Photos-video-best91-1536x1043.jpg 1536w, https:\/\/www.sandie-brischler.com\/wp\/wp-content\/uploads\/2025\/12\/Photos-video-best91-2048x1390.jpg 2048w, https:\/\/www.sandie-brischler.com\/wp\/wp-content\/uploads\/2025\/12\/Photos-video-best91-600x407.jpg 600w\" sizes=\"auto, (max-width: 458px) 100vw, 458px\" \/><\/p>\n<p>.<\/p>\n<p>SLIDESHOW &amp; PHOTOS (installation-dessin)<\/p>\n\n\t<ul id=\"slideshowgallery4807\" class=\"slideshowgallery4807\" style=\"display:none;\">\n\t\t\t\t\t<!-- From all slides or gallery slides -->\n\t\t\t\t\t\t\t\n\t\t\t\t<li>\n\t\t\t\t\t<h3 style=\"opacity:70;\">Espace36<\/h3>\n\t\t\t\t\t\t\t\t\t\t\t<span data-alt=\"espace36\">https:\/\/www.sandie-brischler.com\/wp\/wp-content\/uploads\/bfi_thumb\/Espace36-scaled-3o0x15y6mclgpz0blsyxvk.jpg<\/span>\n\t\t\t\t\t\t\t\t\t\t<p><\/p>\n\t\t\t\t\t\t\t\t\t\t\t\t\t\t\t\t\t\t<a><img decoding=\"async\" class=\"skip-lazy\" src=\"https:\/\/www.sandie-brischler.com\/wp\/wp-content\/uploads\/bfi_thumb\/Espace36-scaled-3o0x15y5hbaswvonk1u70g.jpg\" alt=\"espace36\" \/><\/a>\n\t\t\t\t\t\t\t\t\t\t\t\t\t\t\t<\/li>\n\t\t\t\t\t\t\t\n\t\t\t\t<li>\n\t\t\t\t\t<h3 style=\"opacity:70;\">default<\/h3>\n\t\t\t\t\t\t\t\t\t\t\t<span data-alt=\"default\">https:\/\/www.sandie-brischler.com\/wp\/wp-content\/uploads\/bfi_thumb\/Espace15-scaled-3o0wzyz6uab29dq5vjqozk.jpg<\/span>\n\t\t\t\t\t\t\t\t\t\t<p><\/p>\n\t\t\t\t\t\t\t\t\t\t\t\t\t\t\t\t\t\t<a><img decoding=\"async\" class=\"skip-lazy\" src=\"https:\/\/www.sandie-brischler.com\/wp\/wp-content\/uploads\/bfi_thumb\/Espace15-scaled-3o0wzyz5p90egaehtsly4g.jpg\" alt=\"default\" \/><\/a>\n\t\t\t\t\t\t\t\t\t\t\t\t\t\t\t<\/li>\n\t\t\t\t\t\t\t\n\t\t\t\t<li>\n\t\t\t\t\t<h3 style=\"opacity:70;\">default<\/h3>\n\t\t\t\t\t\t\t\t\t\t\t<span data-alt=\"default\">https:\/\/www.sandie-brischler.com\/wp\/wp-content\/uploads\/bfi_thumb\/Espace17-scaled-3o0x070op0f44hhyizknpc.jpg<\/span>\n\t\t\t\t\t\t\t\t\t\t<p><\/p>\n\t\t\t\t\t\t\t\t\t\t\t\t\t\t\t\t\t\t<a><img decoding=\"async\" class=\"skip-lazy\" src=\"https:\/\/www.sandie-brischler.com\/wp\/wp-content\/uploads\/bfi_thumb\/Espace17-scaled-3o0x070njz4gbe6ah8fwu8.jpg\" alt=\"default\" \/><\/a>\n\t\t\t\t\t\t\t\t\t\t\t\t\t\t\t<\/li>\n\t\t\t\t\t\t\t\n\t\t\t\t<li>\n\t\t\t\t\t<h3 style=\"opacity:70;\">default<\/h3>\n\t\t\t\t\t\t\t\t\t\t\t<span data-alt=\"default\">https:\/\/www.sandie-brischler.com\/wp\/wp-content\/uploads\/bfi_thumb\/BD-III-451-scaled-3o0wtspcapexzk9xi5oruo.jpg<\/span>\n\t\t\t\t\t\t\t\t\t\t<p><\/p>\n\t\t\t\t\t\t\t\t\t\t\t\t\t\t\t\t\t\t<a><img decoding=\"async\" class=\"skip-lazy\" src=\"https:\/\/www.sandie-brischler.com\/wp\/wp-content\/uploads\/bfi_thumb\/BD-III-451-scaled-3o0wtspb5o4a6gy9gek0zk.jpg\" alt=\"default\" \/><\/a>\n\t\t\t\t\t\t\t\t\t\t\t\t\t\t\t<\/li>\n\t\t\t\t\t\t\t\n\t\t\t\t<li>\n\t\t\t\t\t<h3 style=\"opacity:70;\">spaces<\/h3>\n\t\t\t\t\t\t\t\t\t\t\t<span data-alt=\"spaces\">https:\/\/www.sandie-brischler.com\/wp\/wp-content\/uploads\/bfi_thumb\/BEST7-scaled-3o0wzkwklilyzy4iqj198g.jpg<\/span>\n\t\t\t\t\t\t\t\t\t\t<p><\/p>\n\t\t\t\t\t\t\t\t\t\t\t\t\t\t\t\t\t\t<a><img decoding=\"async\" class=\"skip-lazy\" src=\"https:\/\/www.sandie-brischler.com\/wp\/wp-content\/uploads\/bfi_thumb\/BEST7-scaled-3o0wzkwjghbb6usuorwidc.jpg\" alt=\"spaces\" \/><\/a>\n\t\t\t\t\t\t\t\t\t\t\t\t\t\t\t<\/li>\n\t\t\t\t\t\t\t\n\t\t\t\t<li>\n\t\t\t\t\t<h3 style=\"opacity:70;\">default<\/h3>\n\t\t\t\t\t\t\t\t\t\t\t<span data-alt=\"default\">https:\/\/www.sandie-brischler.com\/wp\/wp-content\/uploads\/bfi_thumb\/BEST6-scaled-3o0wzgratv0rachr0xxm9s.jpg<\/span>\n\t\t\t\t\t\t\t\t\t\t<p><\/p>\n\t\t\t\t\t\t\t\t\t\t\t\t\t\t\t\t\t\t<a><img decoding=\"async\" class=\"skip-lazy\" src=\"https:\/\/www.sandie-brischler.com\/wp\/wp-content\/uploads\/bfi_thumb\/BEST6-scaled-3o0wzgr9otq3h962z6sveo.jpg\" alt=\"default\" \/><\/a>\n\t\t\t\t\t\t\t\t\t\t\t\t\t\t\t<\/li>\n\t\t\t\t\t\t\t\n\t\t\t\t<li>\n\t\t\t\t\t<h3 style=\"opacity:70;\">default<\/h3>\n\t\t\t\t\t\t\t\t\t\t\t<span data-alt=\"default\">https:\/\/www.sandie-brischler.com\/wp\/wp-content\/uploads\/bfi_thumb\/BEST3-scaled-3o0wzc8gjbtz8lmd5ra0hs.jpg<\/span>\n\t\t\t\t\t\t\t\t\t\t<p><\/p>\n\t\t\t\t\t\t\t\t\t\t\t\t\t\t\t\t\t\t<a><img decoding=\"async\" class=\"skip-lazy\" src=\"https:\/\/www.sandie-brischler.com\/wp\/wp-content\/uploads\/bfi_thumb\/BEST3-scaled-3o0wzc8feajbfiap4059mo.jpg\" alt=\"default\" \/><\/a>\n\t\t\t\t\t\t\t\t\t\t\t\t\t\t\t<\/li>\n\t\t\t\t\t\t\t\n\t\t\t\t<li>\n\t\t\t\t\t<h3 style=\"opacity:70;\">default<\/h3>\n\t\t\t\t\t\t\t\t\t\t\t<span data-alt=\"default\">https:\/\/www.sandie-brischler.com\/wp\/wp-content\/uploads\/bfi_thumb\/Espace19-scaled-3o0x0e6inosuj91nhd416o.jpg<\/span>\n\t\t\t\t\t\t\t\t\t\t<p><\/p>\n\t\t\t\t\t\t\t\t\t\t\t\t\t\t\t\t\t\t<a><img decoding=\"async\" class=\"skip-lazy\" src=\"https:\/\/www.sandie-brischler.com\/wp\/wp-content\/uploads\/bfi_thumb\/Espace19-scaled-3o0x0e6hini6q5pzflzabk.jpg\" alt=\"default\" \/><\/a>\n\t\t\t\t\t\t\t\t\t\t\t\t\t\t\t<\/li>\n\t\t\t\t\t\t\t\n\t\t\t\t<li>\n\t\t\t\t\t<h3 style=\"opacity:70;\">default<\/h3>\n\t\t\t\t\t\t\t\t\t\t\t<span data-alt=\"default\">https:\/\/www.sandie-brischler.com\/wp\/wp-content\/uploads\/bfi_thumb\/Espace21-scaled-3o0x0mcjcpg36ekbio4ni8.jpg<\/span>\n\t\t\t\t\t\t\t\t\t\t<p><\/p>\n\t\t\t\t\t\t\t\t\t\t\t\t\t\t\t\t\t\t<a><img decoding=\"async\" class=\"skip-lazy\" src=\"https:\/\/www.sandie-brischler.com\/wp\/wp-content\/uploads\/bfi_thumb\/Espace21-scaled-3o0x0mci7o5fdb8ngwzwn4.jpg\" alt=\"default\" \/><\/a>\n\t\t\t\t\t\t\t\t\t\t\t\t\t\t\t<\/li>\n\t\t\t\t\t\t\t\n\t\t\t\t<li>\n\t\t\t\t\t<h3 style=\"opacity:70;\">Espace32<\/h3>\n\t\t\t\t\t\t\t\t\t\t\t<span data-alt=\"espace32\">https:\/\/www.sandie-brischler.com\/wp\/wp-content\/uploads\/bfi_thumb\/Espace32-scaled-3o0x0r4fbtp8s8xg5l5khs.jpg<\/span>\n\t\t\t\t\t\t\t\t\t\t<p><\/p>\n\t\t\t\t\t\t\t\t\t\t\t\t\t\t\t\t\t\t<a><img decoding=\"async\" class=\"skip-lazy\" src=\"https:\/\/www.sandie-brischler.com\/wp\/wp-content\/uploads\/bfi_thumb\/Espace32-scaled-3o0x0r4e6sekz5ls3u0tmo.jpg\" alt=\"espace32\" \/><\/a>\n\t\t\t\t\t\t\t\t\t\t\t\t\t\t\t<\/li>\n\t\t\t\t\t\t\t\n\t\t\t\t<li>\n\t\t\t\t\t<h3 style=\"opacity:70;\">Espace35<\/h3>\n\t\t\t\t\t\t\t\t\t\t\t<span data-alt=\"espace35\">https:\/\/www.sandie-brischler.com\/wp\/wp-content\/uploads\/bfi_thumb\/Espace35-scaled-3o0x0yjaz35cr3yvvp296o.jpg<\/span>\n\t\t\t\t\t\t\t\t\t\t<p><\/p>\n\t\t\t\t\t\t\t\t\t\t\t\t\t\t\t\t\t\t<a><img decoding=\"async\" class=\"skip-lazy\" src=\"https:\/\/www.sandie-brischler.com\/wp\/wp-content\/uploads\/bfi_thumb\/Espace35-scaled-3o0x0yj9u1uoy0n7txxibk.jpg\" alt=\"espace35\" \/><\/a>\n\t\t\t\t\t\t\t\t\t\t\t\t\t\t\t<\/li>\n\t\t\t\t\t\t\t\n\t\t\t\t<li>\n\t\t\t\t\t<h3 style=\"opacity:70;\">default<\/h3>\n\t\t\t\t\t\t\t\t\t\t\t<span data-alt=\"default\">https:\/\/www.sandie-brischler.com\/wp\/wp-content\/uploads\/bfi_thumb\/Espace9-scaled-3o0wzs6xehiw6rf32rrabk.jpg<\/span>\n\t\t\t\t\t\t\t\t\t\t<p><\/p>\n\t\t\t\t\t\t\t\t\t\t\t\t\t\t\t\t\t\t<a><img decoding=\"async\" class=\"skip-lazy\" src=\"https:\/\/www.sandie-brischler.com\/wp\/wp-content\/uploads\/bfi_thumb\/Espace9-scaled-3o0wzs6w9g88do3f10mjgg.jpg\" alt=\"default\" \/><\/a>\n\t\t\t\t\t\t\t\t\t\t\t\t\t\t\t<\/li>\n\t\t\t\t\t\t<\/ul>\n\t\n\t<div id=\"slideshow-wrappergallery4807\" class=\"slideshow-wrapper\">\n\t\t\t\n\t\t<div class=\"slideshow-fullsize\" id=\"fullsizegallery4807\">\n\t\t\t\t\t\t\t\t\t\t\t\t\t\t<div id=\"imgprevgallery4807\" class=\"slideshow-imgprev imgnav\" title=\"Previous Image\">Previous Image<\/div>\n\t\t\t\t\t\t<a id=\"imglinkgallery4807\" class=\"slideshow-imglink imglink\"><!-- link --><\/a>\n\t\t\t\t\t\t\t\t\t\t\t<div id=\"imgnextgallery4807\" class=\"slideshow-imgnext imgnav\" title=\"Next Image\">Next Image<\/div>\n\t\t\t\t\t\t<div id=\"imagegallery4807\" class=\"slideshow-image\"><\/div>\n\t\t\t<div class=\"slideshow-information infobottom\" id=\"informationgallery4807\">\n\t\t\t\t<h3 class=\"slideshow-info-heading\">info heading<\/h3>\n\t\t\t\t<p class=\"slideshow-info-content\">info content<\/p>\n\t\t\t<\/div>\n\t\t<\/div>\n\t\t\n\t\t\t\t\t<div id=\"thumbnailsgallery4807\" class=\"slideshow-thumbnails thumbsbot\">\n\t\t\t\t<div class=\"slideshow-slideleft\" id=\"slideleftgallery4807\" title=\"Slide Left\"><\/div>\n\t\t\t\t<div class=\"slideshow-slidearea\" id=\"slideareagallery4807\">\n\t\t\t\t\t<div class=\"slideshow-slider\" id=\"slidergallery4807\"><\/div>\n\t\t\t\t<\/div>\n\t\t\t\t<div class=\"slideshow-slideright\" id=\"sliderightgallery4807\" title=\"Slide Right\"><\/div>\n\t\t\t\t<br style=\"clear:both; visibility:hidden; height:1px;\" \/>\n\t\t\t<\/div>\n\t\t\t<\/div>\n\t\n\t\n\t<!-- Slideshow Gallery Javascript BEG -->\t\t<script type=\"text\/javascript\">\tjQuery.noConflict();\ttid('slideshowgallery4807').style.display = \"none\";\ttid('slideshow-wrappergallery4807').style.display = 'block';\ttid('slideshow-wrappergallery4807').style.visibility = 'hidden';\tvar spinnerDiv = document.createElement('div');\tspinnerDiv.setAttribute('id', 'spinnergallery4807');\tspinnerDiv.innerHTML = '<i class=\"fa fa-cog fa-spin\"><\/i>';\tjQuery(spinnerDiv).appendTo('#fullsizegallery4807');\ttid('spinnergallery4807').style.visibility = 'visible';\tvar slideshowgallery4807 = new TINY.slideshow(\"slideshowgallery4807\");\tjQuery(document).ready(function() {\t\tslideshowgallery4807.auto = true;\t\tslideshowgallery4807.speed = 5;\t\tslideshowgallery4807.effect = \"slide\";\t\tslideshowgallery4807.slide_direction = \"lr\";\t\tslideshowgallery4807.easing = \"swing\";\t\tslideshowgallery4807.alwaysauto = true;\t\tslideshowgallery4807.autoheight = true;\t\tslideshowgallery4807.autoheight_max = false;\t\tslideshowgallery4807.imgSpeed = 11;\t\tslideshowgallery4807.navOpacity = 71;\t\tslideshowgallery4807.navHover = 75;\t\tslideshowgallery4807.letterbox = \"#000000\";\t\tslideshowgallery4807.linkclass = \"linkhover\";\t\tslideshowgallery4807.imagesid = \"imagesgallery4807\";\t\tslideshowgallery4807.info = \"\";\t\tslideshowgallery4807.infoonhover = 0;\t\tslideshowgallery4807.infoSpeed = 10;\t\tslideshowgallery4807.infodelay = 0;\t\tslideshowgallery4807.infofade = 0;\t\tslideshowgallery4807.infofadedelay = 0;\t\tslideshowgallery4807.thumbs = \"slidergallery4807\";\t\tslideshowgallery4807.thumbOpacity = 70;\t\tslideshowgallery4807.left = \"slideleftgallery4807\";\t\tslideshowgallery4807.right = \"sliderightgallery4807\";\t\tslideshowgallery4807.scrollSpeed = 5;\t\tslideshowgallery4807.spacing = 5;\t\tslideshowgallery4807.active = \"#ffffff\";\t\tslideshowgallery4807.imagesthickbox = \"false\";\t\tjQuery(\"#spinnergallery4807\").remove();\t\tslideshowgallery4807.init(\"slideshowgallery4807\",\"imagegallery4807\",\"imgprevgallery4807\",\"imgnextgallery4807\",\"imglinkgallery4807\");\t\ttid('slideshow-wrappergallery4807').style.visibility = 'visible';\t\tjQuery(window).trigger('resize');\t\t\t\t\t});\t\t<\/script>\t\t<!-- Slideshow Gallery Javascript END --><!-- Slideshow Gallery CSS BEG --><style id=\"style-gallery4807\">        ul.slideshowgallery4807 { list-style:none !important; color:#fff; }\n        ul.slideshowgallery4807 span { display:none; }\n        #slideshow-wrappergallery4807 { overflow:hidden; position:relative; width:800px; background:#000000; padding:0 0 0 0; border:1px solid #CCCCCC; margin:0; display:none; }\n        #slideshow-wrappergallery4807 * { margin:0; padding:0; }\n        #slideshow-wrappergallery4807 #fullsizegallery4807 { position:relative; z-index:1; overflow:hidden; width:800px; height:0px; clear:both; border: none; }\n        #slideshow-wrappergallery4807 #informationgallery4807 { text-align:left; font-family:Verdana, Arial, Helvetica, sans-serif !important; position:absolute; bottom:0; width:800px; height:0; background:#000000; color:#FFFFFF; overflow:hidden; z-index:300; opacity:.7; filter:alpha(opacity=70); }\n        #slideshow-wrappergallery4807 #informationgallery4807 h3 { color:#FFFFFF; padding:4px 8px 3px; margin:0 !important; font-size:16px; font-weight:bold; }\n        #slideshow-wrappergallery4807 #informationgallery4807 a { color:#FFFFFF; }\n        #slideshow-wrappergallery4807 #informationgallery4807 p { color:#FFFFFF; padding:0 8px 8px; margin:0 !important; font-size: 14px; font-weight:normal; }\n        #slideshow-wrappergallery4807 .infotop { margin-bottom:8px !important; top:0; }\n        #slideshow-wrappergallery4807 .infobottom { margin-top:8px !important; bottom:0; }\n                    #slideshow-wrappergallery4807 #imagegallery4807 { width:800px; }\n            #slideshow-wrappergallery4807 #imagegallery4807 img { border:none; border-radius:0; box-shadow:none; position:absolute; height:auto; max-width:100%; margin:0 auto; display:block; }\n                #slideshow-wrappergallery4807 .imgnav { position:absolute; width:25%; height:100%; cursor:pointer; z-index:250; }\n        #slideshow-wrappergallery4807 #imgprevgallery4807:before { font-family:FontAwesome; content:\"\\f053\"; font-size:30px; color:white; visibility:visible; left:0; text-align:left; width: auto; height:auto; line-height:160%; top:50%; margin:-30px 0 0 0; border-radius:0 10px 10px 0; background:black; padding:3px 10px 0 10px; position: absolute; display: inline-block; }\n        #slideshow-wrappergallery4807 #imgprevgallery4807 { display:none; -moz-user-select: none; -khtml-user-select: none; -webkit-user-select: none; -o-user-select: none; left:0; font-size:0px; }\n        #slideshow-wrappergallery4807 #imgnextgallery4807:before { font-family:FontAwesome; content:\"\\f054\"; font-size:30px; color:white; visibility:visible; right:0; text-align:right; width: auto; height:auto; line-height:160%; top:50%; margin:-30px 0 0 0; border-radius:10px 0 0 10px; background:black; padding:3px 10px 0 10px; position: absolute; display: inline-block; }\n        #slideshow-wrappergallery4807 #imgnextgallery4807 { display:none; -moz-user-select: none; -khtml-user-select: none; -webkit-user-select: none; -o-user-select: none; right:0; font-size:0px; }\n        #slideshow-wrappergallery4807 #imglinkgallery4807 { position:absolute; zoom:1; background-color:#ffffff; height:100%; width:100%; left:0; z-index:149; opacity:0; filter:alpha(opacity=0); }\n        #slideshow-wrappergallery4807 .linkhover:before { font-family:FontAwesome; content:\"\\f14c\"; font-size:30px; text-align:center; height:auto; line-height:160%; width:auto; top:50%; left:auto; right:auto; margin:-30px 0 0 0; padding:0px 12px; display: inline-block; position: relative; background:black; color:white; border-radius:10px; }\n        #slideshow-wrappergallery4807 .linkhover { background:transparent !important; opacity:.4 !important; filter:alpha(opacity=40) !important; text-align:center; font-size:0px; }\n        #slideshow-wrappergallery4807 #thumbnailsgallery4807 { background:#000000; }\n        #slideshow-wrappergallery4807 .thumbstop { margin-bottom:8px !important; }\n        #slideshow-wrappergallery4807 .thumbsbot { margin-top:8px !important; }\n        #slideshow-wrappergallery4807 #slideleftgallery4807:before { font-family:FontAwesome; content: \"\\f104\"; color:#999; position: absolute; height: auto; line-height:160%; width: auto; display: inline-block; top: 50%; font-size: 30px; margin: -30px 0 0 0; padding: 0 5px; }\n        #slideshow-wrappergallery4807 #slideleftgallery4807 { text-align:left; float:left; position:relative; width:20px; height:89px; background:#222; }\n        #slideshow-wrappergallery4807 #slideleftgallery4807:hover { background-color:#333; }\n        #slideshow-wrappergallery4807 #sliderightgallery4807:before { font-family:FontAwesome; content: \"\\f105\"; color:#999; position: absolute; height: auto; line-height:160%; width: auto; display: inline-block; top: 50%; font-size: 30px; margin: -30px 0 0 0; padding: 0 5px; }\n        #slideshow-wrappergallery4807 #sliderightgallery4807 { text-align:left; float:right; position:relative; width:20px; height:89px; background:#222; }\n        #slideshow-wrappergallery4807 #sliderightgallery4807:hover { background-color:#333; }\n        #slideshow-wrappergallery4807 #slideareagallery4807 { float:left; position:relative; background:#000000; width:745px; margin:0 5px; height:89px; overflow:hidden; }\n        #slideshow-wrappergallery4807 #slidergallery4807 { position:absolute; width:1392px !important; left:0; height:89px; }\n        #slideshow-wrappergallery4807 #slidergallery4807 img { width:100px; height:75px; cursor:pointer; border:1px solid #666; padding:2px; float:left !important; }\n        #slideshow-wrappergallery4807 #spinnergallery4807 { position:relative; top:50%; left:45%; text-align:left; font-size:30px; }\n        #slideshow-wrappergallery4807 #spinnergallery4807 img { border:none; }\n                    <\/style><!-- Slideshow Gallery CSS END -->\n<p>&nbsp;<\/p>\n","protected":false},"excerpt":{"rendered":"<p>Spaces-In-Between (2025) ENGLISH HERE Danse-performance Arts visuels Installation \/ Exposition vid\u00e9o Premiere au Japon (11\/2025) Space-In-Between, c&rsquo;est une synth\u00e8se des approches performatives de l&rsquo;artiste, dans la suite de ses explorations de ce \u00ab\u00a0champs \u00e9troit\u00a0\u00bb entre existence et non-existence. A partir d&rsquo;une installation de rouleaux de papier blancs, l&rsquo;espace se compose&hellip;<a class=\"read-more\" href=\"https:\/\/www.sandie-brischler.com\/wp\/?page_id=3878\" rel=\"bookmark\">Continue Reading<\/a><\/p>\n","protected":false},"author":2,"featured_media":0,"parent":0,"menu_order":0,"comment_status":"closed","ping_status":"closed","template":"","meta":{"footnotes":""},"tags":[],"class_list":["post-3878","page","type-page","status-publish","hentry"],"jetpack_sharing_enabled":true,"_links":{"self":[{"href":"https:\/\/www.sandie-brischler.com\/wp\/index.php?rest_route=\/wp\/v2\/pages\/3878","targetHints":{"allow":["GET"]}}],"collection":[{"href":"https:\/\/www.sandie-brischler.com\/wp\/index.php?rest_route=\/wp\/v2\/pages"}],"about":[{"href":"https:\/\/www.sandie-brischler.com\/wp\/index.php?rest_route=\/wp\/v2\/types\/page"}],"author":[{"embeddable":true,"href":"https:\/\/www.sandie-brischler.com\/wp\/index.php?rest_route=\/wp\/v2\/users\/2"}],"replies":[{"embeddable":true,"href":"https:\/\/www.sandie-brischler.com\/wp\/index.php?rest_route=%2Fwp%2Fv2%2Fcomments&post=3878"}],"version-history":[{"count":5,"href":"https:\/\/www.sandie-brischler.com\/wp\/index.php?rest_route=\/wp\/v2\/pages\/3878\/revisions"}],"predecessor-version":[{"id":3937,"href":"https:\/\/www.sandie-brischler.com\/wp\/index.php?rest_route=\/wp\/v2\/pages\/3878\/revisions\/3937"}],"wp:attachment":[{"href":"https:\/\/www.sandie-brischler.com\/wp\/index.php?rest_route=%2Fwp%2Fv2%2Fmedia&parent=3878"}],"wp:term":[{"taxonomy":"post_tag","embeddable":true,"href":"https:\/\/www.sandie-brischler.com\/wp\/index.php?rest_route=%2Fwp%2Fv2%2Ftags&post=3878"}],"curies":[{"name":"wp","href":"https:\/\/api.w.org\/{rel}","templated":true}]}}