{"id":403,"date":"2017-05-09T17:27:24","date_gmt":"2017-05-09T17:27:24","guid":{"rendered":"http:\/\/www.sandie-brischler.com\/wp\/?page_id=403"},"modified":"2024-06-21T07:53:49","modified_gmt":"2024-06-21T07:53:49","slug":"2005-enveloppements","status":"publish","type":"page","link":"https:\/\/www.sandie-brischler.com\/wp\/?page_id=403","title":{"rendered":"Enveloppements (2005)"},"content":{"rendered":"<h3><strong>Abbaye de Pontlevoy (France), r\u00e9sidence artistique<\/strong><\/h3>\n<p>S\u00e9rie d&rsquo;actions performatives autour de la th\u00e9matique de l&rsquo;enveloppement.<\/p>\n<div id='gallery-1' class='gallery galleryid-403 gallery-columns-2 gallery-size-medium'><figure class='gallery-item'>\n\t\t\t<div class='gallery-icon landscape'>\n\t\t\t\t<a href='https:\/\/sandie-brischler.com\/wp\/wp-content\/uploads\/2017\/05\/Enveloppement_objets__1_.jpg'><img loading=\"lazy\" decoding=\"async\" width=\"300\" height=\"222\" src=\"https:\/\/sandie-brischler.com\/wp\/wp-content\/uploads\/2017\/05\/Enveloppement_objets__1_-300x222.jpg\" class=\"attachment-medium size-medium\" alt=\"\" srcset=\"https:\/\/sandie-brischler.com\/wp\/wp-content\/uploads\/2017\/05\/Enveloppement_objets__1_-300x222.jpg 300w, https:\/\/sandie-brischler.com\/wp\/wp-content\/uploads\/2017\/05\/Enveloppement_objets__1_-768x567.jpg 768w, https:\/\/sandie-brischler.com\/wp\/wp-content\/uploads\/2017\/05\/Enveloppement_objets__1_.jpg 800w\" sizes=\"auto, (max-width: 300px) 100vw, 300px\" \/><\/a>\n\t\t\t<\/div><\/figure><figure class='gallery-item'>\n\t\t\t<div class='gallery-icon landscape'>\n\t\t\t\t<a href='https:\/\/sandie-brischler.com\/wp\/wp-content\/uploads\/2017\/05\/Enveloppement_objets__2_.jpg'><img loading=\"lazy\" decoding=\"async\" width=\"300\" height=\"230\" src=\"https:\/\/sandie-brischler.com\/wp\/wp-content\/uploads\/2017\/05\/Enveloppement_objets__2_-300x230.jpg\" class=\"attachment-medium size-medium\" alt=\"\" srcset=\"https:\/\/sandie-brischler.com\/wp\/wp-content\/uploads\/2017\/05\/Enveloppement_objets__2_-300x230.jpg 300w, https:\/\/sandie-brischler.com\/wp\/wp-content\/uploads\/2017\/05\/Enveloppement_objets__2_-768x589.jpg 768w, https:\/\/sandie-brischler.com\/wp\/wp-content\/uploads\/2017\/05\/Enveloppement_objets__2_.jpg 782w\" sizes=\"auto, (max-width: 300px) 100vw, 300px\" \/><\/a>\n\t\t\t<\/div><\/figure><figure class='gallery-item'>\n\t\t\t<div class='gallery-icon landscape'>\n\t\t\t\t<a href='https:\/\/sandie-brischler.com\/wp\/wp-content\/uploads\/2017\/05\/Enveloppement_objets__3_.jpg'><img loading=\"lazy\" decoding=\"async\" width=\"300\" height=\"205\" src=\"https:\/\/sandie-brischler.com\/wp\/wp-content\/uploads\/2017\/05\/Enveloppement_objets__3_-300x205.jpg\" class=\"attachment-medium size-medium\" alt=\"\" srcset=\"https:\/\/sandie-brischler.com\/wp\/wp-content\/uploads\/2017\/05\/Enveloppement_objets__3_-300x205.jpg 300w, https:\/\/sandie-brischler.com\/wp\/wp-content\/uploads\/2017\/05\/Enveloppement_objets__3_-768x525.jpg 768w, https:\/\/sandie-brischler.com\/wp\/wp-content\/uploads\/2017\/05\/Enveloppement_objets__3_.jpg 800w\" sizes=\"auto, (max-width: 300px) 100vw, 300px\" \/><\/a>\n\t\t\t<\/div><\/figure><figure class='gallery-item'>\n\t\t\t<div class='gallery-icon landscape'>\n\t\t\t\t<a href='https:\/\/sandie-brischler.com\/wp\/wp-content\/uploads\/2017\/05\/Enveloppement_objets__4_.jpg'><img loading=\"lazy\" decoding=\"async\" width=\"300\" height=\"221\" src=\"https:\/\/sandie-brischler.com\/wp\/wp-content\/uploads\/2017\/05\/Enveloppement_objets__4_-300x221.jpg\" class=\"attachment-medium size-medium\" alt=\"\" srcset=\"https:\/\/sandie-brischler.com\/wp\/wp-content\/uploads\/2017\/05\/Enveloppement_objets__4_-300x221.jpg 300w, https:\/\/sandie-brischler.com\/wp\/wp-content\/uploads\/2017\/05\/Enveloppement_objets__4_-768x566.jpg 768w, https:\/\/sandie-brischler.com\/wp\/wp-content\/uploads\/2017\/05\/Enveloppement_objets__4_.jpg 800w\" sizes=\"auto, (max-width: 300px) 100vw, 300px\" \/><\/a>\n\t\t\t<\/div><\/figure>\n\t\t<\/div>\n\n<p><img loading=\"lazy\" decoding=\"async\" class=\"wp-image-408 aligncenter\" src=\"http:\/\/www.sandie-brischler.com\/wp\/wp-content\/uploads\/2017\/05\/Enveloppement_objets__5_-300x222.jpg\" alt=\"\" width=\"614\" height=\"454\" srcset=\"https:\/\/sandie-brischler.com\/wp\/wp-content\/uploads\/2017\/05\/Enveloppement_objets__5_-300x222.jpg 300w, https:\/\/sandie-brischler.com\/wp\/wp-content\/uploads\/2017\/05\/Enveloppement_objets__5_-768x567.jpg 768w, https:\/\/sandie-brischler.com\/wp\/wp-content\/uploads\/2017\/05\/Enveloppement_objets__5_.jpg 800w\" sizes=\"auto, (max-width: 614px) 100vw, 614px\" \/><\/p>\n<p>&nbsp;<\/p>\n<div id='gallery-2' class='gallery galleryid-403 gallery-columns-2 gallery-size-medium'><figure class='gallery-item'>\n\t\t\t<div class='gallery-icon landscape'>\n\t\t\t\t<a href='https:\/\/www.sandie-brischler.com\/wp\/?attachment_id=411'><img loading=\"lazy\" decoding=\"async\" width=\"300\" height=\"216\" src=\"https:\/\/sandie-brischler.com\/wp\/wp-content\/uploads\/2017\/05\/enveloppement_Tete__3_-300x216.jpg\" class=\"attachment-medium size-medium\" alt=\"\" srcset=\"https:\/\/sandie-brischler.com\/wp\/wp-content\/uploads\/2017\/05\/enveloppement_Tete__3_-300x216.jpg 300w, https:\/\/sandie-brischler.com\/wp\/wp-content\/uploads\/2017\/05\/enveloppement_Tete__3_-768x552.jpg 768w, https:\/\/sandie-brischler.com\/wp\/wp-content\/uploads\/2017\/05\/enveloppement_Tete__3_-600x431.jpg 600w, https:\/\/sandie-brischler.com\/wp\/wp-content\/uploads\/2017\/05\/enveloppement_Tete__3_.jpg 800w\" sizes=\"auto, (max-width: 300px) 100vw, 300px\" \/><\/a>\n\t\t\t<\/div><\/figure><figure class='gallery-item'>\n\t\t\t<div class='gallery-icon landscape'>\n\t\t\t\t<a href='https:\/\/www.sandie-brischler.com\/wp\/?attachment_id=410'><img loading=\"lazy\" decoding=\"async\" width=\"300\" height=\"220\" src=\"https:\/\/sandie-brischler.com\/wp\/wp-content\/uploads\/2017\/05\/enveloppement_Tete__2_-300x220.jpg\" class=\"attachment-medium size-medium\" alt=\"\" srcset=\"https:\/\/sandie-brischler.com\/wp\/wp-content\/uploads\/2017\/05\/enveloppement_Tete__2_-300x220.jpg 300w, https:\/\/sandie-brischler.com\/wp\/wp-content\/uploads\/2017\/05\/enveloppement_Tete__2_-768x564.jpg 768w, https:\/\/sandie-brischler.com\/wp\/wp-content\/uploads\/2017\/05\/enveloppement_Tete__2_-600x440.jpg 600w, https:\/\/sandie-brischler.com\/wp\/wp-content\/uploads\/2017\/05\/enveloppement_Tete__2_.jpg 800w\" sizes=\"auto, (max-width: 300px) 100vw, 300px\" \/><\/a>\n\t\t\t<\/div><\/figure><figure class='gallery-item'>\n\t\t\t<div class='gallery-icon landscape'>\n\t\t\t\t<a href='https:\/\/www.sandie-brischler.com\/wp\/?attachment_id=412'><img loading=\"lazy\" decoding=\"async\" width=\"300\" height=\"221\" src=\"https:\/\/sandie-brischler.com\/wp\/wp-content\/uploads\/2017\/05\/enveloppement_Tete__4_-300x221.jpg\" class=\"attachment-medium size-medium\" alt=\"\" srcset=\"https:\/\/sandie-brischler.com\/wp\/wp-content\/uploads\/2017\/05\/enveloppement_Tete__4_-300x221.jpg 300w, https:\/\/sandie-brischler.com\/wp\/wp-content\/uploads\/2017\/05\/enveloppement_Tete__4_-768x565.jpg 768w, https:\/\/sandie-brischler.com\/wp\/wp-content\/uploads\/2017\/05\/enveloppement_Tete__4_-600x442.jpg 600w, https:\/\/sandie-brischler.com\/wp\/wp-content\/uploads\/2017\/05\/enveloppement_Tete__4_.jpg 800w\" sizes=\"auto, (max-width: 300px) 100vw, 300px\" \/><\/a>\n\t\t\t<\/div><\/figure><figure class='gallery-item'>\n\t\t\t<div class='gallery-icon landscape'>\n\t\t\t\t<a href='https:\/\/www.sandie-brischler.com\/wp\/?attachment_id=409'><img loading=\"lazy\" decoding=\"async\" width=\"300\" height=\"239\" src=\"https:\/\/sandie-brischler.com\/wp\/wp-content\/uploads\/2017\/05\/enveloppement_Tete__1_-300x239.jpg\" class=\"attachment-medium size-medium\" alt=\"\" srcset=\"https:\/\/sandie-brischler.com\/wp\/wp-content\/uploads\/2017\/05\/enveloppement_Tete__1_-300x239.jpg 300w, https:\/\/sandie-brischler.com\/wp\/wp-content\/uploads\/2017\/05\/enveloppement_Tete__1_-600x477.jpg 600w, https:\/\/sandie-brischler.com\/wp\/wp-content\/uploads\/2017\/05\/enveloppement_Tete__1_.jpg 754w\" sizes=\"auto, (max-width: 300px) 100vw, 300px\" \/><\/a>\n\t\t\t<\/div><\/figure>\n\t\t<\/div>\n\n<p><img loading=\"lazy\" decoding=\"async\" class=\"wp-image-413 aligncenter\" src=\"http:\/\/www.sandie-brischler.com\/wp\/wp-content\/uploads\/2017\/05\/enveloppement_Tete__5_-300x217.jpg\" alt=\"\" width=\"622\" height=\"450\" srcset=\"https:\/\/sandie-brischler.com\/wp\/wp-content\/uploads\/2017\/05\/enveloppement_Tete__5_-300x217.jpg 300w, https:\/\/sandie-brischler.com\/wp\/wp-content\/uploads\/2017\/05\/enveloppement_Tete__5_-768x555.jpg 768w, https:\/\/sandie-brischler.com\/wp\/wp-content\/uploads\/2017\/05\/enveloppement_Tete__5_.jpg 800w\" sizes=\"auto, (max-width: 622px) 100vw, 622px\" \/><\/p>\n<ul>\n<li>Sandie Brischler \/ Jan Laurens Siesling<\/li>\n<\/ul>\n","protected":false},"excerpt":{"rendered":"<p>Abbaye de Pontlevoy (France), r\u00e9sidence artistique S\u00e9rie d&rsquo;actions performatives autour de la th\u00e9matique de l&rsquo;enveloppement. &nbsp; Sandie Brischler \/ Jan Laurens Siesling<\/p>\n","protected":false},"author":1,"featured_media":0,"parent":0,"menu_order":0,"comment_status":"closed","ping_status":"closed","template":"","meta":{"footnotes":""},"tags":[],"class_list":["post-403","page","type-page","status-publish","hentry"],"jetpack_sharing_enabled":true,"_links":{"self":[{"href":"https:\/\/www.sandie-brischler.com\/wp\/index.php?rest_route=\/wp\/v2\/pages\/403","targetHints":{"allow":["GET"]}}],"collection":[{"href":"https:\/\/www.sandie-brischler.com\/wp\/index.php?rest_route=\/wp\/v2\/pages"}],"about":[{"href":"https:\/\/www.sandie-brischler.com\/wp\/index.php?rest_route=\/wp\/v2\/types\/page"}],"author":[{"embeddable":true,"href":"https:\/\/www.sandie-brischler.com\/wp\/index.php?rest_route=\/wp\/v2\/users\/1"}],"replies":[{"embeddable":true,"href":"https:\/\/www.sandie-brischler.com\/wp\/index.php?rest_route=%2Fwp%2Fv2%2Fcomments&post=403"}],"version-history":[{"count":0,"href":"https:\/\/www.sandie-brischler.com\/wp\/index.php?rest_route=\/wp\/v2\/pages\/403\/revisions"}],"wp:attachment":[{"href":"https:\/\/www.sandie-brischler.com\/wp\/index.php?rest_route=%2Fwp%2Fv2%2Fmedia&parent=403"}],"wp:term":[{"taxonomy":"post_tag","embeddable":true,"href":"https:\/\/www.sandie-brischler.com\/wp\/index.php?rest_route=%2Fwp%2Fv2%2Ftags&post=403"}],"curies":[{"name":"wp","href":"https:\/\/api.w.org\/{rel}","templated":true}]}}