{"id":428,"date":"2017-05-09T17:29:34","date_gmt":"2017-05-09T17:29:34","guid":{"rendered":"http:\/\/www.sandie-brischler.com\/wp\/?page_id=428"},"modified":"2025-04-24T20:18:56","modified_gmt":"2025-04-24T20:18:56","slug":"2006-body-writing-i","status":"publish","type":"page","link":"https:\/\/www.sandie-brischler.com\/wp\/?page_id=428","title":{"rendered":"Body-Writing I (2006)"},"content":{"rendered":"<p>&nbsp;<\/p>\n<p><span style=\"color: #ffff00;\"><strong><a style=\"color: #ffff00;\" href=\"https:\/\/www.sandie-brischler.com\/wp\/?page_id=3588\">ENGLISH HERE<\/a><\/strong><\/span><\/p>\n<p><img loading=\"lazy\" decoding=\"async\" class=\"alignnone wp-image-1319\" src=\"http:\/\/www.sandie-brischler.com\/wp\/wp-content\/uploads\/2017\/05\/pic-40-196x300.jpg\" alt=\"\" width=\"260\" height=\"398\" srcset=\"https:\/\/www.sandie-brischler.com\/wp\/wp-content\/uploads\/2017\/05\/pic-40-196x300.jpg 196w, https:\/\/www.sandie-brischler.com\/wp\/wp-content\/uploads\/2017\/05\/pic-40.jpg 391w\" sizes=\"auto, (max-width: 260px) 100vw, 260px\" \/><\/p>\n<p><span style=\"font-family: Times New Roman,serif;\"><span style=\"font-size: large;\"><i><b>Body-Writing I<\/b><\/i><\/span><\/span><span style=\"font-family: Times New Roman,serif;\"><span style=\"font-size: large;\"> a \u00e9t\u00e9 un premier travail d\u2019exp\u00e9rimentation entre corps, mati\u00e8re et <\/span><\/span><span style=\"font-family: Times New Roman,serif;\"><span style=\"font-size: large;\">signes. Cette \u00e9tape de cr\u00e9ation a \u00e9t\u00e9 r\u00e9alis\u00e9e en r\u00e9sidence \u00e0 Sch\u00f6ppingen (Allemagne) <\/span><\/span><span style=\"font-family: Times New Roman,serif;\"><span style=\"font-size: large;\">en 2006. <\/span><\/span><span style=\"font-family: Times New Roman,serif;\"><span style=\"font-size: large;\">Cette premi\u00e8re \u00e9tape de la s\u00e9rie est consid\u00e9r\u00e9e comme un travail pr\u00e9paratoire aux <\/span><\/span><span style=\"font-family: Times New Roman,serif;\"><span style=\"font-size: large;\">performances qui ont suivi &#8211; <strong><em>Body-Writing II, III et IV<\/em><\/strong> &#8211; et qui ont \u00e9t\u00e9 pr\u00e9sent\u00e9es publiquement.<\/span><\/span><\/p>\n<p>&nbsp;<\/p>\n<p><img loading=\"lazy\" decoding=\"async\" class=\"wp-image-429 aligncenter\" src=\"http:\/\/www.sandie-brischler.com\/wp\/wp-content\/uploads\/2017\/05\/Body-Writing_I__1_-300x178.jpg\" alt=\"\" width=\"711\" height=\"422\" srcset=\"https:\/\/www.sandie-brischler.com\/wp\/wp-content\/uploads\/2017\/05\/Body-Writing_I__1_-300x178.jpg 300w, https:\/\/www.sandie-brischler.com\/wp\/wp-content\/uploads\/2017\/05\/Body-Writing_I__1_-768x456.jpg 768w, https:\/\/www.sandie-brischler.com\/wp\/wp-content\/uploads\/2017\/05\/Body-Writing_I__1_.jpg 800w\" sizes=\"auto, (max-width: 711px) 100vw, 711px\" \/><\/p>\n<div id='gallery-1' class='gallery galleryid-428 gallery-columns-2 gallery-size-medium'><figure class='gallery-item'>\n\t\t\t<div class='gallery-icon landscape'>\n\t\t\t\t<a href='https:\/\/www.sandie-brischler.com\/wp\/wp-content\/uploads\/2017\/05\/Body-Writing_I__1_.jpg'><img loading=\"lazy\" decoding=\"async\" width=\"300\" height=\"178\" src=\"https:\/\/www.sandie-brischler.com\/wp\/wp-content\/uploads\/2017\/05\/Body-Writing_I__1_-300x178.jpg\" class=\"attachment-medium size-medium\" alt=\"\" srcset=\"https:\/\/www.sandie-brischler.com\/wp\/wp-content\/uploads\/2017\/05\/Body-Writing_I__1_-300x178.jpg 300w, https:\/\/www.sandie-brischler.com\/wp\/wp-content\/uploads\/2017\/05\/Body-Writing_I__1_-768x456.jpg 768w, https:\/\/www.sandie-brischler.com\/wp\/wp-content\/uploads\/2017\/05\/Body-Writing_I__1_.jpg 800w\" sizes=\"auto, (max-width: 300px) 100vw, 300px\" \/><\/a>\n\t\t\t<\/div><\/figure><figure class='gallery-item'>\n\t\t\t<div class='gallery-icon landscape'>\n\t\t\t\t<a href='https:\/\/www.sandie-brischler.com\/wp\/wp-content\/uploads\/2017\/05\/Body-Writing_I__2_.jpg'><img loading=\"lazy\" decoding=\"async\" width=\"300\" height=\"168\" src=\"https:\/\/www.sandie-brischler.com\/wp\/wp-content\/uploads\/2017\/05\/Body-Writing_I__2_-300x168.jpg\" class=\"attachment-medium size-medium\" alt=\"\" srcset=\"https:\/\/www.sandie-brischler.com\/wp\/wp-content\/uploads\/2017\/05\/Body-Writing_I__2_-300x168.jpg 300w, https:\/\/www.sandie-brischler.com\/wp\/wp-content\/uploads\/2017\/05\/Body-Writing_I__2_-768x429.jpg 768w, https:\/\/www.sandie-brischler.com\/wp\/wp-content\/uploads\/2017\/05\/Body-Writing_I__2_.jpg 800w\" sizes=\"auto, (max-width: 300px) 100vw, 300px\" \/><\/a>\n\t\t\t<\/div><\/figure><figure class='gallery-item'>\n\t\t\t<div class='gallery-icon landscape'>\n\t\t\t\t<a href='https:\/\/www.sandie-brischler.com\/wp\/wp-content\/uploads\/2017\/05\/Body-Writing_I__3_.jpg'><img loading=\"lazy\" decoding=\"async\" width=\"300\" height=\"167\" src=\"https:\/\/www.sandie-brischler.com\/wp\/wp-content\/uploads\/2017\/05\/Body-Writing_I__3_-300x167.jpg\" class=\"attachment-medium size-medium\" alt=\"\" srcset=\"https:\/\/www.sandie-brischler.com\/wp\/wp-content\/uploads\/2017\/05\/Body-Writing_I__3_-300x167.jpg 300w, https:\/\/www.sandie-brischler.com\/wp\/wp-content\/uploads\/2017\/05\/Body-Writing_I__3_-768x428.jpg 768w, https:\/\/www.sandie-brischler.com\/wp\/wp-content\/uploads\/2017\/05\/Body-Writing_I__3_.jpg 800w\" sizes=\"auto, (max-width: 300px) 100vw, 300px\" \/><\/a>\n\t\t\t<\/div><\/figure><figure class='gallery-item'>\n\t\t\t<div class='gallery-icon landscape'>\n\t\t\t\t<a href='https:\/\/www.sandie-brischler.com\/wp\/wp-content\/uploads\/2017\/05\/Body-Writing_I__4_.jpg'><img loading=\"lazy\" decoding=\"async\" width=\"300\" height=\"162\" src=\"https:\/\/www.sandie-brischler.com\/wp\/wp-content\/uploads\/2017\/05\/Body-Writing_I__4_-300x162.jpg\" class=\"attachment-medium size-medium\" alt=\"\" srcset=\"https:\/\/www.sandie-brischler.com\/wp\/wp-content\/uploads\/2017\/05\/Body-Writing_I__4_-300x162.jpg 300w, https:\/\/www.sandie-brischler.com\/wp\/wp-content\/uploads\/2017\/05\/Body-Writing_I__4_-768x415.jpg 768w, https:\/\/www.sandie-brischler.com\/wp\/wp-content\/uploads\/2017\/05\/Body-Writing_I__4_.jpg 800w\" sizes=\"auto, (max-width: 300px) 100vw, 300px\" \/><\/a>\n\t\t\t<\/div><\/figure><figure class='gallery-item'>\n\t\t\t<div class='gallery-icon landscape'>\n\t\t\t\t<a href='https:\/\/www.sandie-brischler.com\/wp\/wp-content\/uploads\/2017\/05\/Body-Writing_I__5_.jpg'><img loading=\"lazy\" decoding=\"async\" width=\"300\" height=\"157\" src=\"https:\/\/www.sandie-brischler.com\/wp\/wp-content\/uploads\/2017\/05\/Body-Writing_I__5_-300x157.jpg\" class=\"attachment-medium size-medium\" alt=\"\" srcset=\"https:\/\/www.sandie-brischler.com\/wp\/wp-content\/uploads\/2017\/05\/Body-Writing_I__5_-300x157.jpg 300w, https:\/\/www.sandie-brischler.com\/wp\/wp-content\/uploads\/2017\/05\/Body-Writing_I__5_-768x402.jpg 768w, https:\/\/www.sandie-brischler.com\/wp\/wp-content\/uploads\/2017\/05\/Body-Writing_I__5_.jpg 800w\" sizes=\"auto, (max-width: 300px) 100vw, 300px\" \/><\/a>\n\t\t\t<\/div><\/figure><figure class='gallery-item'>\n\t\t\t<div class='gallery-icon landscape'>\n\t\t\t\t<a href='https:\/\/www.sandie-brischler.com\/wp\/wp-content\/uploads\/2017\/05\/Body-Writing_I__6_.jpg'><img loading=\"lazy\" decoding=\"async\" width=\"300\" height=\"159\" src=\"https:\/\/www.sandie-brischler.com\/wp\/wp-content\/uploads\/2017\/05\/Body-Writing_I__6_-300x159.jpg\" class=\"attachment-medium size-medium\" alt=\"\" srcset=\"https:\/\/www.sandie-brischler.com\/wp\/wp-content\/uploads\/2017\/05\/Body-Writing_I__6_-300x159.jpg 300w, https:\/\/www.sandie-brischler.com\/wp\/wp-content\/uploads\/2017\/05\/Body-Writing_I__6_-768x406.jpg 768w, https:\/\/www.sandie-brischler.com\/wp\/wp-content\/uploads\/2017\/05\/Body-Writing_I__6_.jpg 800w\" sizes=\"auto, (max-width: 300px) 100vw, 300px\" \/><\/a>\n\t\t\t<\/div><\/figure>\n\t\t<\/div>\n\n<p><img loading=\"lazy\" decoding=\"async\" class=\"wp-image-1320 aligncenter\" src=\"http:\/\/www.sandie-brischler.com\/wp\/wp-content\/uploads\/2017\/05\/BDI-300x217.jpg\" alt=\"\" width=\"565\" height=\"408\" srcset=\"https:\/\/www.sandie-brischler.com\/wp\/wp-content\/uploads\/2017\/05\/BDI-300x217.jpg 300w, https:\/\/www.sandie-brischler.com\/wp\/wp-content\/uploads\/2017\/05\/BDI-768x556.jpg 768w, https:\/\/www.sandie-brischler.com\/wp\/wp-content\/uploads\/2017\/05\/BDI.jpg 794w\" sizes=\"auto, (max-width: 565px) 100vw, 565px\" \/><\/p>\n<h2>Vid\u00e9o:<\/h2>\n<div class=\"jetpack-video-wrapper\"><iframe loading=\"lazy\" title=\"BODY-WRITING I, performance Sandie Brischler (2006)\" width=\"700\" height=\"525\" src=\"https:\/\/www.youtube.com\/embed\/VsUAjF--Yh4?feature=oembed\" frameborder=\"0\" allow=\"accelerometer; autoplay; clipboard-write; encrypted-media; gyroscope; picture-in-picture; web-share\" referrerpolicy=\"strict-origin-when-cross-origin\" allowfullscreen><\/iframe><\/div>\n<p>&nbsp;<\/p>\n","protected":false},"excerpt":{"rendered":"<p>&nbsp; ENGLISH HERE Body-Writing I a \u00e9t\u00e9 un premier travail d\u2019exp\u00e9rimentation entre corps, mati\u00e8re et signes. Cette \u00e9tape de cr\u00e9ation a \u00e9t\u00e9 r\u00e9alis\u00e9e en r\u00e9sidence \u00e0 Sch\u00f6ppingen (Allemagne) en 2006. Cette premi\u00e8re \u00e9tape de la s\u00e9rie est consid\u00e9r\u00e9e comme un travail pr\u00e9paratoire aux performances qui ont suivi &#8211; Body-Writing II,&hellip;<a class=\"read-more\" href=\"https:\/\/www.sandie-brischler.com\/wp\/?page_id=428\" rel=\"bookmark\">Continue Reading<\/a><\/p>\n","protected":false},"author":1,"featured_media":0,"parent":0,"menu_order":0,"comment_status":"closed","ping_status":"closed","template":"","meta":{"footnotes":""},"tags":[],"class_list":["post-428","page","type-page","status-publish","hentry"],"jetpack_sharing_enabled":true,"_links":{"self":[{"href":"https:\/\/www.sandie-brischler.com\/wp\/index.php?rest_route=\/wp\/v2\/pages\/428","targetHints":{"allow":["GET"]}}],"collection":[{"href":"https:\/\/www.sandie-brischler.com\/wp\/index.php?rest_route=\/wp\/v2\/pages"}],"about":[{"href":"https:\/\/www.sandie-brischler.com\/wp\/index.php?rest_route=\/wp\/v2\/types\/page"}],"author":[{"embeddable":true,"href":"https:\/\/www.sandie-brischler.com\/wp\/index.php?rest_route=\/wp\/v2\/users\/1"}],"replies":[{"embeddable":true,"href":"https:\/\/www.sandie-brischler.com\/wp\/index.php?rest_route=%2Fwp%2Fv2%2Fcomments&post=428"}],"version-history":[{"count":1,"href":"https:\/\/www.sandie-brischler.com\/wp\/index.php?rest_route=\/wp\/v2\/pages\/428\/revisions"}],"predecessor-version":[{"id":3591,"href":"https:\/\/www.sandie-brischler.com\/wp\/index.php?rest_route=\/wp\/v2\/pages\/428\/revisions\/3591"}],"wp:attachment":[{"href":"https:\/\/www.sandie-brischler.com\/wp\/index.php?rest_route=%2Fwp%2Fv2%2Fmedia&parent=428"}],"wp:term":[{"taxonomy":"post_tag","embeddable":true,"href":"https:\/\/www.sandie-brischler.com\/wp\/index.php?rest_route=%2Fwp%2Fv2%2Ftags&post=428"}],"curies":[{"name":"wp","href":"https:\/\/api.w.org\/{rel}","templated":true}]}}