{"id":495,"date":"2017-05-09T19:30:00","date_gmt":"2017-05-09T19:30:00","guid":{"rendered":"http:\/\/www.sandie-brischler.com\/wp\/?page_id=495"},"modified":"2025-10-14T13:17:11","modified_gmt":"2025-10-14T13:17:11","slug":"biography","status":"publish","type":"page","link":"https:\/\/www.sandie-brischler.com\/wp\/?page_id=495","title":{"rendered":"Biographie compl\u00e8te"},"content":{"rendered":"<div class=\"csc-textpic csc-textpic-left csc-textpic-above csc-textpic-border\">\n<div class=\"csc-textpic-imagewrap\">\n<div class=\"csc-textpic-imagecolumn\">\n<dl class=\"csc-textpic-image csc-textpic-firstcol csc-textpic-lastcol\">\n<dt><strong><span style=\"color: #ffff00;\"><a style=\"color: #ffff00;\" href=\"https:\/\/www.sandie-brischler.com\/wp\/?page_id=3619\">ENGLISH HERE<\/a><\/span><\/strong><\/dt>\n<\/dl>\n<p><img loading=\"lazy\" decoding=\"async\" class=\"alignnone wp-image-3750\" src=\"https:\/\/www.sandie-brischler.com\/wp\/wp-content\/uploads\/2025\/10\/BD-IV-5bis.jpg\" alt=\"\" width=\"411\" height=\"275\" srcset=\"https:\/\/www.sandie-brischler.com\/wp\/wp-content\/uploads\/2025\/10\/BD-IV-5bis.jpg 1613w, https:\/\/www.sandie-brischler.com\/wp\/wp-content\/uploads\/2025\/10\/BD-IV-5bis-300x201.jpg 300w, https:\/\/www.sandie-brischler.com\/wp\/wp-content\/uploads\/2025\/10\/BD-IV-5bis-1024x686.jpg 1024w, https:\/\/www.sandie-brischler.com\/wp\/wp-content\/uploads\/2025\/10\/BD-IV-5bis-768x514.jpg 768w, https:\/\/www.sandie-brischler.com\/wp\/wp-content\/uploads\/2025\/10\/BD-IV-5bis-1536x1028.jpg 1536w\" sizes=\"auto, (max-width: 411px) 100vw, 411px\" \/><\/p>\n<\/div>\n<p><span style=\"font-size: medium;\"><b>Sandie Brischler<\/b><\/span><span style=\"font-size: medium;\"> est une artiste fran\u00e7aise qui a v\u00e9cu et travaill\u00e9 en Allemagne puis au Maroc, avant de venir s\u2019installer \u00e0 Bruxelles en 2018. Apr\u00e8s des \u00e9tudes de sc\u00e9nographie, de litt\u00e9rature et de psychologie \u00e0 l\u2019universit\u00e9 de la Sorbonne \u00e0 Paris, o\u00f9 elle approfondit les rapports entre art, \u00e9criture et inconscient, elle d\u00e9bute d\u00e8s 2002 une carri\u00e8re dans la photographie puis dans les arts plastiques et visuels.<\/span><\/p>\n<\/div>\n<\/div>\n<p align=\"JUSTIFY\"><span style=\"font-size: medium;\">Ses travaux se concentrent sur la trace graphique et l\u2019univers de l\u2019\u00e9crit et du signe, en relation avec le corps. En 2005 elle remporte le prix pour la jeune cr\u00e9ation de la DRAC Champagne-Ardennes (minist\u00e8re de la culture). Elle r\u00e9alisera entre 2006 et 2018 un certain nombre de r\u00e9sidences et d\u2019expositions en solo ou en collectif avec des galeries de renomm\u00e9e internationale (entre autres, galerie F\u00f6rster \u00e0 Berlin &amp; galerie Abla Ababou \u00e0 Rabat au Maroc). <\/span><\/p>\n<p align=\"JUSTIFY\"><span style=\"font-size: medium;\">A l\u2019issue d\u2019une carri\u00e8re internationale dans les arts visuels, elle se consacre aussi \u00e0 la performance en lien avec le dessin et la trace graphique. Elle explore dans sa recherche des champs multidisciplinaires au croisement de plusieurs pratiques qui se veulent une r\u00e9flexion sur le corps et sa tra\u00e7abilit\u00e9, mais aussi sur la transversalit\u00e9 des arts, des cultures et des moyens d\u2019expression, \u00e0 travers l\u2019\u00e9criture et le dessin. Privil\u00e9giant l\u2019interaction entre diff\u00e9rentes formes d\u2019expression (arts plastiques, danse, textes, espaces sonores, images et vid\u00e9o), ses performances sont orient\u00e9es plus sp\u00e9cifiquement sur le rapport \u00e0 l\u2019\u00e9crit d\u2019un point de vue plastique et corporel, ses recherches mettent en rapport une dimension plastique et transversale qui met en jeu le corps, l\u2019espace et l\u2019image. De 2010 \u00e0 2014 elle r\u00e9alise une s\u00e9rie de performances en solo sur la th\u00e9matique du corps et du signe graphique (s\u00e9rie \u00ab<\/span><span style=\"font-size: medium;\"><i>Body-writing\u00a0<\/i><\/span><span style=\"font-size: medium;\"><i><b>\u00bb<\/b><\/i><\/span><span style=\"font-size: medium;\">) qu\u2019elle a pr\u00e9sent\u00e9 dans plusieurs festivals et \u00e9v\u00e9nements artistiques internationaux, dont l\u2019ouverture de la Biennale d\u2019art contemporain de Berlin en 2014.<\/span><\/p>\n<p align=\"JUSTIFY\"><span style=\"font-size: medium;\">Elle d\u00e9veloppe actuellement son travail de performeuse et de plasticienne par des exp\u00e9riences artistiques qui retrouvent une unit\u00e9 \u00e0 travers ses recherches performatives et visuelles. <\/span>La vid\u00e9o a aussi toujours \u00e9t\u00e9 tr\u00e8s pr\u00e9sente dans son travail. Elle a r\u00e9alis\u00e9 deux films exp\u00e9rimentaux, le premier en 2004, intitul\u00e9 \u00ab<span style=\"font-size: medium;\"><i>\u00a0Icono-Stase<\/i><\/span><span style=\"font-size: medium;\">\u00a0\u00bb, qui a \u00e9t\u00e9 s\u00e9lectionn\u00e9 au festival <\/span><span style=\"font-size: medium;\"><i><b>Videoformes<\/b><\/i><\/span><span style=\"font-size: medium;\"> de Clermond Ferrand. Plus tard en 2019 elle r\u00e9alise le documentaire exp\u00e9rimental \u00ab\u00a0<\/span><span style=\"font-size: medium;\"><i>S\u00e9mantiques du Vide\u00a0<\/i><\/span><span style=\"font-size: medium;\">\u00bb (52 min), issu de recherches performatives sur la transversalit\u00e9 artistique autour de la th\u00e9matique du Vide. L\u2019avant-premi\u00e8re a \u00e9t\u00e9 programm\u00e9e en petit comit\u00e9 au Hiba-Lab, salle de cin\u00e9ma exp\u00e9rimental \u00e0 Rabat (Maroc) en mars 2020.<\/span><\/p>\n<p align=\"JUSTIFY\"><span style=\"font-size: medium;\">\u00c9galement form\u00e9e \u00e0 l&rsquo;art-th\u00e9rapie, elle est aussi active dans le domaine p\u00e9dagogique et sa d\u00e9marche artistique a toujours \u00e9t\u00e9 fortement orient\u00e9e vers la transmission. Elle est active depuis de nombreuses ann\u00e9es \u00e9galement comme intervenante pour des stages, cours et ateliers, ayant pour objectif de d\u00e9velopper le potentiel cr\u00e9atif des personnes. En 2021, elle cr\u00e9e l&rsquo;association VorteX creatiV, un centre de cr\u00e9ativit\u00e9 et de transmission actif dans le domaine de l&rsquo;art-th\u00e9rapie, en plein coeur de Bruxelles.<\/span><\/p>\n<p>&nbsp;<\/p>\n<p>&nbsp;<\/p>\n<hr \/>\n<p><strong>\u2022 ETUDES<\/strong><br \/>\n-2013 Certification p\u00e9dagogie artistique et art-th\u00e9rapie (Campus Naturalis, Berlin)<br \/>\n-2002-04 Acad\u00e9mie des Beaux Arts de Paris, assiste aux cours de Christian Boltanski<br \/>\n-2002 MASTER et m\u00e9moire de recherche sur les relations entre Art et Psychanalyse (La Sorbonne, Paris)<br \/>\n-1999-2002 Etudes de Lettres Modernes et Art. Recherches sur le th\u00e8me \u201cEcriture et inconscient\u201d (La Sorbonne, Paris)<br \/>\n-1997-99 LICENCE Sc\u00e9nographie et Arts du spectacle (Universit\u00e9 Paris III)<\/p>\n<hr \/>\n<p><strong>\u2022 FORMATIONS COMPLEMENTAIRES<\/strong><br \/>\n-2007-2018 Formation aux techniques d\u2019improvisation transversale avec Katie Duck (Hollande), Isabelle \u00dcski (France) Maya Caroll (Isra\u00ebl), Sten R\u00fcdstrom (Allemagne)&#8230;<br \/>\n-2011-13 Formation Art-th\u00e9rapeute dipl\u00f4m\u00e9e (Campus Naturalis, Berlin)<br \/>\nTravail de recherche\u00a0: \u00abLe dessin dynamique et la pr\u00e9sence du corps dans l\u00b4acte graphique\u00bb<br \/>\n-2008-2011 Formation danse contemporaine avec Wajdi Gagui et la Compagnie Col\u2019Jam (Maroc-Tunisie)<br \/>\n-2012-2013 Stage professionnel en art-th\u00e9rapie clinique, institut psychiatrique pour enfants et adolescents. Projet artistique : \u00ab Le dessin dynamique et la pr\u00e9sence du corps dans l\u00b4acte graphique \u00bb (DRK-Kliniken Westend, Berlin)<br \/>\n-2010-2014 Formation tissus a\u00e9rien et porters acrobatiques (Ecole Vuesch, Berlin)<br \/>\n-2012-2014 Stages Danse verticale + collaborations avec la Cie Luftdan\u00e7a (Allemagne)<br \/>\n-2010-2014 Stages-formations Action-Theater (Sten R\u00fcdstrom) Berlin, Allemagne<br \/>\n-2010 Formation danse inclusive \u00ab DanceAbility, teacher certification \u00bb avec Alito Alessi (USA). Apprentissage de techniques d\u2019improvisation et de chor\u00e9graphie pour personnes avec ou sans handicap.<\/p>\n<hr \/>\n<p style=\"text-align: justify;\"><strong>\u2022 EXPOSITIONS<br \/>\n<\/strong><strong>Expositions personnelles<br \/>\n<\/strong>-2019 Projet \u00ab <em>S\u00e9mantiques du vide<\/em> \u00bb, exposition + recherches performatives<br \/>\n-2018 \u00ab <em>Ecriture(s)<\/em>\u00bb, Exposition personnelle + conf\u00e9rence + performances, Centre culturel d&rsquo;Art Louane, Rabat (Maroc)<br \/>\n-2017 Exposition Gallerie Fes, Maroc<br \/>\n-2012 Exposition et performance, Gallerie F\u00f6rster, Berlin<br \/>\n-2006 Gallerie Masterschueler, Berlin<br \/>\n-2006 Gallerie Weisser Elefant, exposition et performance vid\u00e9o \u201eBody-Writing I\u201c, Berlin<\/p>\n<p><strong>Expositions collectives<\/strong><br \/>\n-2019 Galerie Abla Ababou, Rabat (Maroc)<br \/>\n-2010 Prolog (revue litt\u00e9raire), Exposition th\u00e9matique \u00ab art et \u00e9criture \u00bb Berlin<br \/>\n-2009 Salon d\u00b4art contemporain, exposition de groupe, Essen (Allemagne)<br \/>\n-2009 Berliner Liste, Gallerie J. Hundertmark, Berlin<br \/>\n-2008 S\u00e9lection pour le Salon Montrouge (43e.ed.), Paris<br \/>\n-2008 Bourse, exposition internationale et performances en Ukraine (Zaporojie, Kiev, Odessa) organis\u00e9 par l\u00b4Alliance fran\u00e7aise de Zaporoji\u00e9, Ukraine<br \/>\n-2009 Salon d\u00b4art contemporain, exposition de groupe, Essen (Allemagne)<br \/>\n-2008 Bourse, exposition internationale et performances en Ukraine (Zaporojie, Kiev, Odessa) organis\u00e9 par l\u00b4Alliance fran\u00e7aise de Zaporoji\u00e9, Ukraine<br \/>\n-2006 Salon d\u00b4art graphique, Borken (Allemagne)<\/p>\n<hr \/>\n<p><strong>\u2022 PERFORMANCES<\/strong><br \/>\n<strong>S\u00e9rie \u00ab\u00a0<em>Body-Writing\u00a0<\/em>\u00bb<\/strong><br \/>\n-2018 Performance Body-Writing II, VDH Haus Bruxelles<br \/>\n-2016 Performance Body-Writing II, Hotel des Arts (Dar Bouazza, Maroc)<br \/>\n-2015 Performance Body-Writing IV (dessin \u2013 danse a\u00e9rienne) Villa des Arts de Rabat (festival Th\u00e9-arts)<br \/>\n-2014 Performance Body-Writing IV, Biennale d\u2019art contemporain (Berlin)<br \/>\n-2013 Performance Body-Writing III, trilogie (dur\u00e9e: 3h). Umspannwerk Berlin art festival<br \/>\n-2014 Performance Body-Writing IV, Biennale d\u2019art contemporain (Berlin)<br \/>\n-2013 Performance Body-Writing III, trilogie (dur\u00e9e: 3h). Umspannwerk Berlin, festival art contemporain<br \/>\n-2010-11 Performance \u201eBody-Writing II\u201c, Berlin (Galerie Parterre\/Performer Stammtisch, Theater Kule\/ Open Stage am Flutgraben\/ Performance Art Festival, Schillerpalais Berlin)<\/p>\n<hr \/>\n<p><strong>\u2022 ARTS VIVANTS et PROJETS PLURIDISCIPLINAIRES<\/strong><br \/>\n<strong>Cr\u00e9ations solo et collectif<\/strong><br \/>\n-2018 Danse-performance dans le cadre de l&rsquo;exposition \u00ab Ecriture(s) \u00bb Centre culturel D&rsquo;Art Louane (Rabat)<br \/>\n-2018 \u00ab MultiCorps \u00bb, performance au multicordes (danse a\u00e9rienne, textes et vid\u00e9os), Th\u00e9\u00e2tre Nomade, Casablanca<br \/>\n-2017 Performance \u201cFloating in Red\u201c, th\u00e9\u00e2tre de la FOL (Casablanca)<br \/>\n-2016 Cr\u00e9ation pluridisciplinaire collective \u201cNissi Nila\u201c, direction artistique et mise en sc\u00e8ne (Festival Migrant\u2019sc\u00e8ne en partenariat avec l\u2019association L\u2019art Lina, Rabat)<br \/>\n-2016 \u00ab Vertikal \u00bb, performance au tissus a\u00e9rien (Fabrique culturelle des anciens Abattoirs de Casablanca)<br \/>\n-2015 Performance danse et duo acrobatique (avec C. Nieber, convention europ\u00e9enne, Bosnie)<br \/>\n-2015 Performance tissus a\u00e9rien, festival et rencontre acrobatique Pologne-Allemagne<br \/>\n-2015 Performance au tissus a\u00e9rien, projet collectif \u00ab Harmonia \u00bb, danse et art contemporain (Cath\u00e9drale du Sacr\u00e9 c\u0153ur, Casablanca)<br \/>\n-2012 Performance de tissus a\u00e9rien, duo avec un danseur t\u00e9trapl\u00e9gique pour le spectacle de danse inclusive \u00ab\u00a0Endless\u201c, par la compagnie Dancing with Differences\u201d (Madeire, Portugal)<\/p>\n<hr \/>\n<p><strong>\u2022 R\u00c9SIDENCES DE CR\u00c9ATION<\/strong><br \/>\n-2019 R\u00e9sidence de recherche sur le projet \u00ab\u00a0<em>MultiCorps\u00a0\u00bb<\/em> (suspension a\u00e9rienne, textes et vid\u00e9o) Espace Catastrophe, Bruxelles<br \/>\n-2018 R\u00e9sidence de reprise de cr\u00e9ation \u00ab Nissi Nila \u00bb, recherche interdisciplinaire sur le th\u00e8me des fronti\u00e8res et de la migration (Soutien minist\u00e8re de l&rsquo;Immigration, Maroc)<br \/>\n-2017 R\u00e9sidence de recherche pour la cr\u00e9ation solo \u00ab Multicorps \u00bb\u00a0\u00a0 (danse a\u00e9rienne, vid\u00e9os, textes et cr\u00e9ation sonore) Th\u00e9\u00e2tre Nomade, fabrique culturelle Casablanca<br \/>\n-2016 R\u00e9sidence de recherche + pr\u00e9sentation, anciens abattoirs de Casablanca (Cie Kolocolo)<br \/>\n-2006 Bourse de r\u00e9sidence, dur\u00e9e 6 mois, Kunstlerdorf Sch\u00f6ppingen (Westphalie, Allemagne)<br \/>\n-2005 Maison Jules Roy, r\u00e9sidence art et litt\u00e9rature, avec J.L.Siesling (V\u00e9zelay)<br \/>\n-2004 Centre d\u2019art La Pommerie (Corr\u00e8ze). Bourse de r\u00e9sidence et publication d\u2019un premier catalogue.<\/p>\n<hr \/>\n<p><strong>\u2022 INTERPR\u00c9TATIONS (arts vivants)<\/strong><br \/>\n-2019 \u00ab Villes en voyages \u00bb, cr\u00e9ation collective pluridisciplinaire (Th\u00e9atre National Rabat, Maroc)<br \/>\n-2017 Spectacle d\u2019ouverture du festival de Casablanca, danse et tissus a\u00e9rien (Public Event et Casa Event)<br \/>\n-2017 R\u00e9sidence de cr\u00e9ation et interpr\u00e8te dans le spectacle \u201cLes Oiseaux\u201d (danse et cr\u00e9ation en a\u00e9rien), Th\u00e9\u00e2tre Nomade Casablanca, subventionn\u00e9 par le minist\u00e8re de la culture du Maroc.<br \/>\n-2016 Interpr\u00e8te dans le spectacle Loubana, mise en sc\u00e8ne Amine Boudrika (danse contemporaine)<br \/>\n-2016 Performance collective dans le cadre des \u00ab Veill\u00e9es po\u00e9tiques en M\u00e9dina\u00bb, 1\u00e8re Edition (Casablanca)<br \/>\n-2015 Interpr\u00e8te dans la performance chor\u00e9graphique \u00ab Skett \u00bb de Wajdi Gagui (Festival des Rencontres Chor\u00e9graphiques de Casablanca, Maroc)<\/p>\n<hr \/>\n<p><strong>\u2022 FESTIVALS \/ SYMPOSIUM<\/strong><br \/>\n-2016 Festival Migrant\u2019sc\u00e8ne (Rabat), cr\u00e9ation collective \u201cNissi-Nila\u201d (art et migration)<br \/>\n-2015 Festival des \u00ab Rencontres Chor\u00e9graphiques de Casablanca \u00bb, 1ere et 2e Editions<br \/>\n-2015 Convention acrobatique + performance (Karlsruhe, Allemagne)<br \/>\n-2014 Festival des artistes en campagne, performance Body-Writing II (Eglise de Savins, France)<br \/>\n-2014 Participation au MAM : Recherche interdisciplinaire et performance collective (Marocan Artists Meeting, theatre Daratakafa, Marrakech)<br \/>\n-2010 Festival DA (Direct Action), performances, Berlin<br \/>\n-2007 Festival international Byrutchi: Symposium, festival et exposition en Ukraine (Zaporoji\u00e9, Kiev, Odessa)<br \/>\n-2007 Festival \u201c <em>48 Stunden Neuk\u00f6lln<\/em>\u201c, Installation en ext\u00e9rieur sponsoris\u00e9e par Biotronik Berlin<br \/>\n-2005 Festival Videoformes (Clermont-Ferrand, France)<\/p>\n<hr \/>\n<p><strong>\u2022 PRIX ARTISTIQUE<\/strong><br \/>\n-2005 Laur\u00e9ate du Fiacre, prix pour la cr\u00e9ation, DRAC Champagne-Ardennes<br \/>\n(Minist\u00e8re de la Culture, France)<\/p>\n<h3><\/h3>\n<p>&nbsp;<\/p>\n<hr \/>\n<h3><span style=\"text-decoration: underline;\"><strong>Activit\u00e9s p\u00e9dagogiques<\/strong><\/span><\/h3>\n<p>-2019-2020 Mise en place des \u00ab ateliers exp\u00e9rimentaux \u00bb ou Ateliers de cr\u00e9ativit\u00e9, Bruxelles Saint-Gilles (centre culturel \u00ab la Buissonni\u00e8re \u00bb)<br \/>\n-2019-2020 Formatrice et enseignante \u00e0 l\u2019\u00e9cole ART-T (Bruxelles)<br \/>\n-2020 Formatrice en art-th\u00e9rapie, cycle sur 8 modules (centre culturel \u00ab la Buissonni\u00e8re \u00bb)<br \/>\n-2019 Artiste intervenante dans les \u00e9coles pour les \u00ab ateliers d\u2019art contemporains \u00bb<br \/>\n(Acad\u00e9mie royale des Beaux -Arts)<br \/>\n-2019 Ateliers \u00ab Art-Ecriture \u00bb \u00e0 l\u2019Institut Saint-Boniface (Bruxelles)<br \/>\n-2019 Enseignante \u00e0 l\u2019ISADAC (Institut sup\u00e9rieur art dramatique et sc\u00e9nographie): Stage Espace-Corps et Plasticit\u00e9 (Stage 2) + approches de la performance artistique (Rabat-Maroc)<br \/>\n-2018 Enseignante \u00e0 l\u2019ISADAC (Institut sup\u00e9rieur art dramatique et sc\u00e9nographie): Stage Espace-Corps et Plasticit\u00e9 (Stage 1) (Rabat-Maroc)<br \/>\n-2018 Formatrice arts plastiques et art th\u00e9rapie, Institut AMSAT (Rabat, Maroc)<br \/>\n-2016-2018 Formatrice \u00e0 la Fondation Inaya-Esme, cycle \u00ab Itin\u00e9rances artistiques \/ arts plastiques \u00bb (Rabat, Maroc)<br \/>\n-2016-2017 Projet artistique \u201cles Rouleaux d\u2019\u00e9criture\u201d avec les enfants de l\u2019orphelinat Akkari (Rabat). Exposition + publication de catalogue, Galerie de l\u2019Institut fran\u00e7ais de Rabat (Maroc)<br \/>\n-2017 Ateliers r\u00e9guliers et projet artistique pour migrants subsahariens mineurs. Performance collective + exposition \u201cTerres et Mati\u00e8res\u201d (Fondation orient-Occident, Rabat)<br \/>\n-2016-2017 Formatrice (cycles de formation et art-th\u00e9rapie, cr\u00e9ativit\u00e9 et p\u00e9dagogie artistique pour salari\u00e9s du domaine socio-\u00e9ducatif (Fondation ESME \/ Inaya, Rabat)<br \/>\n-2015-16 Enseignante \u00e0 l\u2019\u00e9cole Art-Com, module cr\u00e9ativit\u00e9 (Rabat, Maroc)<br \/>\n-2016 Ateliers p\u00e9dagogiques \u00ab art-\u00e9criture \u00bb, orphelinat de l\u2019Akkari (Rabat, Maroc)<br \/>\n-2015 Ateliers artistiques dessin et mouvement, Maison d\u2019enfants Akkari (Rabat, Maroc)<br \/>\n-2014-2016 Formatrice art-th\u00e9rapie (Clinique psychiatrique de Sal\u00e9, Maroc)<br \/>\n-2014-2016 Suivi des ateliers d&rsquo;art-th\u00e9rapie (Clinique psychiatrique de Sal\u00e9, Maroc)<br \/>\n-2012-2013 Atelier artistique en clinique psychiatrique, pour enfants et adolescents : \u201eDessin dynamique, corps et interactions en art th\u00e9rapie, DRK Westend, Berlin (stage de formation)<br \/>\n-2010-11 Elaboration du concept de travail \u201eEdugraphie\u201c pour p\u00e9dagogues, artistes, th\u00e9rapeutes et autres professionnels. Objectif : La pratique de l\u00b4\u00e9criture et du geste graphique dans le but de d\u00e9velopper le potentiel personnel (programme europ\u00e9en, association Art-aspects, Berlin)<br \/>\n-2010 Professeure rempla\u00e7ante \u00e0 l\u00b4\u00e9cole d\u00b4art Von Erlenbach, Berlin. R\u00e9alisation du projet \u201eCorps-Signe- Ecriture\u201c avec les \u00e9tudiants.<br \/>\n-2009 Animatrice d\u00b4ateliers d\u00b4improvisation (action-theater Berlin)<br \/>\n-2008 Organisation d\u00b4un atelier \u00ab Arts plastiques et musique \u00bb pour enfants aveugles, Berlin (Johann-August-Zeune Schule)<\/p>\n<h3><span style=\"text-decoration: underline;\"><strong>Projets \u00e9ducatifs europ\u00e9ens<\/strong><\/span><\/h3>\n<p>-2009-2012 MA-MA project: Initiatrice et coordinatrice d\u00b4un projet de partenariat europ\u00e9en sur le th\u00e8me \u201eArt et Handicap\u201c : Exp\u00e9rience d\u00b4apprentissage r\u00e9ciproque entre artistes (arts plastiques, danse, th\u00e9\u00e2tre, performance) et personnes physiquement et\/ou mentalement handicap\u00e9es. Programme \u00e9ducatif europ\u00e9en Grundvig. VOIR site internet du projet: www.mamaproject.wordpress.com<br \/>\n-2010 \u201eStrat\u00e9gies du non-savoir\u201c: S\u00e9minaire europ\u00e9en sur le processus artistique et le d\u00e9veloppement personnel. Travail en coop\u00e9ration avec B.Vierling, Lanzarote (Espagne)<br \/>\n-2009 Participation au s\u00e9minaire de contact europ\u00e9en pour \u00ab l\u00b4int\u00e9gration des groupes sociaux d\u00e9savantag\u00e9s dans le processus d\u00b4apprentissage \u00bb. Mise en place d&rsquo;un projet de partenariat avec cinq pays europ\u00e9ens. Coop\u00e9ration avec des organisations sociaux-culturelles internationales (programme Grundvig, pour l&rsquo;apprentissage tout au long de la vie)<\/p>\n<p>&nbsp;<\/p>\n<p>&nbsp;<\/p>\n<p>&nbsp;<\/p>\n<p>&nbsp;<\/p>\n","protected":false},"excerpt":{"rendered":"<p>ENGLISH HERE Sandie Brischler est une artiste fran\u00e7aise qui a v\u00e9cu et travaill\u00e9 en Allemagne puis au Maroc, avant de venir s\u2019installer \u00e0 Bruxelles en 2018. Apr\u00e8s des \u00e9tudes de sc\u00e9nographie, de litt\u00e9rature et de psychologie \u00e0 l\u2019universit\u00e9 de la Sorbonne \u00e0 Paris, o\u00f9 elle approfondit les rapports entre art,&hellip;<a class=\"read-more\" href=\"https:\/\/www.sandie-brischler.com\/wp\/?page_id=495\" rel=\"bookmark\">Continue Reading<\/a><\/p>\n","protected":false},"author":1,"featured_media":0,"parent":0,"menu_order":0,"comment_status":"closed","ping_status":"closed","template":"","meta":{"footnotes":""},"tags":[],"class_list":["post-495","page","type-page","status-publish","hentry"],"jetpack_sharing_enabled":true,"_links":{"self":[{"href":"https:\/\/www.sandie-brischler.com\/wp\/index.php?rest_route=\/wp\/v2\/pages\/495","targetHints":{"allow":["GET"]}}],"collection":[{"href":"https:\/\/www.sandie-brischler.com\/wp\/index.php?rest_route=\/wp\/v2\/pages"}],"about":[{"href":"https:\/\/www.sandie-brischler.com\/wp\/index.php?rest_route=\/wp\/v2\/types\/page"}],"author":[{"embeddable":true,"href":"https:\/\/www.sandie-brischler.com\/wp\/index.php?rest_route=\/wp\/v2\/users\/1"}],"replies":[{"embeddable":true,"href":"https:\/\/www.sandie-brischler.com\/wp\/index.php?rest_route=%2Fwp%2Fv2%2Fcomments&post=495"}],"version-history":[{"count":9,"href":"https:\/\/www.sandie-brischler.com\/wp\/index.php?rest_route=\/wp\/v2\/pages\/495\/revisions"}],"predecessor-version":[{"id":3752,"href":"https:\/\/www.sandie-brischler.com\/wp\/index.php?rest_route=\/wp\/v2\/pages\/495\/revisions\/3752"}],"wp:attachment":[{"href":"https:\/\/www.sandie-brischler.com\/wp\/index.php?rest_route=%2Fwp%2Fv2%2Fmedia&parent=495"}],"wp:term":[{"taxonomy":"post_tag","embeddable":true,"href":"https:\/\/www.sandie-brischler.com\/wp\/index.php?rest_route=%2Fwp%2Fv2%2Ftags&post=495"}],"curies":[{"name":"wp","href":"https:\/\/api.w.org\/{rel}","templated":true}]}}