{"id":507,"date":"2017-05-09T19:33:16","date_gmt":"2017-05-09T19:33:16","guid":{"rendered":"http:\/\/www.sandie-brischler.com\/wp\/?page_id=507"},"modified":"2024-07-03T18:21:49","modified_gmt":"2024-07-03T18:21:49","slug":"icono-stase","status":"publish","type":"page","link":"https:\/\/www.sandie-brischler.com\/wp\/?page_id=507","title":{"rendered":"Iconostase (2004)"},"content":{"rendered":"<h2 class=\"csc-textpic-imagecolumn\">\u00a0Installation, performance, film exp\u00e9rimental<\/h2>\n<p>&nbsp;<\/p>\n<p><img loading=\"lazy\" decoding=\"async\" class=\"alignnone wp-image-2981\" style=\"font-family: Alegreya, Georgia, serif; font-size: 1em;\" src=\"https:\/\/sandie-brischler.com\/wp\/wp-content\/uploads\/2024\/07\/ic-scaled.jpg\" alt=\"\" width=\"350\" height=\"468\" srcset=\"https:\/\/www.sandie-brischler.com\/wp\/wp-content\/uploads\/2024\/07\/ic-scaled.jpg 1916w, https:\/\/www.sandie-brischler.com\/wp\/wp-content\/uploads\/2024\/07\/ic-225x300.jpg 225w, https:\/\/www.sandie-brischler.com\/wp\/wp-content\/uploads\/2024\/07\/ic-766x1024.jpg 766w, https:\/\/www.sandie-brischler.com\/wp\/wp-content\/uploads\/2024\/07\/ic-768x1026.jpg 768w, https:\/\/www.sandie-brischler.com\/wp\/wp-content\/uploads\/2024\/07\/ic-1150x1536.jpg 1150w, https:\/\/www.sandie-brischler.com\/wp\/wp-content\/uploads\/2024\/07\/ic-1533x2048.jpg 1533w\" sizes=\"auto, (max-width: 350px) 100vw, 350px\" \/><\/p>\n<div id=\"c124\" class=\"csc-default\">\n<div class=\"csc-textpic csc-textpic-left csc-textpic-above csc-textpic-border\">\n<div class=\"csc-textpic-text\">\n<h2 class=\"bodytext\"><b><span lang=\"EN-GB\">Au d\u00e9part, une installation&#8230;\u00a0<\/span><\/b><\/h2>\n<p><strong><em>Iconostase<\/em><\/strong>\u00a0, c\u2019est au d\u00e9part une \u00ab\u00a0installation iconographique\u00a0\u00bb r\u00e9alis\u00e9e en r\u00e9sidence au Centre d\u2019Art de la Pommerie (Corr\u00e8ze, France), en 2004.<\/p>\n<p>L\u2019installation repr\u00e9sente une s\u00e9rie de 12 \u00ab\u00a0Icones\u00a0\u00bb avec \u00ab\u00a0reliques\u00a0\u00bb, qui sont des photographies dans une boite en bois, comportant des objets-souvenirs. La s\u00e9rie des 12 images s\u2019enchainent dans un ordre logique et rappellent les douze stations d\u2019un chemin de croix.<\/p>\n<p>L\u2019installation de ces ic\u00f4nes dans le Centre d\u2019Art de la Pommerie a pris une forme multidimensionnelle et pluridisciplinaire, qui a engendr\u00e9 dans l\u2019espace la pr\u00e9sence d\u2019autres \u0153uvres plastiques et photographiques, ainsi que des recherches sonores et performatives. Les images sont devenues vivantes \u00e0 travers la performance, le corps et la voix, les mots, la po\u00e9sie et les exp\u00e9riences sonores. L\u2019espace est devenu le cadre d\u2019une histoire.<\/p>\n<p>L\u2019ensemble a \u00e9t\u00e9 r\u00e9uni et reconstruit dans une \u0153uvre unique, un film exp\u00e9rimental de 20 min, le film \u00ab\u00a0<em>Iconostase\u00a0<\/em>\u00bb<em> (voir dans \u00ab\u00a0oeuvres vid\u00e9os\u00a0\u00bb) <\/em><\/p>\n<p>&nbsp;<\/p>\n<p><em>(english)<\/em><\/p>\n<h2><b><span lang=\"EN-GB\">At first, an installation&#8230;<\/span><\/b><\/h2>\n<p class=\"bodytext\"><span lang=\"EN-GB\">Icono-Stase is a serie of 12 icons, made with photography and memories objects. These 12 boxes are called Icons, and the whole series reminds the stations of a \u201croad to a cross\u201d, which has been presented in a big installation in an old barn, during a residency project in 2004.<\/span><\/p>\n<p class=\"bodytext\"><span lang=\"EN-GB\">Along the residency, this installation took some multidimensional forms and extensions, and became the frame of a story, where the pictures became alive into performances, body and voices, words, poetry and experimental sounds, to translate finally a research and a reflexion about the movement itself.<\/span><\/p>\n<p class=\"bodytext\"><span lang=\"EN-GB\">These actions took place in the frame of the original installation, and the process has been filmed, to gather and connect the whole creative space. <\/span><span lang=\"EN-GB\">Icono-Stase became later an experimental film of a movement-sounds-body performance, in the frame of an iconographic installation.<\/span><\/p>\n<p class=\"bodytext\"><a target=\"thePicture\" rel=\"noopener\"><img loading=\"lazy\" decoding=\"async\" class=\"alignnone wp-image-959\" src=\"http:\/\/www.sandie-brischler.com\/wp\/wp-content\/uploads\/2017\/05\/Icono-Stase__experimental_Film__13_-300x224.jpg\" alt=\"\" width=\"628\" height=\"469\" srcset=\"https:\/\/www.sandie-brischler.com\/wp\/wp-content\/uploads\/2017\/05\/Icono-Stase__experimental_Film__13_-300x224.jpg 300w, https:\/\/www.sandie-brischler.com\/wp\/wp-content\/uploads\/2017\/05\/Icono-Stase__experimental_Film__13_-768x574.jpg 768w, https:\/\/www.sandie-brischler.com\/wp\/wp-content\/uploads\/2017\/05\/Icono-Stase__experimental_Film__13_.jpg 800w\" sizes=\"auto, (max-width: 628px) 100vw, 628px\" \/><\/a><a target=\"thePicture\" rel=\"noopener\">\u00a0 <\/a><\/p>\n<p class=\"bodytext\"><img loading=\"lazy\" decoding=\"async\" class=\"alignnone wp-image-956 size-full\" src=\"https:\/\/sandie-brischler.com\/wp\/wp-content\/uploads\/2017\/05\/Icono-Stase__experimental_Film__10_.jpg\" alt=\"\" width=\"427\" height=\"352\" srcset=\"https:\/\/www.sandie-brischler.com\/wp\/wp-content\/uploads\/2017\/05\/Icono-Stase__experimental_Film__10_.jpg 427w, https:\/\/www.sandie-brischler.com\/wp\/wp-content\/uploads\/2017\/05\/Icono-Stase__experimental_Film__10_-300x247.jpg 300w\" sizes=\"auto, (max-width: 427px) 100vw, 427px\" \/><\/p>\n<p class=\"bodytext\"><a target=\"thePicture\" rel=\"noopener\">\u00a0\u00a0 <img loading=\"lazy\" decoding=\"async\" class=\"alignnone wp-image-960\" src=\"http:\/\/www.sandie-brischler.com\/wp\/wp-content\/uploads\/2017\/05\/Icono-Stase__experimental_Film__14_-224x300.jpg\" alt=\"\" width=\"418\" height=\"561\" srcset=\"https:\/\/www.sandie-brischler.com\/wp\/wp-content\/uploads\/2017\/05\/Icono-Stase__experimental_Film__14_-224x300.jpg 224w, https:\/\/www.sandie-brischler.com\/wp\/wp-content\/uploads\/2017\/05\/Icono-Stase__experimental_Film__14_.jpg 448w\" sizes=\"auto, (max-width: 418px) 100vw, 418px\" \/><\/a><\/p>\n<h2>\u00a0<strong>La Femme-Proth\u00e8se<\/strong><\/h2>\n<p>&nbsp;<\/p>\n<p><a target=\"thePicture\" rel=\"noopener\"><img loading=\"lazy\" decoding=\"async\" class=\"alignnone wp-image-951\" src=\"http:\/\/www.sandie-brischler.com\/wp\/wp-content\/uploads\/2017\/05\/Icono-Stase__experimental_Film__5_-224x300.jpg\" alt=\"\" width=\"165\" height=\"221\" srcset=\"https:\/\/www.sandie-brischler.com\/wp\/wp-content\/uploads\/2017\/05\/Icono-Stase__experimental_Film__5_-224x300.jpg 224w, https:\/\/www.sandie-brischler.com\/wp\/wp-content\/uploads\/2017\/05\/Icono-Stase__experimental_Film__5_.jpg 448w\" sizes=\"auto, (max-width: 165px) 100vw, 165px\" \/><\/a><a target=\"thePicture\" rel=\"noopener\">\u00a0\u00a0\u00a0\u00a0\u00a0\u00a0\u00a0\u00a0 \u00a0 \u00a0 \u00a0 \u00a0 \u00a0 \u00a0\u00a0\u00a0\u00a0\u00a0\u00a0\u00a0\u00a0\u00a0 <img loading=\"lazy\" decoding=\"async\" class=\"alignnone size-medium wp-image-950\" src=\"http:\/\/www.sandie-brischler.com\/wp\/wp-content\/uploads\/2017\/05\/Icono-Stase__experimental_Film__4_-300x224.jpg\" alt=\"\" width=\"300\" height=\"224\" srcset=\"https:\/\/www.sandie-brischler.com\/wp\/wp-content\/uploads\/2017\/05\/Icono-Stase__experimental_Film__4_-300x224.jpg 300w, https:\/\/www.sandie-brischler.com\/wp\/wp-content\/uploads\/2017\/05\/Icono-Stase__experimental_Film__4_-768x574.jpg 768w, https:\/\/www.sandie-brischler.com\/wp\/wp-content\/uploads\/2017\/05\/Icono-Stase__experimental_Film__4_.jpg 800w\" sizes=\"auto, (max-width: 300px) 100vw, 300px\" \/><\/a><\/p>\n<\/div>\n<p class=\"bodytext\"><a target=\"thePicture\" rel=\"noopener\"><img loading=\"lazy\" decoding=\"async\" class=\"alignnone wp-image-952\" src=\"http:\/\/www.sandie-brischler.com\/wp\/wp-content\/uploads\/2017\/05\/Icono-Stase__experimental_Film__6_-224x300.jpg\" alt=\"\" width=\"309\" height=\"414\" srcset=\"https:\/\/www.sandie-brischler.com\/wp\/wp-content\/uploads\/2017\/05\/Icono-Stase__experimental_Film__6_-224x300.jpg 224w, https:\/\/www.sandie-brischler.com\/wp\/wp-content\/uploads\/2017\/05\/Icono-Stase__experimental_Film__6_.jpg 448w\" sizes=\"auto, (max-width: 309px) 100vw, 309px\" \/><\/a><a target=\"thePicture\" rel=\"noopener\">\u00a0\u00a0\u00a0\u00a0\u00a0\u00a0 <\/a><a target=\"thePicture\" rel=\"noopener\"><img loading=\"lazy\" decoding=\"async\" class=\"alignnone wp-image-949\" src=\"http:\/\/www.sandie-brischler.com\/wp\/wp-content\/uploads\/2017\/05\/Icono-Stase__experimental_Film__3_-224x300.jpg\" alt=\"\" width=\"309\" height=\"414\" srcset=\"https:\/\/www.sandie-brischler.com\/wp\/wp-content\/uploads\/2017\/05\/Icono-Stase__experimental_Film__3_-224x300.jpg 224w, https:\/\/www.sandie-brischler.com\/wp\/wp-content\/uploads\/2017\/05\/Icono-Stase__experimental_Film__3_.jpg 448w\" sizes=\"auto, (max-width: 309px) 100vw, 309px\" \/>\u00a0\u00a0 <\/a><\/p>\n<p><a target=\"thePicture\" rel=\"noopener\">\u00a0<\/a><a target=\"thePicture\" rel=\"noopener\">\u00a0\u00a0<\/a><a target=\"thePicture\" rel=\"noopener\">\u00a0\u00a0\u00a0\u00a0\u00a0\u00a0\u00a0\u00a0\u00a0\u00a0\u00a0 <\/a><\/p>\n<\/div>\n<\/div>\n<div id=\"c123\" class=\"csc-default\"><\/div>\n<div id=\"c125\" class=\"csc-default\">\n<div class=\"csc-textpic csc-textpic-left csc-textpic-above csc-textpic-border\"><\/div>\n<div class=\"csc-textpic csc-textpic-left csc-textpic-above csc-textpic-border\">\n<h1 class=\"bodytext\"><\/h1>\n<div class=\"csc-textpic-text\">\n<h1 class=\"bodytext\">12 Ic\u00f4nes<\/h1>\n<\/div>\n<\/div>\n<\/div>\n<div id=\"c126\" class=\"csc-default\">\n<div class=\"csc-header csc-header-n4\"><\/div>\n<div class=\"csc-textpic csc-textpic-left csc-textpic-above csc-textpic-border\">\n<div class=\"csc-textpic-imagewrap\">\n<div class=\"csc-textpic-imagecolumn\">\n<p><a target=\"thePicture\" rel=\"noopener\">\u00a0 <\/a><a target=\"thePicture\" rel=\"noopener\"><img loading=\"lazy\" decoding=\"async\" class=\"alignnone wp-image-938\" src=\"http:\/\/www.sandie-brischler.com\/wp\/wp-content\/uploads\/2017\/05\/icone__3_-182x300.jpg\" alt=\"\" width=\"206\" height=\"340\" srcset=\"https:\/\/www.sandie-brischler.com\/wp\/wp-content\/uploads\/2017\/05\/icone__3_-182x300.jpg 182w, https:\/\/www.sandie-brischler.com\/wp\/wp-content\/uploads\/2017\/05\/icone__3_.jpg 363w\" sizes=\"auto, (max-width: 206px) 100vw, 206px\" \/>\u00a0\u00a0\u00a0 <\/a><a target=\"thePicture\" rel=\"noopener\"><img loading=\"lazy\" decoding=\"async\" class=\"alignnone wp-image-937\" src=\"http:\/\/www.sandie-brischler.com\/wp\/wp-content\/uploads\/2017\/05\/icone__2_-185x300.jpg\" alt=\"\" width=\"210\" height=\"340\" srcset=\"https:\/\/www.sandie-brischler.com\/wp\/wp-content\/uploads\/2017\/05\/icone__2_-185x300.jpg 185w, https:\/\/www.sandie-brischler.com\/wp\/wp-content\/uploads\/2017\/05\/icone__2_.jpg 369w\" sizes=\"auto, (max-width: 210px) 100vw, 210px\" \/><\/a><a target=\"thePicture\" rel=\"noopener\">\u00a0\u00a0\u00a0 <img loading=\"lazy\" decoding=\"async\" class=\"alignnone wp-image-941\" src=\"http:\/\/www.sandie-brischler.com\/wp\/wp-content\/uploads\/2017\/05\/icone__6_-184x300.jpg\" alt=\"\" width=\"207\" height=\"338\" srcset=\"https:\/\/www.sandie-brischler.com\/wp\/wp-content\/uploads\/2017\/05\/icone__6_-184x300.jpg 184w, https:\/\/www.sandie-brischler.com\/wp\/wp-content\/uploads\/2017\/05\/icone__6_.jpg 367w\" sizes=\"auto, (max-width: 207px) 100vw, 207px\" \/><\/a><\/p>\n<p><a target=\"thePicture\" rel=\"noopener\">\u00a0<img loading=\"lazy\" decoding=\"async\" class=\"alignnone wp-image-945\" src=\"http:\/\/www.sandie-brischler.com\/wp\/wp-content\/uploads\/2017\/05\/icone__10_-1-183x300.jpg\" alt=\"\" width=\"209\" height=\"343\" srcset=\"https:\/\/www.sandie-brischler.com\/wp\/wp-content\/uploads\/2017\/05\/icone__10_-1-183x300.jpg 183w, https:\/\/www.sandie-brischler.com\/wp\/wp-content\/uploads\/2017\/05\/icone__10_-1.jpg 365w\" sizes=\"auto, (max-width: 209px) 100vw, 209px\" \/><\/a><a target=\"thePicture\" rel=\"noopener\">\u00a0 \u00a0\u00a0 <img loading=\"lazy\" decoding=\"async\" class=\"alignnone wp-image-935\" src=\"http:\/\/www.sandie-brischler.com\/wp\/wp-content\/uploads\/2017\/05\/icone-185x300.jpg\" alt=\"\" width=\"211\" height=\"342\" srcset=\"https:\/\/www.sandie-brischler.com\/wp\/wp-content\/uploads\/2017\/05\/icone-185x300.jpg 185w, https:\/\/www.sandie-brischler.com\/wp\/wp-content\/uploads\/2017\/05\/icone.jpg 370w\" sizes=\"auto, (max-width: 211px) 100vw, 211px\" \/> \u00a0\u00a0\u00a0 <img loading=\"lazy\" decoding=\"async\" class=\"alignnone wp-image-942\" src=\"http:\/\/www.sandie-brischler.com\/wp\/wp-content\/uploads\/2017\/05\/icone__7_-180x300.jpg\" alt=\"\" width=\"205\" height=\"342\" srcset=\"https:\/\/www.sandie-brischler.com\/wp\/wp-content\/uploads\/2017\/05\/icone__7_-180x300.jpg 180w, https:\/\/www.sandie-brischler.com\/wp\/wp-content\/uploads\/2017\/05\/icone__7_.jpg 360w\" sizes=\"auto, (max-width: 205px) 100vw, 205px\" \/><\/a><\/p>\n<p><a target=\"thePicture\" rel=\"noopener\">\u00a0 <img loading=\"lazy\" decoding=\"async\" class=\"alignnone wp-image-946\" src=\"http:\/\/www.sandie-brischler.com\/wp\/wp-content\/uploads\/2017\/05\/icone__11_-185x300.jpg\" alt=\"\" width=\"212\" height=\"344\" srcset=\"https:\/\/www.sandie-brischler.com\/wp\/wp-content\/uploads\/2017\/05\/icone__11_-185x300.jpg 185w, https:\/\/www.sandie-brischler.com\/wp\/wp-content\/uploads\/2017\/05\/icone__11_.jpg 369w\" sizes=\"auto, (max-width: 212px) 100vw, 212px\" \/><\/a><a target=\"thePicture\" rel=\"noopener\">\u00a0\u00a0\u00a0 <img loading=\"lazy\" decoding=\"async\" class=\"alignnone wp-image-939\" src=\"http:\/\/www.sandie-brischler.com\/wp\/wp-content\/uploads\/2017\/05\/icone__4_-183x300.jpg\" alt=\"\" width=\"209\" height=\"342\" \/><\/a><a target=\"thePicture\" rel=\"noopener\">\u00a0\u00a0\u00a0\u00a0 <img loading=\"lazy\" decoding=\"async\" class=\"alignnone wp-image-936\" src=\"http:\/\/www.sandie-brischler.com\/wp\/wp-content\/uploads\/2017\/05\/icone__1_-182x300.jpg\" alt=\"\" width=\"208\" height=\"342\" srcset=\"https:\/\/www.sandie-brischler.com\/wp\/wp-content\/uploads\/2017\/05\/icone__1_-182x300.jpg 182w, https:\/\/www.sandie-brischler.com\/wp\/wp-content\/uploads\/2017\/05\/icone__1_.jpg 364w\" sizes=\"auto, (max-width: 208px) 100vw, 208px\" \/><\/a><\/p>\n<p><a target=\"thePicture\" rel=\"noopener\">\u00a0 <img loading=\"lazy\" decoding=\"async\" class=\"alignnone wp-image-940\" src=\"http:\/\/www.sandie-brischler.com\/wp\/wp-content\/uploads\/2017\/05\/icone__5_-180x300.jpg\" alt=\"\" width=\"211\" height=\"352\" srcset=\"https:\/\/www.sandie-brischler.com\/wp\/wp-content\/uploads\/2017\/05\/icone__5_-180x300.jpg 180w, https:\/\/www.sandie-brischler.com\/wp\/wp-content\/uploads\/2017\/05\/icone__5_.jpg 359w\" sizes=\"auto, (max-width: 211px) 100vw, 211px\" \/><\/a><a target=\"thePicture\" rel=\"noopener\">\u00a0\u00a0\u00a0 <img loading=\"lazy\" decoding=\"async\" class=\"alignnone wp-image-944\" src=\"http:\/\/www.sandie-brischler.com\/wp\/wp-content\/uploads\/2017\/05\/icone__9_-183x300.jpg\" alt=\"\" width=\"213\" height=\"350\" srcset=\"https:\/\/www.sandie-brischler.com\/wp\/wp-content\/uploads\/2017\/05\/icone__9_-183x300.jpg 183w, https:\/\/www.sandie-brischler.com\/wp\/wp-content\/uploads\/2017\/05\/icone__9_.jpg 366w\" sizes=\"auto, (max-width: 213px) 100vw, 213px\" \/><\/a><a target=\"thePicture\" rel=\"noopener\">\u00a0\u00a0\u00a0 <img loading=\"lazy\" decoding=\"async\" class=\"alignnone wp-image-943\" src=\"http:\/\/www.sandie-brischler.com\/wp\/wp-content\/uploads\/2017\/05\/icone__8_-181x300.jpg\" alt=\"\" width=\"211\" height=\"350\" srcset=\"https:\/\/www.sandie-brischler.com\/wp\/wp-content\/uploads\/2017\/05\/icone__8_-181x300.jpg 181w, https:\/\/www.sandie-brischler.com\/wp\/wp-content\/uploads\/2017\/05\/icone__8_.jpg 361w\" sizes=\"auto, (max-width: 211px) 100vw, 211px\" \/><\/a><\/p>\n<p class=\"bodytext\"><em>\u00a0Bo\u00eetes 120X60cm, peinture acrylique sur photographie, objets divers<br \/>\n<\/em><\/p>\n<\/div>\n<\/div>\n<\/div>\n<\/div>\n<div id=\"c126\" class=\"csc-default\"><\/div>\n<div><\/div>\n<div><\/div>\n<div id=\"c126\" class=\"csc-default\">\n<div><\/div>\n<div class=\"csc-textpic csc-textpic-left csc-textpic-above csc-textpic-border\">\n<div class=\"csc-textpic-imagewrap\">\n<div class=\"csc-textpic-imagecolumn\">\n<h1 class=\"bodytext\"><strong>\u00a012\u00a0 Reliques<\/strong><\/h1>\n<p>&nbsp;<\/p>\n<\/div>\n<\/div>\n<\/div>\n<div class=\"csc-textpic-clear\"><a target=\"thePicture\" rel=\"noopener\"><img loading=\"lazy\" decoding=\"async\" class=\"alignnone wp-image-934\" src=\"http:\/\/www.sandie-brischler.com\/wp\/wp-content\/uploads\/2017\/05\/12_Reliques-200x300.jpg\" alt=\"\" width=\"635\" height=\"953\" srcset=\"https:\/\/www.sandie-brischler.com\/wp\/wp-content\/uploads\/2017\/05\/12_Reliques-200x300.jpg 200w, https:\/\/www.sandie-brischler.com\/wp\/wp-content\/uploads\/2017\/05\/12_Reliques.jpg 400w\" sizes=\"auto, (max-width: 635px) 100vw, 635px\" \/><\/a><\/div>\n<\/div>\n<div id=\"c127\" class=\"csc-default\">\n<div class=\"csc-textpic csc-textpic-left csc-textpic-above csc-textpic-border\">\n<div class=\"csc-textpic-imagewrap csc-textpic-single-image\"><\/div>\n<div class=\"csc-textpic-text\">\n<p class=\"bodytext\"><strong><em>\u00ab\u00a0Reliques\u00a0\u00bb<\/em><\/strong>,\u00a0 moulages et objets divers<\/p>\n<\/div>\n<\/div>\n<\/div>\n<p>&nbsp;<\/p>\n","protected":false},"excerpt":{"rendered":"<p>\u00a0Installation, performance, film exp\u00e9rimental &nbsp; Au d\u00e9part, une installation&#8230;\u00a0 Iconostase\u00a0, c\u2019est au d\u00e9part une \u00ab\u00a0installation iconographique\u00a0\u00bb r\u00e9alis\u00e9e en r\u00e9sidence au Centre d\u2019Art de la Pommerie (Corr\u00e8ze, France), en 2004. L\u2019installation repr\u00e9sente une s\u00e9rie de 12 \u00ab\u00a0Icones\u00a0\u00bb avec \u00ab\u00a0reliques\u00a0\u00bb, qui sont des photographies dans une boite en bois, comportant des objets-souvenirs.&hellip;<a class=\"read-more\" href=\"https:\/\/www.sandie-brischler.com\/wp\/?page_id=507\" rel=\"bookmark\">Continue Reading<\/a><\/p>\n","protected":false},"author":1,"featured_media":0,"parent":0,"menu_order":0,"comment_status":"closed","ping_status":"closed","template":"","meta":{"footnotes":""},"tags":[],"class_list":["post-507","page","type-page","status-publish","hentry"],"jetpack_sharing_enabled":true,"_links":{"self":[{"href":"https:\/\/www.sandie-brischler.com\/wp\/index.php?rest_route=\/wp\/v2\/pages\/507","targetHints":{"allow":["GET"]}}],"collection":[{"href":"https:\/\/www.sandie-brischler.com\/wp\/index.php?rest_route=\/wp\/v2\/pages"}],"about":[{"href":"https:\/\/www.sandie-brischler.com\/wp\/index.php?rest_route=\/wp\/v2\/types\/page"}],"author":[{"embeddable":true,"href":"https:\/\/www.sandie-brischler.com\/wp\/index.php?rest_route=\/wp\/v2\/users\/1"}],"replies":[{"embeddable":true,"href":"https:\/\/www.sandie-brischler.com\/wp\/index.php?rest_route=%2Fwp%2Fv2%2Fcomments&post=507"}],"version-history":[{"count":0,"href":"https:\/\/www.sandie-brischler.com\/wp\/index.php?rest_route=\/wp\/v2\/pages\/507\/revisions"}],"wp:attachment":[{"href":"https:\/\/www.sandie-brischler.com\/wp\/index.php?rest_route=%2Fwp%2Fv2%2Fmedia&parent=507"}],"wp:term":[{"taxonomy":"post_tag","embeddable":true,"href":"https:\/\/www.sandie-brischler.com\/wp\/index.php?rest_route=%2Fwp%2Fv2%2Ftags&post=507"}],"curies":[{"name":"wp","href":"https:\/\/api.w.org\/{rel}","templated":true}]}}