{"id":510,"date":"2017-05-09T19:33:29","date_gmt":"2017-05-09T19:33:29","guid":{"rendered":"http:\/\/www.sandie-brischler.com\/wp\/?page_id=510"},"modified":"2017-11-23T17:50:31","modified_gmt":"2017-11-23T17:50:31","slug":"anticorps","status":"publish","type":"page","link":"https:\/\/www.sandie-brischler.com\/wp\/?page_id=510","title":{"rendered":"Anticorps (2006)"},"content":{"rendered":"<p><img loading=\"lazy\" decoding=\"async\" class=\"alignnone size-medium wp-image-1072\" src=\"http:\/\/www.sandie-brischler.com\/wp\/wp-content\/uploads\/2017\/05\/Anticorps_-_2004__1_-300x225.jpg\" alt=\"\" width=\"300\" height=\"225\" srcset=\"https:\/\/sandie-brischler.com\/wp\/wp-content\/uploads\/2017\/05\/Anticorps_-_2004__1_-300x225.jpg 300w, https:\/\/sandie-brischler.com\/wp\/wp-content\/uploads\/2017\/05\/Anticorps_-_2004__1_.jpg 640w\" sizes=\"auto, (max-width: 300px) 100vw, 300px\" \/>\u00a0\u00a0\u00a0\u00a0\u00a0\u00a0\u00a0\u00a0\u00a0\u00a0\u00a0\u00a0\u00a0\u00a0 <img loading=\"lazy\" decoding=\"async\" class=\"alignnone size-medium wp-image-1073\" src=\"http:\/\/www.sandie-brischler.com\/wp\/wp-content\/uploads\/2017\/05\/Anticorps_-_2004__2_-300x225.jpg\" alt=\"\" width=\"300\" height=\"225\" srcset=\"https:\/\/sandie-brischler.com\/wp\/wp-content\/uploads\/2017\/05\/Anticorps_-_2004__2_-300x225.jpg 300w, https:\/\/sandie-brischler.com\/wp\/wp-content\/uploads\/2017\/05\/Anticorps_-_2004__2_.jpg 640w\" sizes=\"auto, (max-width: 300px) 100vw, 300px\" \/><\/p>\n<p><img loading=\"lazy\" decoding=\"async\" class=\"alignnone size-medium wp-image-1074\" src=\"http:\/\/www.sandie-brischler.com\/wp\/wp-content\/uploads\/2017\/05\/Anticorps_-_2004__3_-300x225.jpg\" alt=\"\" width=\"300\" height=\"225\" srcset=\"https:\/\/sandie-brischler.com\/wp\/wp-content\/uploads\/2017\/05\/Anticorps_-_2004__3_-300x225.jpg 300w, https:\/\/sandie-brischler.com\/wp\/wp-content\/uploads\/2017\/05\/Anticorps_-_2004__3_.jpg 640w\" sizes=\"auto, (max-width: 300px) 100vw, 300px\" \/>\u00a0\u00a0\u00a0\u00a0\u00a0\u00a0\u00a0\u00a0\u00a0\u00a0\u00a0\u00a0\u00a0\u00a0 <img loading=\"lazy\" decoding=\"async\" class=\"alignnone size-medium wp-image-1075\" src=\"http:\/\/www.sandie-brischler.com\/wp\/wp-content\/uploads\/2017\/05\/Anticorps_-_2004__4_-300x225.jpg\" alt=\"\" width=\"300\" height=\"225\" srcset=\"https:\/\/sandie-brischler.com\/wp\/wp-content\/uploads\/2017\/05\/Anticorps_-_2004__4_-300x225.jpg 300w, https:\/\/sandie-brischler.com\/wp\/wp-content\/uploads\/2017\/05\/Anticorps_-_2004__4_.jpg 640w\" sizes=\"auto, (max-width: 300px) 100vw, 300px\" \/><\/p>\n<div class=\"jetpack-video-wrapper\"><iframe loading=\"lazy\" title=\"ANTICORPS, vid\u00e9o exp\u00e9rimentale (Sandie Brischler, 2006)\" src=\"https:\/\/player.vimeo.com\/video\/244229822?dnt=1&amp;app_id=122963\" width=\"640\" height=\"480\" frameborder=\"0\" allow=\"autoplay; fullscreen; picture-in-picture; clipboard-write\"><\/iframe><\/div>\n<p>Vid\u00e9o exp\u00e9rimentale r\u00e9alis\u00e9e avec une poup\u00e9e et des proth\u00e8ses.<\/p>\n<p>-Voix: J.L. Siesling (Lecture: <em>Les dysfonctions de l&rsquo;organe visuel)<\/em><\/p>\n<p>-Dur\u00e9e: 6 min.<\/p>\n","protected":false},"excerpt":{"rendered":"<p>\u00a0\u00a0\u00a0\u00a0\u00a0\u00a0\u00a0\u00a0\u00a0\u00a0\u00a0\u00a0\u00a0\u00a0 \u00a0\u00a0\u00a0\u00a0\u00a0\u00a0\u00a0\u00a0\u00a0\u00a0\u00a0\u00a0\u00a0\u00a0 Vid\u00e9o exp\u00e9rimentale r\u00e9alis\u00e9e avec une poup\u00e9e et des proth\u00e8ses. -Voix: J.L. Siesling (Lecture: Les dysfonctions de l&rsquo;organe visuel) -Dur\u00e9e: 6 min.<\/p>\n","protected":false},"author":1,"featured_media":0,"parent":0,"menu_order":0,"comment_status":"closed","ping_status":"closed","template":"","meta":{"footnotes":""},"tags":[],"class_list":["post-510","page","type-page","status-publish","hentry"],"jetpack_sharing_enabled":true,"_links":{"self":[{"href":"https:\/\/www.sandie-brischler.com\/wp\/index.php?rest_route=\/wp\/v2\/pages\/510","targetHints":{"allow":["GET"]}}],"collection":[{"href":"https:\/\/www.sandie-brischler.com\/wp\/index.php?rest_route=\/wp\/v2\/pages"}],"about":[{"href":"https:\/\/www.sandie-brischler.com\/wp\/index.php?rest_route=\/wp\/v2\/types\/page"}],"author":[{"embeddable":true,"href":"https:\/\/www.sandie-brischler.com\/wp\/index.php?rest_route=\/wp\/v2\/users\/1"}],"replies":[{"embeddable":true,"href":"https:\/\/www.sandie-brischler.com\/wp\/index.php?rest_route=%2Fwp%2Fv2%2Fcomments&post=510"}],"version-history":[{"count":0,"href":"https:\/\/www.sandie-brischler.com\/wp\/index.php?rest_route=\/wp\/v2\/pages\/510\/revisions"}],"wp:attachment":[{"href":"https:\/\/www.sandie-brischler.com\/wp\/index.php?rest_route=%2Fwp%2Fv2%2Fmedia&parent=510"}],"wp:term":[{"taxonomy":"post_tag","embeddable":true,"href":"https:\/\/www.sandie-brischler.com\/wp\/index.php?rest_route=%2Fwp%2Fv2%2Ftags&post=510"}],"curies":[{"name":"wp","href":"https:\/\/api.w.org\/{rel}","templated":true}]}}